{"id":1020,"date":"2021-01-04T18:28:28","date_gmt":"2021-01-04T18:28:28","guid":{"rendered":"https:\/\/www.kwsantiques.de\/?page_id=1020"},"modified":"2021-01-04T18:32:59","modified_gmt":"2021-01-04T18:32:59","slug":"gusseiserne-modellkanone-auf-festungslafette","status":"publish","type":"page","link":"https:\/\/www.kwsantiques.de\/?page_id=1020&lang=de","title":{"rendered":"Gusseiserne Modellkanone auf Festungslafette"},"content":{"rendered":"\t\t<div data-elementor-type=\"wp-page\" data-elementor-id=\"1020\" class=\"elementor elementor-1020\">\n\t\t\t\t\t\t<section class=\"elementor-section elementor-top-section elementor-element elementor-element-2be56188 elementor-section-boxed elementor-section-height-default elementor-section-height-default\" data-id=\"2be56188\" data-element_type=\"section\" data-e-type=\"section\">\n\t\t\t\t\t\t<div class=\"elementor-container elementor-column-gap-default\">\n\t\t\t\t\t<div class=\"elementor-column elementor-col-100 elementor-top-column elementor-element elementor-element-4563dad8\" data-id=\"4563dad8\" data-element_type=\"column\" data-e-type=\"column\">\n\t\t\t<div class=\"elementor-widget-wrap elementor-element-populated\">\n\t\t\t\t\t\t<div class=\"elementor-element elementor-element-28bd49f9 elementor-widget elementor-widget-spacer\" data-id=\"28bd49f9\" data-element_type=\"widget\" data-e-type=\"widget\" data-widget_type=\"spacer.default\">\n\t\t\t\t<div class=\"elementor-widget-container\">\n\t\t\t\t\t\t\t<div class=\"elementor-spacer\">\n\t\t\t<div class=\"elementor-spacer-inner\"><\/div>\n\t\t<\/div>\n\t\t\t\t\t\t<\/div>\n\t\t\t\t<\/div>\n\t\t\t\t\t<\/div>\n\t\t<\/div>\n\t\t\t\t\t<\/div>\n\t\t<\/section>\n\t\t\t\t<section class=\"elementor-section elementor-top-section elementor-element elementor-element-7af93f88 elementor-section-stretched elementor-section-boxed elementor-section-height-default elementor-section-height-default\" data-id=\"7af93f88\" data-element_type=\"section\" data-e-type=\"section\" data-settings=\"{&quot;stretch_section&quot;:&quot;section-stretched&quot;,&quot;background_background&quot;:&quot;classic&quot;}\">\n\t\t\t\t\t\t<div class=\"elementor-container elementor-column-gap-default\">\n\t\t\t\t\t<div class=\"elementor-column elementor-col-100 elementor-top-column elementor-element elementor-element-513756b2\" data-id=\"513756b2\" data-element_type=\"column\" data-e-type=\"column\">\n\t\t\t<div class=\"elementor-widget-wrap elementor-element-populated\">\n\t\t\t\t\t\t<div class=\"elementor-element elementor-element-1e93852 elementor-widget elementor-widget-image-gallery\" data-id=\"1e93852\" data-element_type=\"widget\" data-e-type=\"widget\" data-widget_type=\"image-gallery.default\">\n\t\t\t\t<div class=\"elementor-widget-container\">\n\t\t\t\t\t\t\t<div class=\"elementor-image-gallery\">\n\t\t\t<div id='gallery-1' class='gallery galleryid-1020 gallery-columns-3 gallery-size-medium'><figure class='gallery-item'>\n\t\t\t<div class='gallery-icon landscape'>\n\t\t\t\t<a data-elementor-open-lightbox=\"yes\" data-elementor-lightbox-slideshow=\"1e93852\" data-elementor-lightbox-title=\"h227-7647\" data-e-action-hash=\"#elementor-action%3Aaction%3Dlightbox%26settings%3DeyJpZCI6NDgyLCJ1cmwiOiJodHRwczpcL1wvd3d3Lmt3c2FudGlxdWVzLmRlXC93cC1jb250ZW50XC91cGxvYWRzXC8yMDIwXC8xMlwvaDIyNy03NjQ3LmpwZyIsInNsaWRlc2hvdyI6IjFlOTM4NTIifQ%3D%3D\" href='https:\/\/www.kwsantiques.de\/wp-content\/uploads\/2020\/12\/h227-7647.jpg'><img fetchpriority=\"high\" decoding=\"async\" width=\"300\" height=\"200\" src=\"https:\/\/www.kwsantiques.de\/wp-content\/uploads\/2020\/12\/h227-7647-300x200.jpg\" class=\"attachment-medium size-medium\" alt=\"\" srcset=\"https:\/\/www.kwsantiques.de\/wp-content\/uploads\/2020\/12\/h227-7647-300x200.jpg 300w, https:\/\/www.kwsantiques.de\/wp-content\/uploads\/2020\/12\/h227-7647-768x512.jpg 768w, https:\/\/www.kwsantiques.de\/wp-content\/uploads\/2020\/12\/h227-7647.jpg 800w\" sizes=\"100vw\" \/><\/a>\n\t\t\t<\/div><\/figure><figure class='gallery-item'>\n\t\t\t<div class='gallery-icon landscape'>\n\t\t\t\t<a data-elementor-open-lightbox=\"yes\" data-elementor-lightbox-slideshow=\"1e93852\" data-elementor-lightbox-title=\"h227-7648\" data-e-action-hash=\"#elementor-action%3Aaction%3Dlightbox%26settings%3DeyJpZCI6NTI1LCJ1cmwiOiJodHRwczpcL1wvd3d3Lmt3c2FudGlxdWVzLmRlXC93cC1jb250ZW50XC91cGxvYWRzXC8yMDIwXC8xMlwvaDIyNy03NjQ4LmpwZyIsInNsaWRlc2hvdyI6IjFlOTM4NTIifQ%3D%3D\" href='https:\/\/www.kwsantiques.de\/wp-content\/uploads\/2020\/12\/h227-7648.jpg'><img decoding=\"async\" width=\"300\" height=\"200\" src=\"https:\/\/www.kwsantiques.de\/wp-content\/uploads\/2020\/12\/h227-7648-300x200.jpg\" class=\"attachment-medium size-medium\" alt=\"\" srcset=\"https:\/\/www.kwsantiques.de\/wp-content\/uploads\/2020\/12\/h227-7648-300x200.jpg 300w, https:\/\/www.kwsantiques.de\/wp-content\/uploads\/2020\/12\/h227-7648-768x512.jpg 768w, https:\/\/www.kwsantiques.de\/wp-content\/uploads\/2020\/12\/h227-7648.jpg 800w\" sizes=\"100vw\" \/><\/a>\n\t\t\t<\/div><\/figure><figure class='gallery-item'>\n\t\t\t<div class='gallery-icon landscape'>\n\t\t\t\t<a data-elementor-open-lightbox=\"yes\" data-elementor-lightbox-slideshow=\"1e93852\" data-elementor-lightbox-title=\"h227-7649\" data-e-action-hash=\"#elementor-action%3Aaction%3Dlightbox%26settings%3DeyJpZCI6NTI2LCJ1cmwiOiJodHRwczpcL1wvd3d3Lmt3c2FudGlxdWVzLmRlXC93cC1jb250ZW50XC91cGxvYWRzXC8yMDIwXC8xMlwvaDIyNy03NjQ5LmpwZyIsInNsaWRlc2hvdyI6IjFlOTM4NTIifQ%3D%3D\" href='https:\/\/www.kwsantiques.de\/wp-content\/uploads\/2020\/12\/h227-7649.jpg'><img decoding=\"async\" width=\"300\" height=\"200\" src=\"https:\/\/www.kwsantiques.de\/wp-content\/uploads\/2020\/12\/h227-7649-300x200.jpg\" class=\"attachment-medium size-medium\" alt=\"\" srcset=\"https:\/\/www.kwsantiques.de\/wp-content\/uploads\/2020\/12\/h227-7649-300x200.jpg 300w, https:\/\/www.kwsantiques.de\/wp-content\/uploads\/2020\/12\/h227-7649-768x512.jpg 768w, https:\/\/www.kwsantiques.de\/wp-content\/uploads\/2020\/12\/h227-7649.jpg 800w\" sizes=\"100vw\" \/><\/a>\n\t\t\t<\/div><\/figure>\n\t\t<\/div>\n\t\t<\/div>\n\t\t\t\t\t\t<\/div>\n\t\t\t\t<\/div>\n\t\t\t\t\t<\/div>\n\t\t<\/div>\n\t\t\t\t\t<\/div>\n\t\t<\/section>\n\t\t\t\t<section class=\"elementor-section elementor-top-section elementor-element elementor-element-2567e07b elementor-section-stretched elementor-section-boxed elementor-section-height-default elementor-section-height-default\" data-id=\"2567e07b\" data-element_type=\"section\" data-e-type=\"section\" data-settings=\"{&quot;stretch_section&quot;:&quot;section-stretched&quot;}\">\n\t\t\t\t\t\t<div class=\"elementor-container elementor-column-gap-default\">\n\t\t\t\t\t<div class=\"elementor-column elementor-col-100 elementor-top-column elementor-element elementor-element-350be29a\" data-id=\"350be29a\" data-element_type=\"column\" data-e-type=\"column\">\n\t\t\t<div class=\"elementor-widget-wrap elementor-element-populated\">\n\t\t\t\t\t\t<div class=\"elementor-element elementor-element-196fb276 elementor-widget elementor-widget-text-editor\" data-id=\"196fb276\" data-element_type=\"widget\" data-e-type=\"widget\" data-widget_type=\"text-editor.default\">\n\t\t\t\t<div class=\"elementor-widget-container\">\n\t\t\t\t\t\t\t\t\t<p>Antikes gusseisernes Kanonenrohr\u00a0auf einer Festungslafette von Willy Schr\u00f6ter. Der R\u00fccksto\u00df des Schusses wird durch einen gegenl\u00e4ufigen Schlitten abgefangen. L\u00e4nge des Rohres 28,5cm, Kaliber 2cm. Schiessbar.<\/p><p>Artikel H227. 500EUR.<\/p>\t\t\t\t\t\t\t\t<\/div>\n\t\t\t\t<\/div>\n\t\t\t\t\t<\/div>\n\t\t<\/div>\n\t\t\t\t\t<\/div>\n\t\t<\/section>\n\t\t\t\t<\/div>\n\t\t","protected":false},"excerpt":{"rendered":"<p>Antikes gusseisernes Kanonenrohr\u00a0auf einer Festungslafette von Willy Schr\u00f6ter. Der R\u00fccksto\u00df des Schusses wird durch einen gegenl\u00e4ufigen Schlitten abgefangen. L\u00e4nge des Rohres 28,5cm, Kaliber 2cm. Schiessbar. Artikel H227. 500EUR.<\/p>\n","protected":false},"author":1,"featured_media":0,"parent":117,"menu_order":0,"comment_status":"closed","ping_status":"closed","template":"","meta":{"ngg_post_thumbnail":0,"iawp_total_views":3,"footnotes":""},"class_list":["post-1020","page","type-page","status-publish","hentry"],"_links":{"self":[{"href":"https:\/\/www.kwsantiques.de\/index.php?rest_route=\/wp\/v2\/pages\/1020","targetHints":{"allow":["GET"]}}],"collection":[{"href":"https:\/\/www.kwsantiques.de\/index.php?rest_route=\/wp\/v2\/pages"}],"about":[{"href":"https:\/\/www.kwsantiques.de\/index.php?rest_route=\/wp\/v2\/types\/page"}],"author":[{"embeddable":true,"href":"https:\/\/www.kwsantiques.de\/index.php?rest_route=\/wp\/v2\/users\/1"}],"replies":[{"embeddable":true,"href":"https:\/\/www.kwsantiques.de\/index.php?rest_route=%2Fwp%2Fv2%2Fcomments&post=1020"}],"version-history":[{"count":4,"href":"https:\/\/www.kwsantiques.de\/index.php?rest_route=\/wp\/v2\/pages\/1020\/revisions"}],"predecessor-version":[{"id":1024,"href":"https:\/\/www.kwsantiques.de\/index.php?rest_route=\/wp\/v2\/pages\/1020\/revisions\/1024"}],"up":[{"embeddable":true,"href":"https:\/\/www.kwsantiques.de\/index.php?rest_route=\/wp\/v2\/pages\/117"}],"wp:attachment":[{"href":"https:\/\/www.kwsantiques.de\/index.php?rest_route=%2Fwp%2Fv2%2Fmedia&parent=1020"}],"curies":[{"name":"wp","href":"https:\/\/api.w.org\/{rel}","templated":true}]}}