{"id":1025,"date":"2021-01-04T18:35:39","date_gmt":"2021-01-04T18:35:39","guid":{"rendered":"https:\/\/www.kwsantiques.de\/?page_id=1025"},"modified":"2021-01-04T18:37:51","modified_gmt":"2021-01-04T18:37:51","slug":"sehr-schoene-kleine-bronze-kanone","status":"publish","type":"page","link":"https:\/\/www.kwsantiques.de\/?page_id=1025&lang=de","title":{"rendered":"Sehr sch\u00f6ne kleine Bronze-Kanone"},"content":{"rendered":"\t\t<div data-elementor-type=\"wp-page\" data-elementor-id=\"1025\" class=\"elementor elementor-1025\">\n\t\t\t\t\t\t<section class=\"elementor-section elementor-top-section elementor-element elementor-element-855c021 elementor-section-boxed elementor-section-height-default elementor-section-height-default\" data-id=\"855c021\" data-element_type=\"section\" data-e-type=\"section\">\n\t\t\t\t\t\t<div class=\"elementor-container elementor-column-gap-default\">\n\t\t\t\t\t<div class=\"elementor-column elementor-col-100 elementor-top-column elementor-element elementor-element-ef041\" data-id=\"ef041\" data-element_type=\"column\" data-e-type=\"column\">\n\t\t\t<div class=\"elementor-widget-wrap elementor-element-populated\">\n\t\t\t\t\t\t<div class=\"elementor-element elementor-element-7b765a5e elementor-widget elementor-widget-spacer\" data-id=\"7b765a5e\" data-element_type=\"widget\" data-e-type=\"widget\" data-widget_type=\"spacer.default\">\n\t\t\t\t<div class=\"elementor-widget-container\">\n\t\t\t\t\t\t\t<div class=\"elementor-spacer\">\n\t\t\t<div class=\"elementor-spacer-inner\"><\/div>\n\t\t<\/div>\n\t\t\t\t\t\t<\/div>\n\t\t\t\t<\/div>\n\t\t\t\t\t<\/div>\n\t\t<\/div>\n\t\t\t\t\t<\/div>\n\t\t<\/section>\n\t\t\t\t<section class=\"elementor-section elementor-top-section elementor-element elementor-element-43708fc4 elementor-section-stretched elementor-section-boxed elementor-section-height-default elementor-section-height-default\" data-id=\"43708fc4\" data-element_type=\"section\" data-e-type=\"section\" data-settings=\"{&quot;stretch_section&quot;:&quot;section-stretched&quot;,&quot;background_background&quot;:&quot;classic&quot;}\">\n\t\t\t\t\t\t<div class=\"elementor-container elementor-column-gap-default\">\n\t\t\t\t\t<div class=\"elementor-column elementor-col-100 elementor-top-column elementor-element elementor-element-a5acb7d\" data-id=\"a5acb7d\" data-element_type=\"column\" data-e-type=\"column\">\n\t\t\t<div class=\"elementor-widget-wrap elementor-element-populated\">\n\t\t\t\t\t\t<div class=\"elementor-element elementor-element-3b74daf9 elementor-widget elementor-widget-image-gallery\" data-id=\"3b74daf9\" data-element_type=\"widget\" data-e-type=\"widget\" data-widget_type=\"image-gallery.default\">\n\t\t\t\t<div class=\"elementor-widget-container\">\n\t\t\t\t\t\t\t<div class=\"elementor-image-gallery\">\n\t\t\t<div id='gallery-1' class='gallery galleryid-1025 gallery-columns-2 gallery-size-medium'><figure class='gallery-item'>\n\t\t\t<div class='gallery-icon landscape'>\n\t\t\t\t<a data-elementor-open-lightbox=\"yes\" data-elementor-lightbox-slideshow=\"3b74daf9\" data-elementor-lightbox-title=\"h328-7638\" data-e-action-hash=\"#elementor-action%3Aaction%3Dlightbox%26settings%3DeyJpZCI6NTM0LCJ1cmwiOiJodHRwczpcL1wvd3d3Lmt3c2FudGlxdWVzLmRlXC93cC1jb250ZW50XC91cGxvYWRzXC8yMDIwXC8xMlwvaDMyOC03NjM4LTEuanBnIiwic2xpZGVzaG93IjoiM2I3NGRhZjkifQ%3D%3D\" href='https:\/\/www.kwsantiques.de\/wp-content\/uploads\/2020\/12\/h328-7638-1.jpg'><img fetchpriority=\"high\" decoding=\"async\" width=\"300\" height=\"200\" src=\"https:\/\/www.kwsantiques.de\/wp-content\/uploads\/2020\/12\/h328-7638-1-300x200.jpg\" class=\"attachment-medium size-medium\" alt=\"\" srcset=\"https:\/\/www.kwsantiques.de\/wp-content\/uploads\/2020\/12\/h328-7638-1-300x200.jpg 300w, https:\/\/www.kwsantiques.de\/wp-content\/uploads\/2020\/12\/h328-7638-1-768x512.jpg 768w, https:\/\/www.kwsantiques.de\/wp-content\/uploads\/2020\/12\/h328-7638-1.jpg 800w\" sizes=\"100vw\" \/><\/a>\n\t\t\t<\/div><\/figure><figure class='gallery-item'>\n\t\t\t<div class='gallery-icon landscape'>\n\t\t\t\t<a data-elementor-open-lightbox=\"yes\" data-elementor-lightbox-slideshow=\"3b74daf9\" data-elementor-lightbox-title=\"h328-7641\" data-e-action-hash=\"#elementor-action%3Aaction%3Dlightbox%26settings%3DeyJpZCI6NTM1LCJ1cmwiOiJodHRwczpcL1wvd3d3Lmt3c2FudGlxdWVzLmRlXC93cC1jb250ZW50XC91cGxvYWRzXC8yMDIwXC8xMlwvaDMyOC03NjQxLmpwZyIsInNsaWRlc2hvdyI6IjNiNzRkYWY5In0%3D\" href='https:\/\/www.kwsantiques.de\/wp-content\/uploads\/2020\/12\/h328-7641.jpg'><img decoding=\"async\" width=\"300\" height=\"200\" src=\"https:\/\/www.kwsantiques.de\/wp-content\/uploads\/2020\/12\/h328-7641-300x200.jpg\" class=\"attachment-medium size-medium\" alt=\"\" srcset=\"https:\/\/www.kwsantiques.de\/wp-content\/uploads\/2020\/12\/h328-7641-300x200.jpg 300w, https:\/\/www.kwsantiques.de\/wp-content\/uploads\/2020\/12\/h328-7641-768x512.jpg 768w, https:\/\/www.kwsantiques.de\/wp-content\/uploads\/2020\/12\/h328-7641.jpg 800w\" sizes=\"100vw\" \/><\/a>\n\t\t\t<\/div><\/figure><figure class='gallery-item'>\n\t\t\t<div class='gallery-icon landscape'>\n\t\t\t\t<a data-elementor-open-lightbox=\"yes\" data-elementor-lightbox-slideshow=\"3b74daf9\" data-elementor-lightbox-title=\"h328-7643\" data-e-action-hash=\"#elementor-action%3Aaction%3Dlightbox%26settings%3DeyJpZCI6NTM2LCJ1cmwiOiJodHRwczpcL1wvd3d3Lmt3c2FudGlxdWVzLmRlXC93cC1jb250ZW50XC91cGxvYWRzXC8yMDIwXC8xMlwvaDMyOC03NjQzLmpwZyIsInNsaWRlc2hvdyI6IjNiNzRkYWY5In0%3D\" href='https:\/\/www.kwsantiques.de\/wp-content\/uploads\/2020\/12\/h328-7643.jpg'><img decoding=\"async\" width=\"300\" height=\"200\" src=\"https:\/\/www.kwsantiques.de\/wp-content\/uploads\/2020\/12\/h328-7643-300x200.jpg\" class=\"attachment-medium size-medium\" alt=\"\" srcset=\"https:\/\/www.kwsantiques.de\/wp-content\/uploads\/2020\/12\/h328-7643-300x200.jpg 300w, https:\/\/www.kwsantiques.de\/wp-content\/uploads\/2020\/12\/h328-7643-768x512.jpg 768w, https:\/\/www.kwsantiques.de\/wp-content\/uploads\/2020\/12\/h328-7643.jpg 800w\" sizes=\"100vw\" \/><\/a>\n\t\t\t<\/div><\/figure><figure class='gallery-item'>\n\t\t\t<div class='gallery-icon landscape'>\n\t\t\t\t<a data-elementor-open-lightbox=\"yes\" data-elementor-lightbox-slideshow=\"3b74daf9\" data-elementor-lightbox-title=\"h328-7644\" data-e-action-hash=\"#elementor-action%3Aaction%3Dlightbox%26settings%3DeyJpZCI6NTM3LCJ1cmwiOiJodHRwczpcL1wvd3d3Lmt3c2FudGlxdWVzLmRlXC93cC1jb250ZW50XC91cGxvYWRzXC8yMDIwXC8xMlwvaDMyOC03NjQ0LmpwZyIsInNsaWRlc2hvdyI6IjNiNzRkYWY5In0%3D\" href='https:\/\/www.kwsantiques.de\/wp-content\/uploads\/2020\/12\/h328-7644.jpg'><img loading=\"lazy\" decoding=\"async\" width=\"300\" height=\"200\" src=\"https:\/\/www.kwsantiques.de\/wp-content\/uploads\/2020\/12\/h328-7644-300x200.jpg\" class=\"attachment-medium size-medium\" alt=\"\" srcset=\"https:\/\/www.kwsantiques.de\/wp-content\/uploads\/2020\/12\/h328-7644-300x200.jpg 300w, https:\/\/www.kwsantiques.de\/wp-content\/uploads\/2020\/12\/h328-7644-768x512.jpg 768w, https:\/\/www.kwsantiques.de\/wp-content\/uploads\/2020\/12\/h328-7644.jpg 800w\" sizes=\"100vw\" \/><\/a>\n\t\t\t<\/div><\/figure><figure class='gallery-item'>\n\t\t\t<div class='gallery-icon landscape'>\n\t\t\t\t<a data-elementor-open-lightbox=\"yes\" data-elementor-lightbox-slideshow=\"3b74daf9\" data-elementor-lightbox-title=\"h328-7646\" data-e-action-hash=\"#elementor-action%3Aaction%3Dlightbox%26settings%3DeyJpZCI6NTM4LCJ1cmwiOiJodHRwczpcL1wvd3d3Lmt3c2FudGlxdWVzLmRlXC93cC1jb250ZW50XC91cGxvYWRzXC8yMDIwXC8xMlwvaDMyOC03NjQ2LmpwZyIsInNsaWRlc2hvdyI6IjNiNzRkYWY5In0%3D\" href='https:\/\/www.kwsantiques.de\/wp-content\/uploads\/2020\/12\/h328-7646.jpg'><img loading=\"lazy\" decoding=\"async\" width=\"300\" height=\"200\" src=\"https:\/\/www.kwsantiques.de\/wp-content\/uploads\/2020\/12\/h328-7646-300x200.jpg\" class=\"attachment-medium size-medium\" alt=\"\" srcset=\"https:\/\/www.kwsantiques.de\/wp-content\/uploads\/2020\/12\/h328-7646-300x200.jpg 300w, https:\/\/www.kwsantiques.de\/wp-content\/uploads\/2020\/12\/h328-7646-768x512.jpg 768w, https:\/\/www.kwsantiques.de\/wp-content\/uploads\/2020\/12\/h328-7646.jpg 800w\" sizes=\"100vw\" \/><\/a>\n\t\t\t<\/div><\/figure>\n\t\t<\/div>\n\t\t<\/div>\n\t\t\t\t\t\t<\/div>\n\t\t\t\t<\/div>\n\t\t\t\t\t<\/div>\n\t\t<\/div>\n\t\t\t\t\t<\/div>\n\t\t<\/section>\n\t\t\t\t<section class=\"elementor-section elementor-top-section elementor-element elementor-element-736ba6b7 elementor-section-stretched elementor-section-boxed elementor-section-height-default elementor-section-height-default\" data-id=\"736ba6b7\" data-element_type=\"section\" data-e-type=\"section\" data-settings=\"{&quot;stretch_section&quot;:&quot;section-stretched&quot;}\">\n\t\t\t\t\t\t<div class=\"elementor-container elementor-column-gap-default\">\n\t\t\t\t\t<div class=\"elementor-column elementor-col-100 elementor-top-column elementor-element elementor-element-5de9ac0d\" data-id=\"5de9ac0d\" data-element_type=\"column\" data-e-type=\"column\">\n\t\t\t<div class=\"elementor-widget-wrap elementor-element-populated\">\n\t\t\t\t\t\t<div class=\"elementor-element elementor-element-40ef665 elementor-widget elementor-widget-text-editor\" data-id=\"40ef665\" data-element_type=\"widget\" data-e-type=\"widget\" data-widget_type=\"text-editor.default\">\n\t\t\t\t<div class=\"elementor-widget-container\">\n\t\t\t\t\t\t\t\t\t<p>Sehr sch\u00f6ne Bronze-Kanone, ca. 1730. L\u00e4nge des Rohres 50cm, Kaliber 28mm. Lafette von Willy Schr\u00f6ter. <\/p><p>Artikel H328. 3.000EUR.<\/p>\t\t\t\t\t\t\t\t<\/div>\n\t\t\t\t<\/div>\n\t\t\t\t\t<\/div>\n\t\t<\/div>\n\t\t\t\t\t<\/div>\n\t\t<\/section>\n\t\t\t\t<\/div>\n\t\t","protected":false},"excerpt":{"rendered":"<p>Sehr sch\u00f6ne Bronze-Kanone, ca. 1730. L\u00e4nge des Rohres 50cm, Kaliber 28mm. Lafette von Willy Schr\u00f6ter. Artikel H328. 3.000EUR.<\/p>\n","protected":false},"author":1,"featured_media":0,"parent":117,"menu_order":0,"comment_status":"closed","ping_status":"closed","template":"","meta":{"ngg_post_thumbnail":0,"iawp_total_views":54,"footnotes":""},"class_list":["post-1025","page","type-page","status-publish","hentry"],"_links":{"self":[{"href":"https:\/\/www.kwsantiques.de\/index.php?rest_route=\/wp\/v2\/pages\/1025","targetHints":{"allow":["GET"]}}],"collection":[{"href":"https:\/\/www.kwsantiques.de\/index.php?rest_route=\/wp\/v2\/pages"}],"about":[{"href":"https:\/\/www.kwsantiques.de\/index.php?rest_route=\/wp\/v2\/types\/page"}],"author":[{"embeddable":true,"href":"https:\/\/www.kwsantiques.de\/index.php?rest_route=\/wp\/v2\/users\/1"}],"replies":[{"embeddable":true,"href":"https:\/\/www.kwsantiques.de\/index.php?rest_route=%2Fwp%2Fv2%2Fcomments&post=1025"}],"version-history":[{"count":4,"href":"https:\/\/www.kwsantiques.de\/index.php?rest_route=\/wp\/v2\/pages\/1025\/revisions"}],"predecessor-version":[{"id":1029,"href":"https:\/\/www.kwsantiques.de\/index.php?rest_route=\/wp\/v2\/pages\/1025\/revisions\/1029"}],"up":[{"embeddable":true,"href":"https:\/\/www.kwsantiques.de\/index.php?rest_route=\/wp\/v2\/pages\/117"}],"wp:attachment":[{"href":"https:\/\/www.kwsantiques.de\/index.php?rest_route=%2Fwp%2Fv2%2Fmedia&parent=1025"}],"curies":[{"name":"wp","href":"https:\/\/api.w.org\/{rel}","templated":true}]}}