{"id":1036,"date":"2021-01-04T18:42:09","date_gmt":"2021-01-04T18:42:09","guid":{"rendered":"https:\/\/www.kwsantiques.de\/?page_id=1036"},"modified":"2021-01-04T18:44:43","modified_gmt":"2021-01-04T18:44:43","slug":"anti-takelage-munition-18-19-jahrhundert","status":"publish","type":"page","link":"https:\/\/www.kwsantiques.de\/?page_id=1036&lang=de","title":{"rendered":"Anti-Takelage-Munition, 18.\/19. Jahrhundert"},"content":{"rendered":"\t\t<div data-elementor-type=\"wp-page\" data-elementor-id=\"1036\" class=\"elementor elementor-1036\">\n\t\t\t\t\t\t<section class=\"elementor-section elementor-top-section elementor-element elementor-element-5ca33a7f elementor-section-boxed elementor-section-height-default elementor-section-height-default\" data-id=\"5ca33a7f\" data-element_type=\"section\" data-e-type=\"section\">\n\t\t\t\t\t\t<div class=\"elementor-container elementor-column-gap-default\">\n\t\t\t\t\t<div class=\"elementor-column elementor-col-100 elementor-top-column elementor-element elementor-element-63776227\" data-id=\"63776227\" data-element_type=\"column\" data-e-type=\"column\">\n\t\t\t<div class=\"elementor-widget-wrap elementor-element-populated\">\n\t\t\t\t\t\t<div class=\"elementor-element elementor-element-37e27621 elementor-widget elementor-widget-spacer\" data-id=\"37e27621\" data-element_type=\"widget\" data-e-type=\"widget\" data-widget_type=\"spacer.default\">\n\t\t\t\t<div class=\"elementor-widget-container\">\n\t\t\t\t\t\t\t<div class=\"elementor-spacer\">\n\t\t\t<div class=\"elementor-spacer-inner\"><\/div>\n\t\t<\/div>\n\t\t\t\t\t\t<\/div>\n\t\t\t\t<\/div>\n\t\t\t\t\t<\/div>\n\t\t<\/div>\n\t\t\t\t\t<\/div>\n\t\t<\/section>\n\t\t\t\t<section class=\"elementor-section elementor-top-section elementor-element elementor-element-4e60ca0 elementor-section-stretched elementor-section-boxed elementor-section-height-default elementor-section-height-default\" data-id=\"4e60ca0\" data-element_type=\"section\" data-e-type=\"section\" data-settings=\"{&quot;stretch_section&quot;:&quot;section-stretched&quot;,&quot;background_background&quot;:&quot;classic&quot;}\">\n\t\t\t\t\t\t<div class=\"elementor-container elementor-column-gap-default\">\n\t\t\t\t\t<div class=\"elementor-column elementor-col-100 elementor-top-column elementor-element elementor-element-61142109\" data-id=\"61142109\" data-element_type=\"column\" data-e-type=\"column\">\n\t\t\t<div class=\"elementor-widget-wrap elementor-element-populated\">\n\t\t\t\t\t\t<div class=\"elementor-element elementor-element-3bd42bf1 elementor-widget elementor-widget-image-gallery\" data-id=\"3bd42bf1\" data-element_type=\"widget\" data-e-type=\"widget\" data-widget_type=\"image-gallery.default\">\n\t\t\t\t<div class=\"elementor-widget-container\">\n\t\t\t\t\t\t\t<div class=\"elementor-image-gallery\">\n\t\t\t<div id='gallery-1' class='gallery galleryid-1036 gallery-columns-1 gallery-size-full'><figure class='gallery-item'>\n\t\t\t<div class='gallery-icon landscape'>\n\t\t\t\t<a data-elementor-open-lightbox=\"yes\" data-elementor-lightbox-slideshow=\"3bd42bf1\" data-elementor-lightbox-title=\"g069\" data-e-action-hash=\"#elementor-action%3Aaction%3Dlightbox%26settings%3DeyJpZCI6NTU2LCJ1cmwiOiJodHRwczpcL1wvd3d3Lmt3c2FudGlxdWVzLmRlXC93cC1jb250ZW50XC91cGxvYWRzXC8yMDIwXC8xMlwvZzA2OS5qcGciLCJzbGlkZXNob3ciOiIzYmQ0MmJmMSJ9\" href='https:\/\/www.kwsantiques.de\/wp-content\/uploads\/2020\/12\/g069.jpg'><img fetchpriority=\"high\" decoding=\"async\" width=\"800\" height=\"557\" src=\"https:\/\/www.kwsantiques.de\/wp-content\/uploads\/2020\/12\/g069.jpg\" class=\"attachment-full size-full\" alt=\"\" srcset=\"https:\/\/www.kwsantiques.de\/wp-content\/uploads\/2020\/12\/g069.jpg 800w, https:\/\/www.kwsantiques.de\/wp-content\/uploads\/2020\/12\/g069-300x209.jpg 300w, https:\/\/www.kwsantiques.de\/wp-content\/uploads\/2020\/12\/g069-768x535.jpg 768w\" sizes=\"100vw\" \/><\/a>\n\t\t\t<\/div><\/figure>\n\t\t<\/div>\n\t\t<\/div>\n\t\t\t\t\t\t<\/div>\n\t\t\t\t<\/div>\n\t\t\t\t\t<\/div>\n\t\t<\/div>\n\t\t\t\t\t<\/div>\n\t\t<\/section>\n\t\t\t\t<section class=\"elementor-section elementor-top-section elementor-element elementor-element-2349486e elementor-section-stretched elementor-section-boxed elementor-section-height-default elementor-section-height-default\" data-id=\"2349486e\" data-element_type=\"section\" data-e-type=\"section\" data-settings=\"{&quot;stretch_section&quot;:&quot;section-stretched&quot;}\">\n\t\t\t\t\t\t<div class=\"elementor-container elementor-column-gap-default\">\n\t\t\t\t\t<div class=\"elementor-column elementor-col-100 elementor-top-column elementor-element elementor-element-32e4f31a\" data-id=\"32e4f31a\" data-element_type=\"column\" data-e-type=\"column\">\n\t\t\t<div class=\"elementor-widget-wrap elementor-element-populated\">\n\t\t\t\t\t\t<div class=\"elementor-element elementor-element-4fbec2fd elementor-widget elementor-widget-text-editor\" data-id=\"4fbec2fd\" data-element_type=\"widget\" data-e-type=\"widget\" data-widget_type=\"text-editor.default\">\n\t\t\t\t<div class=\"elementor-widget-container\">\n\t\t\t\t\t\t\t\t\t<p>Sehr seltenes Anti-Takelage-Geschoss aus der Zeit der napoleonischen Kriege. Bei Seeschlachten wurden diese Projektile aus kurzer Entfernung abgeschossen, um Segel und Takelage des gegnerischen Schiffes zu zerst\u00f6ren. Meistens wurden daf\u00fcr zwei mit einer Kette verbundene Halbkugeln verwendet. Im Gegensatz dazu besteht dieses St\u00fcck aus zwei Vollkugeln im Durchmesser 52mm, die mit vier scharfen Klingen verbunden sind. Die gesamt Konstruktion ist sehr aufw\u00e4ndig, mit Drehgelenken an den Kugeln und verzierten Nieten-Gelenken zwischen den Klingen. \u00c4usserst selten.<br \/>L\u00e4nge 85cm, Gewicht ca. 1,5kg. Inklusive Display aus Ulmenholz, 27cmx18cm.<\/p><p>Artikel G069. 3.500EUR.<\/p>\t\t\t\t\t\t\t\t<\/div>\n\t\t\t\t<\/div>\n\t\t\t\t\t<\/div>\n\t\t<\/div>\n\t\t\t\t\t<\/div>\n\t\t<\/section>\n\t\t\t\t<\/div>\n\t\t","protected":false},"excerpt":{"rendered":"<p>Sehr seltenes Anti-Takelage-Geschoss aus der Zeit der napoleonischen Kriege. Bei Seeschlachten wurden diese Projektile aus kurzer Entfernung abgeschossen, um Segel und Takelage des gegnerischen Schiffes zu zerst\u00f6ren. Meistens wurden daf\u00fcr zwei mit einer Kette verbundene Halbkugeln verwendet. Im Gegensatz dazu besteht dieses St\u00fcck aus zwei Vollkugeln im Durchmesser 52mm, die mit vier scharfen Klingen verbunden &hellip; <\/p>\n<p class=\"link-more\"><a href=\"https:\/\/www.kwsantiques.de\/?page_id=1036&#038;lang=de\" class=\"more-link\">Continue reading<span class=\"screen-reader-text\"> &#8220;Anti-Takelage-Munition, 18.\/19. Jahrhundert&#8221;<\/span><\/a><\/p>\n","protected":false},"author":1,"featured_media":0,"parent":117,"menu_order":0,"comment_status":"closed","ping_status":"closed","template":"","meta":{"ngg_post_thumbnail":0,"iawp_total_views":3,"footnotes":""},"class_list":["post-1036","page","type-page","status-publish","hentry"],"_links":{"self":[{"href":"https:\/\/www.kwsantiques.de\/index.php?rest_route=\/wp\/v2\/pages\/1036","targetHints":{"allow":["GET"]}}],"collection":[{"href":"https:\/\/www.kwsantiques.de\/index.php?rest_route=\/wp\/v2\/pages"}],"about":[{"href":"https:\/\/www.kwsantiques.de\/index.php?rest_route=\/wp\/v2\/types\/page"}],"author":[{"embeddable":true,"href":"https:\/\/www.kwsantiques.de\/index.php?rest_route=\/wp\/v2\/users\/1"}],"replies":[{"embeddable":true,"href":"https:\/\/www.kwsantiques.de\/index.php?rest_route=%2Fwp%2Fv2%2Fcomments&post=1036"}],"version-history":[{"count":8,"href":"https:\/\/www.kwsantiques.de\/index.php?rest_route=\/wp\/v2\/pages\/1036\/revisions"}],"predecessor-version":[{"id":1044,"href":"https:\/\/www.kwsantiques.de\/index.php?rest_route=\/wp\/v2\/pages\/1036\/revisions\/1044"}],"up":[{"embeddable":true,"href":"https:\/\/www.kwsantiques.de\/index.php?rest_route=\/wp\/v2\/pages\/117"}],"wp:attachment":[{"href":"https:\/\/www.kwsantiques.de\/index.php?rest_route=%2Fwp%2Fv2%2Fmedia&parent=1036"}],"curies":[{"name":"wp","href":"https:\/\/api.w.org\/{rel}","templated":true}]}}