{"id":1051,"date":"2021-01-04T18:47:32","date_gmt":"2021-01-04T18:47:32","guid":{"rendered":"https:\/\/www.kwsantiques.de\/?page_id=1051"},"modified":"2021-01-04T18:48:51","modified_gmt":"2021-01-04T18:48:51","slug":"dekorative-bronzekanone-19-jahrhundert","status":"publish","type":"page","link":"https:\/\/www.kwsantiques.de\/?page_id=1051&lang=de","title":{"rendered":"Dekorative Bronzekanone, 19. Jahrhundert"},"content":{"rendered":"\t\t<div data-elementor-type=\"wp-page\" data-elementor-id=\"1051\" class=\"elementor elementor-1051\">\n\t\t\t\t\t\t<section class=\"elementor-section elementor-top-section elementor-element elementor-element-45f8fbdb elementor-section-boxed elementor-section-height-default elementor-section-height-default\" data-id=\"45f8fbdb\" data-element_type=\"section\" data-e-type=\"section\">\n\t\t\t\t\t\t<div class=\"elementor-container elementor-column-gap-default\">\n\t\t\t\t\t<div class=\"elementor-column elementor-col-100 elementor-top-column elementor-element elementor-element-2499fa1f\" data-id=\"2499fa1f\" data-element_type=\"column\" data-e-type=\"column\">\n\t\t\t<div class=\"elementor-widget-wrap elementor-element-populated\">\n\t\t\t\t\t\t<div class=\"elementor-element elementor-element-6e660812 elementor-widget elementor-widget-text-editor\" data-id=\"6e660812\" data-element_type=\"widget\" data-e-type=\"widget\" data-widget_type=\"text-editor.default\">\n\t\t\t\t<div class=\"elementor-widget-container\">\n\t\t\t\t\t\t\t\t\t\n<figure class=\"wp-block-gallery columns-0 is-cropped wp-block-gallery-2 is-layout-flex wp-block-gallery-is-layout-flex\"><ul class=\"blocks-gallery-grid\"><\/ul><\/figure>\n\t\t\t\t\t\t\t\t<\/div>\n\t\t\t\t<\/div>\n\t\t\t\t\t<\/div>\n\t\t<\/div>\n\t\t\t\t\t<\/div>\n\t\t<\/section>\n\t\t\t\t<section class=\"elementor-section elementor-top-section elementor-element elementor-element-1b48e4b6 elementor-section-boxed elementor-section-height-default elementor-section-height-default\" data-id=\"1b48e4b6\" data-element_type=\"section\" data-e-type=\"section\">\n\t\t\t\t\t\t<div class=\"elementor-container elementor-column-gap-default\">\n\t\t\t\t\t<div class=\"elementor-column elementor-col-100 elementor-top-column elementor-element elementor-element-40100966\" data-id=\"40100966\" data-element_type=\"column\" data-e-type=\"column\">\n\t\t\t<div class=\"elementor-widget-wrap elementor-element-populated\">\n\t\t\t\t\t\t<div class=\"elementor-element elementor-element-1683535f elementor-widget elementor-widget-spacer\" data-id=\"1683535f\" data-element_type=\"widget\" data-e-type=\"widget\" data-widget_type=\"spacer.default\">\n\t\t\t\t<div class=\"elementor-widget-container\">\n\t\t\t\t\t\t\t<div class=\"elementor-spacer\">\n\t\t\t<div class=\"elementor-spacer-inner\"><\/div>\n\t\t<\/div>\n\t\t\t\t\t\t<\/div>\n\t\t\t\t<\/div>\n\t\t\t\t\t<\/div>\n\t\t<\/div>\n\t\t\t\t\t<\/div>\n\t\t<\/section>\n\t\t\t\t<section class=\"elementor-section elementor-top-section elementor-element elementor-element-2ebf0652 elementor-section-stretched elementor-section-boxed elementor-section-height-default elementor-section-height-default\" data-id=\"2ebf0652\" data-element_type=\"section\" data-e-type=\"section\" data-settings=\"{&quot;stretch_section&quot;:&quot;section-stretched&quot;,&quot;background_background&quot;:&quot;classic&quot;}\">\n\t\t\t\t\t\t<div class=\"elementor-container elementor-column-gap-default\">\n\t\t\t\t\t<div class=\"elementor-column elementor-col-100 elementor-top-column elementor-element elementor-element-4ebe6bf8\" data-id=\"4ebe6bf8\" data-element_type=\"column\" data-e-type=\"column\">\n\t\t\t<div class=\"elementor-widget-wrap elementor-element-populated\">\n\t\t\t\t\t\t<div class=\"elementor-element elementor-element-6dcb9ba9 elementor-widget elementor-widget-image-gallery\" data-id=\"6dcb9ba9\" data-element_type=\"widget\" data-e-type=\"widget\" data-widget_type=\"image-gallery.default\">\n\t\t\t\t<div class=\"elementor-widget-container\">\n\t\t\t\t\t\t\t<div class=\"elementor-image-gallery\">\n\t\t\t<div id='gallery-1' class='gallery galleryid-1051 gallery-columns-4 gallery-size-thumbnail'><figure class='gallery-item'>\n\t\t\t<div class='gallery-icon landscape'>\n\t\t\t\t<a data-elementor-open-lightbox=\"yes\" data-elementor-lightbox-slideshow=\"6dcb9ba9\" data-elementor-lightbox-title=\"19th century decorative bronze cannon\" data-e-action-hash=\"#elementor-action%3Aaction%3Dlightbox%26settings%3DeyJpZCI6NTY4LCJ1cmwiOiJodHRwczpcL1wvd3d3Lmt3c2FudGlxdWVzLmRlXC93cC1jb250ZW50XC91cGxvYWRzXC8yMDIwXC8xMlwvYTI1Ny0yLmpwZyIsInNsaWRlc2hvdyI6IjZkY2I5YmE5In0%3D\" href='https:\/\/www.kwsantiques.de\/wp-content\/uploads\/2020\/12\/a257-2.jpg'><img decoding=\"async\" width=\"150\" height=\"150\" src=\"https:\/\/www.kwsantiques.de\/wp-content\/uploads\/2020\/12\/a257-2-150x150.jpg\" class=\"attachment-thumbnail size-thumbnail\" alt=\"\" srcset=\"https:\/\/www.kwsantiques.de\/wp-content\/uploads\/2020\/12\/a257-2-150x150.jpg 150w, https:\/\/www.kwsantiques.de\/wp-content\/uploads\/2020\/12\/a257-2-100x100.jpg 100w\" sizes=\"100vw\" \/><\/a>\n\t\t\t<\/div><\/figure><figure class='gallery-item'>\n\t\t\t<div class='gallery-icon landscape'>\n\t\t\t\t<a data-elementor-open-lightbox=\"yes\" data-elementor-lightbox-slideshow=\"6dcb9ba9\" data-elementor-lightbox-title=\"19th century decorative bronze cannon\" data-e-action-hash=\"#elementor-action%3Aaction%3Dlightbox%26settings%3DeyJpZCI6NTcwLCJ1cmwiOiJodHRwczpcL1wvd3d3Lmt3c2FudGlxdWVzLmRlXC93cC1jb250ZW50XC91cGxvYWRzXC8yMDIwXC8xMlwvYTI1Ny0xLTEuanBnIiwic2xpZGVzaG93IjoiNmRjYjliYTkifQ%3D%3D\" href='https:\/\/www.kwsantiques.de\/wp-content\/uploads\/2020\/12\/a257-1-1.jpg'><img decoding=\"async\" width=\"150\" height=\"150\" src=\"https:\/\/www.kwsantiques.de\/wp-content\/uploads\/2020\/12\/a257-1-1-150x150.jpg\" class=\"attachment-thumbnail size-thumbnail\" alt=\"\" srcset=\"https:\/\/www.kwsantiques.de\/wp-content\/uploads\/2020\/12\/a257-1-1-150x150.jpg 150w, https:\/\/www.kwsantiques.de\/wp-content\/uploads\/2020\/12\/a257-1-1-100x100.jpg 100w\" sizes=\"100vw\" \/><\/a>\n\t\t\t<\/div><\/figure><figure class='gallery-item'>\n\t\t\t<div class='gallery-icon landscape'>\n\t\t\t\t<a data-elementor-open-lightbox=\"yes\" data-elementor-lightbox-slideshow=\"6dcb9ba9\" data-elementor-lightbox-title=\"19th century decorative bronze cannon\" data-e-action-hash=\"#elementor-action%3Aaction%3Dlightbox%26settings%3DeyJpZCI6NTcxLCJ1cmwiOiJodHRwczpcL1wvd3d3Lmt3c2FudGlxdWVzLmRlXC93cC1jb250ZW50XC91cGxvYWRzXC8yMDIwXC8xMlwvYTI1Ny0yLTEuanBnIiwic2xpZGVzaG93IjoiNmRjYjliYTkifQ%3D%3D\" href='https:\/\/www.kwsantiques.de\/wp-content\/uploads\/2020\/12\/a257-2-1.jpg'><img decoding=\"async\" width=\"150\" height=\"150\" src=\"https:\/\/www.kwsantiques.de\/wp-content\/uploads\/2020\/12\/a257-2-1-150x150.jpg\" class=\"attachment-thumbnail size-thumbnail\" alt=\"\" srcset=\"https:\/\/www.kwsantiques.de\/wp-content\/uploads\/2020\/12\/a257-2-1-150x150.jpg 150w, https:\/\/www.kwsantiques.de\/wp-content\/uploads\/2020\/12\/a257-2-1-100x100.jpg 100w\" sizes=\"100vw\" \/><\/a>\n\t\t\t<\/div><\/figure><figure class='gallery-item'>\n\t\t\t<div class='gallery-icon portrait'>\n\t\t\t\t<a data-elementor-open-lightbox=\"yes\" data-elementor-lightbox-slideshow=\"6dcb9ba9\" data-elementor-lightbox-title=\"19th century decorative bronze cannon\" data-e-action-hash=\"#elementor-action%3Aaction%3Dlightbox%26settings%3DeyJpZCI6NTcyLCJ1cmwiOiJodHRwczpcL1wvd3d3Lmt3c2FudGlxdWVzLmRlXC93cC1jb250ZW50XC91cGxvYWRzXC8yMDIwXC8xMlwvYTI1Ny0zLmpwZyIsInNsaWRlc2hvdyI6IjZkY2I5YmE5In0%3D\" href='https:\/\/www.kwsantiques.de\/wp-content\/uploads\/2020\/12\/a257-3.jpg'><img loading=\"lazy\" decoding=\"async\" width=\"150\" height=\"150\" src=\"https:\/\/www.kwsantiques.de\/wp-content\/uploads\/2020\/12\/a257-3-150x150.jpg\" class=\"attachment-thumbnail size-thumbnail\" alt=\"\" srcset=\"https:\/\/www.kwsantiques.de\/wp-content\/uploads\/2020\/12\/a257-3-150x150.jpg 150w, https:\/\/www.kwsantiques.de\/wp-content\/uploads\/2020\/12\/a257-3-100x100.jpg 100w\" sizes=\"100vw\" \/><\/a>\n\t\t\t<\/div><\/figure><figure class='gallery-item'>\n\t\t\t<div class='gallery-icon landscape'>\n\t\t\t\t<a data-elementor-open-lightbox=\"yes\" data-elementor-lightbox-slideshow=\"6dcb9ba9\" data-elementor-lightbox-title=\"19th century decorative bronze cannon\" data-e-action-hash=\"#elementor-action%3Aaction%3Dlightbox%26settings%3DeyJpZCI6NTczLCJ1cmwiOiJodHRwczpcL1wvd3d3Lmt3c2FudGlxdWVzLmRlXC93cC1jb250ZW50XC91cGxvYWRzXC8yMDIwXC8xMlwvYTI1Ny00LmpwZyIsInNsaWRlc2hvdyI6IjZkY2I5YmE5In0%3D\" href='https:\/\/www.kwsantiques.de\/wp-content\/uploads\/2020\/12\/a257-4.jpg'><img loading=\"lazy\" decoding=\"async\" width=\"150\" height=\"150\" src=\"https:\/\/www.kwsantiques.de\/wp-content\/uploads\/2020\/12\/a257-4-150x150.jpg\" class=\"attachment-thumbnail size-thumbnail\" alt=\"\" srcset=\"https:\/\/www.kwsantiques.de\/wp-content\/uploads\/2020\/12\/a257-4-150x150.jpg 150w, https:\/\/www.kwsantiques.de\/wp-content\/uploads\/2020\/12\/a257-4-100x100.jpg 100w\" sizes=\"100vw\" \/><\/a>\n\t\t\t<\/div><\/figure><figure class='gallery-item'>\n\t\t\t<div class='gallery-icon landscape'>\n\t\t\t\t<a data-elementor-open-lightbox=\"yes\" data-elementor-lightbox-slideshow=\"6dcb9ba9\" data-elementor-lightbox-title=\"19th century decorative bronze cannon\" data-e-action-hash=\"#elementor-action%3Aaction%3Dlightbox%26settings%3DeyJpZCI6NTc0LCJ1cmwiOiJodHRwczpcL1wvd3d3Lmt3c2FudGlxdWVzLmRlXC93cC1jb250ZW50XC91cGxvYWRzXC8yMDIwXC8xMlwvYTI1Ny01LmpwZyIsInNsaWRlc2hvdyI6IjZkY2I5YmE5In0%3D\" href='https:\/\/www.kwsantiques.de\/wp-content\/uploads\/2020\/12\/a257-5.jpg'><img loading=\"lazy\" decoding=\"async\" width=\"150\" height=\"150\" src=\"https:\/\/www.kwsantiques.de\/wp-content\/uploads\/2020\/12\/a257-5-150x150.jpg\" class=\"attachment-thumbnail size-thumbnail\" alt=\"\" srcset=\"https:\/\/www.kwsantiques.de\/wp-content\/uploads\/2020\/12\/a257-5-150x150.jpg 150w, https:\/\/www.kwsantiques.de\/wp-content\/uploads\/2020\/12\/a257-5-100x100.jpg 100w\" sizes=\"100vw\" \/><\/a>\n\t\t\t<\/div><\/figure><figure class='gallery-item'>\n\t\t\t<div class='gallery-icon landscape'>\n\t\t\t\t<a data-elementor-open-lightbox=\"yes\" data-elementor-lightbox-slideshow=\"6dcb9ba9\" data-elementor-lightbox-title=\"19th century decorative bronze cannon\" data-e-action-hash=\"#elementor-action%3Aaction%3Dlightbox%26settings%3DeyJpZCI6NTc1LCJ1cmwiOiJodHRwczpcL1wvd3d3Lmt3c2FudGlxdWVzLmRlXC93cC1jb250ZW50XC91cGxvYWRzXC8yMDIwXC8xMlwvYTI1Ny02LmpwZyIsInNsaWRlc2hvdyI6IjZkY2I5YmE5In0%3D\" href='https:\/\/www.kwsantiques.de\/wp-content\/uploads\/2020\/12\/a257-6.jpg'><img loading=\"lazy\" decoding=\"async\" width=\"150\" height=\"150\" src=\"https:\/\/www.kwsantiques.de\/wp-content\/uploads\/2020\/12\/a257-6-150x150.jpg\" class=\"attachment-thumbnail size-thumbnail\" alt=\"\" srcset=\"https:\/\/www.kwsantiques.de\/wp-content\/uploads\/2020\/12\/a257-6-150x150.jpg 150w, https:\/\/www.kwsantiques.de\/wp-content\/uploads\/2020\/12\/a257-6-100x100.jpg 100w\" sizes=\"100vw\" \/><\/a>\n\t\t\t<\/div><\/figure><figure class='gallery-item'>\n\t\t\t<div class='gallery-icon landscape'>\n\t\t\t\t<a data-elementor-open-lightbox=\"yes\" data-elementor-lightbox-slideshow=\"6dcb9ba9\" data-elementor-lightbox-title=\"19th century decorative bronze cannon\" data-e-action-hash=\"#elementor-action%3Aaction%3Dlightbox%26settings%3DeyJpZCI6NTY5LCJ1cmwiOiJodHRwczpcL1wvd3d3Lmt3c2FudGlxdWVzLmRlXC93cC1jb250ZW50XC91cGxvYWRzXC8yMDIwXC8xMlwvYTI1Ny0xLmpwZyIsInNsaWRlc2hvdyI6IjZkY2I5YmE5In0%3D\" href='https:\/\/www.kwsantiques.de\/wp-content\/uploads\/2020\/12\/a257-1.jpg'><img loading=\"lazy\" decoding=\"async\" width=\"150\" height=\"150\" src=\"https:\/\/www.kwsantiques.de\/wp-content\/uploads\/2020\/12\/a257-1-150x150.jpg\" class=\"attachment-thumbnail size-thumbnail\" alt=\"\" srcset=\"https:\/\/www.kwsantiques.de\/wp-content\/uploads\/2020\/12\/a257-1-150x150.jpg 150w, https:\/\/www.kwsantiques.de\/wp-content\/uploads\/2020\/12\/a257-1-100x100.jpg 100w\" sizes=\"100vw\" \/><\/a>\n\t\t\t<\/div><\/figure>\n\t\t<\/div>\n\t\t<\/div>\n\t\t\t\t\t\t<\/div>\n\t\t\t\t<\/div>\n\t\t\t\t\t<\/div>\n\t\t<\/div>\n\t\t\t\t\t<\/div>\n\t\t<\/section>\n\t\t\t\t<section class=\"elementor-section elementor-top-section elementor-element elementor-element-1333b89 elementor-section-stretched elementor-section-boxed elementor-section-height-default elementor-section-height-default\" data-id=\"1333b89\" data-element_type=\"section\" data-e-type=\"section\" data-settings=\"{&quot;stretch_section&quot;:&quot;section-stretched&quot;}\">\n\t\t\t\t\t\t<div class=\"elementor-container elementor-column-gap-default\">\n\t\t\t\t\t<div class=\"elementor-column elementor-col-100 elementor-top-column elementor-element elementor-element-5d68ddce\" data-id=\"5d68ddce\" data-element_type=\"column\" data-e-type=\"column\">\n\t\t\t<div class=\"elementor-widget-wrap elementor-element-populated\">\n\t\t\t\t\t\t<div class=\"elementor-element elementor-element-1429512a elementor-widget elementor-widget-text-editor\" data-id=\"1429512a\" data-element_type=\"widget\" data-e-type=\"widget\" data-widget_type=\"text-editor.default\">\n\t\t\t\t<div class=\"elementor-widget-container\">\n\t\t\t\t\t\t\t\t\t<p>Einzigartige Kanone aus Messing auf Schiffslafette aus Eichenholz mit Messing-Beschl\u00e4gen. Die Lafette ist versehen mit einer Plakette mit der Aufschrift &#8220;DIESE WAFFE WURDE HERGESTELLT AUS DEN PUMPEN EINES MANUELLEN NEWSHAM FEUERWEHRFAHRZEUGS, DAS F\u00dcR EINIGE JAHRE DIENST TAT IN LONDON, SOWIE ANSCHLIESSEND IN SUTTON COLDFIELD. ES WURDE BENUTZT BEIM BRAND DES PARLAMENTSGEB\u00c4UDES AM 16. OKTOBER 1834.&#8221;<br \/>L\u00e4nge des Rohres \u00fcber alles 60cm, innen 49cm, M\u00fcndung bis Z\u00fcndloch 49cm. Das Z\u00fcndloch ist nicht durchgebohrt. Kaliber 1 3\/4&#8243; (44mm), kleinster Durchmesser an der Verj\u00fcngung hinter dem M\u00fcndungswulst 70mm. Gewicht 45kg.<\/p><p>Artikel A257. 3.000EUR.<\/p>\t\t\t\t\t\t\t\t<\/div>\n\t\t\t\t<\/div>\n\t\t\t\t\t<\/div>\n\t\t<\/div>\n\t\t\t\t\t<\/div>\n\t\t<\/section>\n\t\t\t\t<\/div>\n\t\t","protected":false},"excerpt":{"rendered":"<p>Einzigartige Kanone aus Messing auf Schiffslafette aus Eichenholz mit Messing-Beschl\u00e4gen. Die Lafette ist versehen mit einer Plakette mit der Aufschrift &#8220;DIESE WAFFE WURDE HERGESTELLT AUS DEN PUMPEN EINES MANUELLEN NEWSHAM FEUERWEHRFAHRZEUGS, DAS F\u00dcR EINIGE JAHRE DIENST TAT IN LONDON, SOWIE ANSCHLIESSEND IN SUTTON COLDFIELD. ES WURDE BENUTZT BEIM BRAND DES PARLAMENTSGEB\u00c4UDES AM 16. OKTOBER 1834.&#8221;L\u00e4nge &hellip; <\/p>\n<p class=\"link-more\"><a href=\"https:\/\/www.kwsantiques.de\/?page_id=1051&#038;lang=de\" class=\"more-link\">Continue reading<span class=\"screen-reader-text\"> &#8220;Dekorative Bronzekanone, 19. Jahrhundert&#8221;<\/span><\/a><\/p>\n","protected":false},"author":1,"featured_media":0,"parent":117,"menu_order":0,"comment_status":"closed","ping_status":"closed","template":"","meta":{"ngg_post_thumbnail":0,"iawp_total_views":6,"footnotes":""},"class_list":["post-1051","page","type-page","status-publish","hentry"],"_links":{"self":[{"href":"https:\/\/www.kwsantiques.de\/index.php?rest_route=\/wp\/v2\/pages\/1051","targetHints":{"allow":["GET"]}}],"collection":[{"href":"https:\/\/www.kwsantiques.de\/index.php?rest_route=\/wp\/v2\/pages"}],"about":[{"href":"https:\/\/www.kwsantiques.de\/index.php?rest_route=\/wp\/v2\/types\/page"}],"author":[{"embeddable":true,"href":"https:\/\/www.kwsantiques.de\/index.php?rest_route=\/wp\/v2\/users\/1"}],"replies":[{"embeddable":true,"href":"https:\/\/www.kwsantiques.de\/index.php?rest_route=%2Fwp%2Fv2%2Fcomments&post=1051"}],"version-history":[{"count":4,"href":"https:\/\/www.kwsantiques.de\/index.php?rest_route=\/wp\/v2\/pages\/1051\/revisions"}],"predecessor-version":[{"id":1055,"href":"https:\/\/www.kwsantiques.de\/index.php?rest_route=\/wp\/v2\/pages\/1051\/revisions\/1055"}],"up":[{"embeddable":true,"href":"https:\/\/www.kwsantiques.de\/index.php?rest_route=\/wp\/v2\/pages\/117"}],"wp:attachment":[{"href":"https:\/\/www.kwsantiques.de\/index.php?rest_route=%2Fwp%2Fv2%2Fmedia&parent=1051"}],"curies":[{"name":"wp","href":"https:\/\/api.w.org\/{rel}","templated":true}]}}