{"id":1058,"date":"2021-01-04T20:11:51","date_gmt":"2021-01-04T20:11:51","guid":{"rendered":"https:\/\/www.kwsantiques.de\/?page_id=1058"},"modified":"2021-01-04T20:12:59","modified_gmt":"2021-01-04T20:12:59","slug":"kanonendeck-fuer-eine-kanone-kaliber-1lb","status":"publish","type":"page","link":"https:\/\/www.kwsantiques.de\/?page_id=1058&lang=de","title":{"rendered":"Kanonendeck f\u00fcr eine Kanone Kaliber 1lb."},"content":{"rendered":"\t\t<div data-elementor-type=\"wp-page\" data-elementor-id=\"1058\" class=\"elementor elementor-1058\">\n\t\t\t\t\t\t<section class=\"elementor-section elementor-top-section elementor-element elementor-element-432735ec elementor-section-boxed elementor-section-height-default elementor-section-height-default\" data-id=\"432735ec\" data-element_type=\"section\" data-e-type=\"section\">\n\t\t\t\t\t\t<div class=\"elementor-container elementor-column-gap-default\">\n\t\t\t\t\t<div class=\"elementor-column elementor-col-100 elementor-top-column elementor-element elementor-element-537374bd\" data-id=\"537374bd\" data-element_type=\"column\" data-e-type=\"column\">\n\t\t\t<div class=\"elementor-widget-wrap elementor-element-populated\">\n\t\t\t\t\t\t<div class=\"elementor-element elementor-element-1549b81e elementor-widget elementor-widget-spacer\" data-id=\"1549b81e\" data-element_type=\"widget\" data-e-type=\"widget\" data-widget_type=\"spacer.default\">\n\t\t\t\t<div class=\"elementor-widget-container\">\n\t\t\t\t\t\t\t<div class=\"elementor-spacer\">\n\t\t\t<div class=\"elementor-spacer-inner\"><\/div>\n\t\t<\/div>\n\t\t\t\t\t\t<\/div>\n\t\t\t\t<\/div>\n\t\t\t\t\t<\/div>\n\t\t<\/div>\n\t\t\t\t\t<\/div>\n\t\t<\/section>\n\t\t\t\t<section class=\"elementor-section elementor-top-section elementor-element elementor-element-17591c93 elementor-section-stretched elementor-section-boxed elementor-section-height-default elementor-section-height-default\" data-id=\"17591c93\" data-element_type=\"section\" data-e-type=\"section\" data-settings=\"{&quot;stretch_section&quot;:&quot;section-stretched&quot;,&quot;background_background&quot;:&quot;classic&quot;}\">\n\t\t\t\t\t\t<div class=\"elementor-container elementor-column-gap-default\">\n\t\t\t\t\t<div class=\"elementor-column elementor-col-100 elementor-top-column elementor-element elementor-element-21867200\" data-id=\"21867200\" data-element_type=\"column\" data-e-type=\"column\">\n\t\t\t<div class=\"elementor-widget-wrap elementor-element-populated\">\n\t\t\t\t\t\t<div class=\"elementor-element elementor-element-63939109 elementor-widget elementor-widget-image-gallery\" data-id=\"63939109\" data-element_type=\"widget\" data-e-type=\"widget\" data-widget_type=\"image-gallery.default\">\n\t\t\t\t<div class=\"elementor-widget-container\">\n\t\t\t\t\t\t\t<div class=\"elementor-image-gallery\">\n\t\t\t<div id='gallery-1' class='gallery galleryid-1058 gallery-columns-3 gallery-size-thumbnail'><figure class='gallery-item'>\n\t\t\t<div class='gallery-icon landscape'>\n\t\t\t\t<a data-elementor-open-lightbox=\"yes\" data-elementor-lightbox-slideshow=\"63939109\" data-elementor-lightbox-title=\"Gun emplacement\" data-e-action-hash=\"#elementor-action%3Aaction%3Dlightbox%26settings%3DeyJpZCI6ODUzLCJ1cmwiOiJodHRwczpcL1wvd3d3Lmt3c2FudGlxdWVzLmRlXC93cC1jb250ZW50XC91cGxvYWRzXC8yMDIxXC8wMVwvRkxTMTVfTFgxMDAtMjE5MDA0NC5qcGciLCJzbGlkZXNob3ciOiI2MzkzOTEwOSJ9\" href='https:\/\/www.kwsantiques.de\/wp-content\/uploads\/2021\/01\/FLS15_LX100-2190044.jpg'><img decoding=\"async\" width=\"150\" height=\"150\" src=\"https:\/\/www.kwsantiques.de\/wp-content\/uploads\/2021\/01\/FLS15_LX100-2190044-150x150.jpg\" class=\"attachment-thumbnail size-thumbnail\" alt=\"\" srcset=\"https:\/\/www.kwsantiques.de\/wp-content\/uploads\/2021\/01\/FLS15_LX100-2190044-150x150.jpg 150w, https:\/\/www.kwsantiques.de\/wp-content\/uploads\/2021\/01\/FLS15_LX100-2190044-100x100.jpg 100w\" sizes=\"100vw\" \/><\/a>\n\t\t\t<\/div><\/figure><figure class='gallery-item'>\n\t\t\t<div class='gallery-icon landscape'>\n\t\t\t\t<a data-elementor-open-lightbox=\"yes\" data-elementor-lightbox-slideshow=\"63939109\" data-elementor-lightbox-title=\"Gun emplacement\" data-e-action-hash=\"#elementor-action%3Aaction%3Dlightbox%26settings%3DeyJpZCI6ODU2LCJ1cmwiOiJodHRwczpcL1wvd3d3Lmt3c2FudGlxdWVzLmRlXC93cC1jb250ZW50XC91cGxvYWRzXC8yMDIxXC8wMVwvRkxTMTVfTFgxMDAtMjE5MDA2MC5qcGciLCJzbGlkZXNob3ciOiI2MzkzOTEwOSJ9\" href='https:\/\/www.kwsantiques.de\/wp-content\/uploads\/2021\/01\/FLS15_LX100-2190060.jpg'><img decoding=\"async\" width=\"150\" height=\"150\" src=\"https:\/\/www.kwsantiques.de\/wp-content\/uploads\/2021\/01\/FLS15_LX100-2190060-150x150.jpg\" class=\"attachment-thumbnail size-thumbnail\" alt=\"\" srcset=\"https:\/\/www.kwsantiques.de\/wp-content\/uploads\/2021\/01\/FLS15_LX100-2190060-150x150.jpg 150w, https:\/\/www.kwsantiques.de\/wp-content\/uploads\/2021\/01\/FLS15_LX100-2190060-100x100.jpg 100w\" sizes=\"100vw\" \/><\/a>\n\t\t\t<\/div><\/figure><figure class='gallery-item'>\n\t\t\t<div class='gallery-icon landscape'>\n\t\t\t\t<a data-elementor-open-lightbox=\"yes\" data-elementor-lightbox-slideshow=\"63939109\" data-elementor-lightbox-title=\"Gun emplacement\" data-e-action-hash=\"#elementor-action%3Aaction%3Dlightbox%26settings%3DeyJpZCI6ODU5LCJ1cmwiOiJodHRwczpcL1wvd3d3Lmt3c2FudGlxdWVzLmRlXC93cC1jb250ZW50XC91cGxvYWRzXC8yMDIxXC8wMVwvRkxTMTVfTFgxMDAtMjE5MDA2Ny5qcGciLCJzbGlkZXNob3ciOiI2MzkzOTEwOSJ9\" href='https:\/\/www.kwsantiques.de\/wp-content\/uploads\/2021\/01\/FLS15_LX100-2190067.jpg'><img decoding=\"async\" width=\"150\" height=\"150\" src=\"https:\/\/www.kwsantiques.de\/wp-content\/uploads\/2021\/01\/FLS15_LX100-2190067-150x150.jpg\" class=\"attachment-thumbnail size-thumbnail\" alt=\"\" srcset=\"https:\/\/www.kwsantiques.de\/wp-content\/uploads\/2021\/01\/FLS15_LX100-2190067-150x150.jpg 150w, https:\/\/www.kwsantiques.de\/wp-content\/uploads\/2021\/01\/FLS15_LX100-2190067-100x100.jpg 100w\" sizes=\"100vw\" \/><\/a>\n\t\t\t<\/div><\/figure><figure class='gallery-item'>\n\t\t\t<div class='gallery-icon landscape'>\n\t\t\t\t<a data-elementor-open-lightbox=\"yes\" data-elementor-lightbox-slideshow=\"63939109\" data-elementor-lightbox-title=\"Gun emplacement\" data-e-action-hash=\"#elementor-action%3Aaction%3Dlightbox%26settings%3DeyJpZCI6ODU0LCJ1cmwiOiJodHRwczpcL1wvd3d3Lmt3c2FudGlxdWVzLmRlXC93cC1jb250ZW50XC91cGxvYWRzXC8yMDIxXC8wMVwvRkxTMTVfTFgxMDAtMjE5MDA1Mi5qcGciLCJzbGlkZXNob3ciOiI2MzkzOTEwOSJ9\" href='https:\/\/www.kwsantiques.de\/wp-content\/uploads\/2021\/01\/FLS15_LX100-2190052.jpg'><img loading=\"lazy\" decoding=\"async\" width=\"150\" height=\"150\" src=\"https:\/\/www.kwsantiques.de\/wp-content\/uploads\/2021\/01\/FLS15_LX100-2190052-150x150.jpg\" class=\"attachment-thumbnail size-thumbnail\" alt=\"\" srcset=\"https:\/\/www.kwsantiques.de\/wp-content\/uploads\/2021\/01\/FLS15_LX100-2190052-150x150.jpg 150w, https:\/\/www.kwsantiques.de\/wp-content\/uploads\/2021\/01\/FLS15_LX100-2190052-100x100.jpg 100w\" sizes=\"100vw\" \/><\/a>\n\t\t\t<\/div><\/figure><figure class='gallery-item'>\n\t\t\t<div class='gallery-icon landscape'>\n\t\t\t\t<a data-elementor-open-lightbox=\"yes\" data-elementor-lightbox-slideshow=\"63939109\" data-elementor-lightbox-title=\"Gun emplacement\" data-e-action-hash=\"#elementor-action%3Aaction%3Dlightbox%26settings%3DeyJpZCI6ODYwLCJ1cmwiOiJodHRwczpcL1wvd3d3Lmt3c2FudGlxdWVzLmRlXC93cC1jb250ZW50XC91cGxvYWRzXC8yMDIxXC8wMVwvRkxTMTVfTFgxMDAtMjE5MDA2OC5qcGciLCJzbGlkZXNob3ciOiI2MzkzOTEwOSJ9\" href='https:\/\/www.kwsantiques.de\/wp-content\/uploads\/2021\/01\/FLS15_LX100-2190068.jpg'><img loading=\"lazy\" decoding=\"async\" width=\"150\" height=\"150\" src=\"https:\/\/www.kwsantiques.de\/wp-content\/uploads\/2021\/01\/FLS15_LX100-2190068-150x150.jpg\" class=\"attachment-thumbnail size-thumbnail\" alt=\"\" srcset=\"https:\/\/www.kwsantiques.de\/wp-content\/uploads\/2021\/01\/FLS15_LX100-2190068-150x150.jpg 150w, https:\/\/www.kwsantiques.de\/wp-content\/uploads\/2021\/01\/FLS15_LX100-2190068-100x100.jpg 100w\" sizes=\"100vw\" \/><\/a>\n\t\t\t<\/div><\/figure><figure class='gallery-item'>\n\t\t\t<div class='gallery-icon landscape'>\n\t\t\t\t<a data-elementor-open-lightbox=\"yes\" data-elementor-lightbox-slideshow=\"63939109\" data-elementor-lightbox-title=\"Gun emplacement\" data-e-action-hash=\"#elementor-action%3Aaction%3Dlightbox%26settings%3DeyJpZCI6ODYyLCJ1cmwiOiJodHRwczpcL1wvd3d3Lmt3c2FudGlxdWVzLmRlXC93cC1jb250ZW50XC91cGxvYWRzXC8yMDIxXC8wMVwvRkxTMTVfTFgxMDAtMjE5MDA3Mi5qcGciLCJzbGlkZXNob3ciOiI2MzkzOTEwOSJ9\" href='https:\/\/www.kwsantiques.de\/wp-content\/uploads\/2021\/01\/FLS15_LX100-2190072.jpg'><img loading=\"lazy\" decoding=\"async\" width=\"150\" height=\"150\" src=\"https:\/\/www.kwsantiques.de\/wp-content\/uploads\/2021\/01\/FLS15_LX100-2190072-150x150.jpg\" class=\"attachment-thumbnail size-thumbnail\" alt=\"\" srcset=\"https:\/\/www.kwsantiques.de\/wp-content\/uploads\/2021\/01\/FLS15_LX100-2190072-150x150.jpg 150w, https:\/\/www.kwsantiques.de\/wp-content\/uploads\/2021\/01\/FLS15_LX100-2190072-100x100.jpg 100w\" sizes=\"100vw\" \/><\/a>\n\t\t\t<\/div><\/figure><figure class='gallery-item'>\n\t\t\t<div class='gallery-icon landscape'>\n\t\t\t\t<a data-elementor-open-lightbox=\"yes\" data-elementor-lightbox-slideshow=\"63939109\" data-elementor-lightbox-title=\"Gun emplacement\" data-e-action-hash=\"#elementor-action%3Aaction%3Dlightbox%26settings%3DeyJpZCI6ODU1LCJ1cmwiOiJodHRwczpcL1wvd3d3Lmt3c2FudGlxdWVzLmRlXC93cC1jb250ZW50XC91cGxvYWRzXC8yMDIxXC8wMVwvRkxTMTVfTFgxMDAtMjE5MDA1Ni5qcGciLCJzbGlkZXNob3ciOiI2MzkzOTEwOSJ9\" href='https:\/\/www.kwsantiques.de\/wp-content\/uploads\/2021\/01\/FLS15_LX100-2190056.jpg'><img loading=\"lazy\" decoding=\"async\" width=\"150\" height=\"150\" src=\"https:\/\/www.kwsantiques.de\/wp-content\/uploads\/2021\/01\/FLS15_LX100-2190056-150x150.jpg\" class=\"attachment-thumbnail size-thumbnail\" alt=\"\" srcset=\"https:\/\/www.kwsantiques.de\/wp-content\/uploads\/2021\/01\/FLS15_LX100-2190056-150x150.jpg 150w, https:\/\/www.kwsantiques.de\/wp-content\/uploads\/2021\/01\/FLS15_LX100-2190056-100x100.jpg 100w\" sizes=\"100vw\" \/><\/a>\n\t\t\t<\/div><\/figure><figure class='gallery-item'>\n\t\t\t<div class='gallery-icon landscape'>\n\t\t\t\t<a data-elementor-open-lightbox=\"yes\" data-elementor-lightbox-slideshow=\"63939109\" data-elementor-lightbox-title=\"Gun emplacement\" data-e-action-hash=\"#elementor-action%3Aaction%3Dlightbox%26settings%3DeyJpZCI6ODU4LCJ1cmwiOiJodHRwczpcL1wvd3d3Lmt3c2FudGlxdWVzLmRlXC93cC1jb250ZW50XC91cGxvYWRzXC8yMDIxXC8wMVwvRkxTMTVfTFgxMDAtMjE5MDA2Ni5qcGciLCJzbGlkZXNob3ciOiI2MzkzOTEwOSJ9\" href='https:\/\/www.kwsantiques.de\/wp-content\/uploads\/2021\/01\/FLS15_LX100-2190066.jpg'><img loading=\"lazy\" decoding=\"async\" width=\"150\" height=\"150\" src=\"https:\/\/www.kwsantiques.de\/wp-content\/uploads\/2021\/01\/FLS15_LX100-2190066-150x150.jpg\" class=\"attachment-thumbnail size-thumbnail\" alt=\"\" srcset=\"https:\/\/www.kwsantiques.de\/wp-content\/uploads\/2021\/01\/FLS15_LX100-2190066-150x150.jpg 150w, https:\/\/www.kwsantiques.de\/wp-content\/uploads\/2021\/01\/FLS15_LX100-2190066-100x100.jpg 100w\" sizes=\"100vw\" \/><\/a>\n\t\t\t<\/div><\/figure><figure class='gallery-item'>\n\t\t\t<div class='gallery-icon landscape'>\n\t\t\t\t<a data-elementor-open-lightbox=\"yes\" data-elementor-lightbox-slideshow=\"63939109\" data-elementor-lightbox-title=\"Gun emplacement\" data-e-action-hash=\"#elementor-action%3Aaction%3Dlightbox%26settings%3DeyJpZCI6ODYxLCJ1cmwiOiJodHRwczpcL1wvd3d3Lmt3c2FudGlxdWVzLmRlXC93cC1jb250ZW50XC91cGxvYWRzXC8yMDIxXC8wMVwvRkxTMTVfTFgxMDAtMjE5MDA3MC5qcGciLCJzbGlkZXNob3ciOiI2MzkzOTEwOSJ9\" href='https:\/\/www.kwsantiques.de\/wp-content\/uploads\/2021\/01\/FLS15_LX100-2190070.jpg'><img loading=\"lazy\" decoding=\"async\" width=\"150\" height=\"150\" src=\"https:\/\/www.kwsantiques.de\/wp-content\/uploads\/2021\/01\/FLS15_LX100-2190070-150x150.jpg\" class=\"attachment-thumbnail size-thumbnail\" alt=\"\" srcset=\"https:\/\/www.kwsantiques.de\/wp-content\/uploads\/2021\/01\/FLS15_LX100-2190070-150x150.jpg 150w, https:\/\/www.kwsantiques.de\/wp-content\/uploads\/2021\/01\/FLS15_LX100-2190070-100x100.jpg 100w\" sizes=\"100vw\" \/><\/a>\n\t\t\t<\/div><\/figure><figure class='gallery-item'>\n\t\t\t<div class='gallery-icon landscape'>\n\t\t\t\t<a data-elementor-open-lightbox=\"yes\" data-elementor-lightbox-slideshow=\"63939109\" data-elementor-lightbox-title=\"Gun emplacement\" data-e-action-hash=\"#elementor-action%3Aaction%3Dlightbox%26settings%3DeyJpZCI6ODU3LCJ1cmwiOiJodHRwczpcL1wvd3d3Lmt3c2FudGlxdWVzLmRlXC93cC1jb250ZW50XC91cGxvYWRzXC8yMDIxXC8wMVwvRkxTMTVfTFgxMDAtMjE5MDA2NS5qcGciLCJzbGlkZXNob3ciOiI2MzkzOTEwOSJ9\" href='https:\/\/www.kwsantiques.de\/wp-content\/uploads\/2021\/01\/FLS15_LX100-2190065.jpg'><img loading=\"lazy\" decoding=\"async\" width=\"150\" height=\"150\" src=\"https:\/\/www.kwsantiques.de\/wp-content\/uploads\/2021\/01\/FLS15_LX100-2190065-150x150.jpg\" class=\"attachment-thumbnail size-thumbnail\" alt=\"\" srcset=\"https:\/\/www.kwsantiques.de\/wp-content\/uploads\/2021\/01\/FLS15_LX100-2190065-150x150.jpg 150w, https:\/\/www.kwsantiques.de\/wp-content\/uploads\/2021\/01\/FLS15_LX100-2190065-100x100.jpg 100w\" sizes=\"100vw\" \/><\/a>\n\t\t\t<\/div><\/figure><figure class='gallery-item'>\n\t\t\t<div class='gallery-icon landscape'>\n\t\t\t\t<a data-elementor-open-lightbox=\"yes\" data-elementor-lightbox-slideshow=\"63939109\" data-elementor-lightbox-title=\"Gun emplacement\" data-e-action-hash=\"#elementor-action%3Aaction%3Dlightbox%26settings%3DeyJpZCI6ODYzLCJ1cmwiOiJodHRwczpcL1wvd3d3Lmt3c2FudGlxdWVzLmRlXC93cC1jb250ZW50XC91cGxvYWRzXC8yMDIxXC8wMVwvRkxTMTVfTFgxMDAtMjE5MDA3My5qcGciLCJzbGlkZXNob3ciOiI2MzkzOTEwOSJ9\" href='https:\/\/www.kwsantiques.de\/wp-content\/uploads\/2021\/01\/FLS15_LX100-2190073.jpg'><img loading=\"lazy\" decoding=\"async\" width=\"150\" height=\"150\" src=\"https:\/\/www.kwsantiques.de\/wp-content\/uploads\/2021\/01\/FLS15_LX100-2190073-150x150.jpg\" class=\"attachment-thumbnail size-thumbnail\" alt=\"\" srcset=\"https:\/\/www.kwsantiques.de\/wp-content\/uploads\/2021\/01\/FLS15_LX100-2190073-150x150.jpg 150w, https:\/\/www.kwsantiques.de\/wp-content\/uploads\/2021\/01\/FLS15_LX100-2190073-100x100.jpg 100w\" sizes=\"100vw\" \/><\/a>\n\t\t\t<\/div><\/figure><figure class='gallery-item'>\n\t\t\t<div class='gallery-icon landscape'>\n\t\t\t\t<a data-elementor-open-lightbox=\"yes\" data-elementor-lightbox-slideshow=\"63939109\" data-elementor-lightbox-title=\"Gun emplacement\" data-e-action-hash=\"#elementor-action%3Aaction%3Dlightbox%26settings%3DeyJpZCI6ODY0LCJ1cmwiOiJodHRwczpcL1wvd3d3Lmt3c2FudGlxdWVzLmRlXC93cC1jb250ZW50XC91cGxvYWRzXC8yMDIxXC8wMVwvRkxTMTVfTFgxMDAtMjE5MDA3NC5qcGciLCJzbGlkZXNob3ciOiI2MzkzOTEwOSJ9\" href='https:\/\/www.kwsantiques.de\/wp-content\/uploads\/2021\/01\/FLS15_LX100-2190074.jpg'><img loading=\"lazy\" decoding=\"async\" width=\"150\" height=\"150\" src=\"https:\/\/www.kwsantiques.de\/wp-content\/uploads\/2021\/01\/FLS15_LX100-2190074-150x150.jpg\" class=\"attachment-thumbnail size-thumbnail\" alt=\"\" srcset=\"https:\/\/www.kwsantiques.de\/wp-content\/uploads\/2021\/01\/FLS15_LX100-2190074-150x150.jpg 150w, https:\/\/www.kwsantiques.de\/wp-content\/uploads\/2021\/01\/FLS15_LX100-2190074-100x100.jpg 100w\" sizes=\"100vw\" \/><\/a>\n\t\t\t<\/div><\/figure>\n\t\t<\/div>\n\t\t<\/div>\n\t\t\t\t\t\t<\/div>\n\t\t\t\t<\/div>\n\t\t\t\t<div class=\"elementor-element elementor-element-a309681 elementor-widget elementor-widget-image-gallery\" data-id=\"a309681\" data-element_type=\"widget\" data-e-type=\"widget\" data-widget_type=\"image-gallery.default\">\n\t\t\t\t<div class=\"elementor-widget-container\">\n\t\t\t\t\t\t\t<div class=\"elementor-image-gallery\">\n\t\t\t<div id='gallery-2' class='gallery galleryid-1058 gallery-columns-1 gallery-size-full'><figure class='gallery-item'>\n\t\t\t<div class='gallery-icon landscape'>\n\t\t\t\t<a data-elementor-open-lightbox=\"yes\" data-elementor-lightbox-slideshow=\"a309681\" data-elementor-lightbox-title=\"a288b-5\" data-e-action-hash=\"#elementor-action%3Aaction%3Dlightbox%26settings%3DeyJpZCI6NTg0LCJ1cmwiOiJodHRwczpcL1wvd3d3Lmt3c2FudGlxdWVzLmRlXC93cC1jb250ZW50XC91cGxvYWRzXC8yMDIwXC8xMlwvYTI4OGItNS0xLmpwZyIsInNsaWRlc2hvdyI6ImEzMDk2ODEifQ%3D%3D\" href='https:\/\/www.kwsantiques.de\/wp-content\/uploads\/2020\/12\/a288b-5-1.jpg'><img loading=\"lazy\" decoding=\"async\" width=\"1600\" height=\"1202\" src=\"https:\/\/www.kwsantiques.de\/wp-content\/uploads\/2020\/12\/a288b-5-1.jpg\" class=\"attachment-full size-full\" alt=\"\" srcset=\"https:\/\/www.kwsantiques.de\/wp-content\/uploads\/2020\/12\/a288b-5-1.jpg 1600w, https:\/\/www.kwsantiques.de\/wp-content\/uploads\/2020\/12\/a288b-5-1-300x225.jpg 300w, https:\/\/www.kwsantiques.de\/wp-content\/uploads\/2020\/12\/a288b-5-1-1024x769.jpg 1024w, https:\/\/www.kwsantiques.de\/wp-content\/uploads\/2020\/12\/a288b-5-1-768x577.jpg 768w, https:\/\/www.kwsantiques.de\/wp-content\/uploads\/2020\/12\/a288b-5-1-1536x1154.jpg 1536w\" sizes=\"100vw\" \/><\/a>\n\t\t\t<\/div><\/figure>\n\t\t<\/div>\n\t\t<\/div>\n\t\t\t\t\t\t<\/div>\n\t\t\t\t<\/div>\n\t\t\t\t\t<\/div>\n\t\t<\/div>\n\t\t\t\t\t<\/div>\n\t\t<\/section>\n\t\t\t\t<section class=\"elementor-section elementor-top-section elementor-element elementor-element-6b94feff elementor-section-stretched elementor-section-boxed elementor-section-height-default elementor-section-height-default\" data-id=\"6b94feff\" data-element_type=\"section\" data-e-type=\"section\" data-settings=\"{&quot;stretch_section&quot;:&quot;section-stretched&quot;}\">\n\t\t\t\t\t\t<div class=\"elementor-container elementor-column-gap-default\">\n\t\t\t\t\t<div class=\"elementor-column elementor-col-100 elementor-top-column elementor-element elementor-element-eef3f45\" data-id=\"eef3f45\" data-element_type=\"column\" data-e-type=\"column\">\n\t\t\t<div class=\"elementor-widget-wrap elementor-element-populated\">\n\t\t\t\t\t\t<div class=\"elementor-element elementor-element-247e3831 elementor-widget elementor-widget-text-editor\" data-id=\"247e3831\" data-element_type=\"widget\" data-e-type=\"widget\" data-widget_type=\"text-editor.default\">\n\t\t\t\t<div class=\"elementor-widget-container\">\n\t\t\t\t\t\t\t\t\t<p>Museums-Kanonendeck f\u00fcr eine Kanone etwa im Kaliber 1lb (Rohrl\u00e4nge um 80cm). Gebaut aus Eichenholz mit gr\u00f6\u00dftenteils eisernen Beschl\u00e4gen. Komplett mit Takelage zum Bewegen der Bordwand-Klappe und des Gesch\u00fctzes. Ebenfalls dabei sind zwei Sets eiserner Kanonenkugeln. Gebaut von Willy Schroeter ca. 1980.<\/p><p>Artikel A288b. 2.000EUR.<\/p><p>\u00a0<\/p>\t\t\t\t\t\t\t\t<\/div>\n\t\t\t\t<\/div>\n\t\t\t\t\t<\/div>\n\t\t<\/div>\n\t\t\t\t\t<\/div>\n\t\t<\/section>\n\t\t\t\t<\/div>\n\t\t","protected":false},"excerpt":{"rendered":"<p>Museums-Kanonendeck f\u00fcr eine Kanone etwa im Kaliber 1lb (Rohrl\u00e4nge um 80cm). Gebaut aus Eichenholz mit gr\u00f6\u00dftenteils eisernen Beschl\u00e4gen. Komplett mit Takelage zum Bewegen der Bordwand-Klappe und des Gesch\u00fctzes. Ebenfalls dabei sind zwei Sets eiserner Kanonenkugeln. Gebaut von Willy Schroeter ca. 1980. Artikel A288b. 2.000EUR. \u00a0<\/p>\n","protected":false},"author":1,"featured_media":0,"parent":117,"menu_order":0,"comment_status":"closed","ping_status":"closed","template":"","meta":{"ngg_post_thumbnail":0,"iawp_total_views":1,"footnotes":""},"class_list":["post-1058","page","type-page","status-publish","hentry"],"_links":{"self":[{"href":"https:\/\/www.kwsantiques.de\/index.php?rest_route=\/wp\/v2\/pages\/1058","targetHints":{"allow":["GET"]}}],"collection":[{"href":"https:\/\/www.kwsantiques.de\/index.php?rest_route=\/wp\/v2\/pages"}],"about":[{"href":"https:\/\/www.kwsantiques.de\/index.php?rest_route=\/wp\/v2\/types\/page"}],"author":[{"embeddable":true,"href":"https:\/\/www.kwsantiques.de\/index.php?rest_route=\/wp\/v2\/users\/1"}],"replies":[{"embeddable":true,"href":"https:\/\/www.kwsantiques.de\/index.php?rest_route=%2Fwp%2Fv2%2Fcomments&post=1058"}],"version-history":[{"count":4,"href":"https:\/\/www.kwsantiques.de\/index.php?rest_route=\/wp\/v2\/pages\/1058\/revisions"}],"predecessor-version":[{"id":1062,"href":"https:\/\/www.kwsantiques.de\/index.php?rest_route=\/wp\/v2\/pages\/1058\/revisions\/1062"}],"up":[{"embeddable":true,"href":"https:\/\/www.kwsantiques.de\/index.php?rest_route=\/wp\/v2\/pages\/117"}],"wp:attachment":[{"href":"https:\/\/www.kwsantiques.de\/index.php?rest_route=%2Fwp%2Fv2%2Fmedia&parent=1058"}],"curies":[{"name":"wp","href":"https:\/\/api.w.org\/{rel}","templated":true}]}}