{"id":1064,"date":"2021-01-04T20:17:06","date_gmt":"2021-01-04T20:17:06","guid":{"rendered":"https:\/\/www.kwsantiques.de\/?page_id=1064"},"modified":"2021-01-04T20:19:50","modified_gmt":"2021-01-04T20:19:50","slug":"kanonen-modell-aus-bronze-artikel-h106","status":"publish","type":"page","link":"https:\/\/www.kwsantiques.de\/?page_id=1064&lang=de","title":{"rendered":"Kanonen-Modell aus Bronze,  Artikel H106"},"content":{"rendered":"\t\t<div data-elementor-type=\"wp-page\" data-elementor-id=\"1064\" class=\"elementor elementor-1064\">\n\t\t\t\t\t\t<section class=\"elementor-section elementor-top-section elementor-element elementor-element-4a0a167 elementor-section-boxed elementor-section-height-default elementor-section-height-default\" data-id=\"4a0a167\" data-element_type=\"section\" data-e-type=\"section\">\n\t\t\t\t\t\t<div class=\"elementor-container elementor-column-gap-default\">\n\t\t\t\t\t<div class=\"elementor-column elementor-col-100 elementor-top-column elementor-element elementor-element-42360b79\" data-id=\"42360b79\" data-element_type=\"column\" data-e-type=\"column\">\n\t\t\t<div class=\"elementor-widget-wrap elementor-element-populated\">\n\t\t\t\t\t\t<div class=\"elementor-element elementor-element-7b3eae33 elementor-widget elementor-widget-spacer\" data-id=\"7b3eae33\" data-element_type=\"widget\" data-e-type=\"widget\" data-widget_type=\"spacer.default\">\n\t\t\t\t<div class=\"elementor-widget-container\">\n\t\t\t\t\t\t\t<div class=\"elementor-spacer\">\n\t\t\t<div class=\"elementor-spacer-inner\"><\/div>\n\t\t<\/div>\n\t\t\t\t\t\t<\/div>\n\t\t\t\t<\/div>\n\t\t\t\t\t<\/div>\n\t\t<\/div>\n\t\t\t\t\t<\/div>\n\t\t<\/section>\n\t\t\t\t<section class=\"elementor-section elementor-top-section elementor-element elementor-element-7b2a1696 elementor-section-stretched elementor-section-boxed elementor-section-height-default elementor-section-height-default\" data-id=\"7b2a1696\" data-element_type=\"section\" data-e-type=\"section\" data-settings=\"{&quot;stretch_section&quot;:&quot;section-stretched&quot;,&quot;background_background&quot;:&quot;classic&quot;}\">\n\t\t\t\t\t\t<div class=\"elementor-container elementor-column-gap-default\">\n\t\t\t\t\t<div class=\"elementor-column elementor-col-100 elementor-top-column elementor-element elementor-element-4945ca62\" data-id=\"4945ca62\" data-element_type=\"column\" data-e-type=\"column\">\n\t\t\t<div class=\"elementor-widget-wrap elementor-element-populated\">\n\t\t\t\t\t\t<div class=\"elementor-element elementor-element-eb99899 elementor-widget elementor-widget-image-gallery\" data-id=\"eb99899\" data-element_type=\"widget\" data-e-type=\"widget\" data-widget_type=\"image-gallery.default\">\n\t\t\t\t<div class=\"elementor-widget-container\">\n\t\t\t\t\t\t\t<div class=\"elementor-image-gallery\">\n\t\t\t<div id='gallery-1' class='gallery galleryid-1064 gallery-columns-3 gallery-size-medium'><figure class='gallery-item'>\n\t\t\t<div class='gallery-icon landscape'>\n\t\t\t\t<a data-elementor-open-lightbox=\"yes\" data-elementor-lightbox-slideshow=\"eb99899\" data-elementor-lightbox-title=\"h106-3-1\" data-e-action-hash=\"#elementor-action%3Aaction%3Dlightbox%26settings%3DeyJpZCI6NTAxLCJ1cmwiOiJodHRwczpcL1wvd3d3Lmt3c2FudGlxdWVzLmRlXC93cC1jb250ZW50XC91cGxvYWRzXC8yMDIwXC8xMlwvaDEwNi0zLTEuanBnIiwic2xpZGVzaG93IjoiZWI5OTg5OSJ9\" href='https:\/\/www.kwsantiques.de\/wp-content\/uploads\/2020\/12\/h106-3-1.jpg'><img fetchpriority=\"high\" decoding=\"async\" width=\"300\" height=\"203\" src=\"https:\/\/www.kwsantiques.de\/wp-content\/uploads\/2020\/12\/h106-3-1-300x203.jpg\" class=\"attachment-medium size-medium\" alt=\"\" srcset=\"https:\/\/www.kwsantiques.de\/wp-content\/uploads\/2020\/12\/h106-3-1-300x203.jpg 300w, https:\/\/www.kwsantiques.de\/wp-content\/uploads\/2020\/12\/h106-3-1-768x518.jpg 768w, https:\/\/www.kwsantiques.de\/wp-content\/uploads\/2020\/12\/h106-3-1.jpg 800w\" sizes=\"100vw\" \/><\/a>\n\t\t\t<\/div><\/figure><figure class='gallery-item'>\n\t\t\t<div class='gallery-icon landscape'>\n\t\t\t\t<a data-elementor-open-lightbox=\"yes\" data-elementor-lightbox-slideshow=\"eb99899\" data-elementor-lightbox-title=\"h106-2\" data-e-action-hash=\"#elementor-action%3Aaction%3Dlightbox%26settings%3DeyJpZCI6NTAwLCJ1cmwiOiJodHRwczpcL1wvd3d3Lmt3c2FudGlxdWVzLmRlXC93cC1jb250ZW50XC91cGxvYWRzXC8yMDIwXC8xMlwvaDEwNi0yLmpwZyIsInNsaWRlc2hvdyI6ImViOTk4OTkifQ%3D%3D\" href='https:\/\/www.kwsantiques.de\/wp-content\/uploads\/2020\/12\/h106-2.jpg'><img decoding=\"async\" width=\"300\" height=\"167\" src=\"https:\/\/www.kwsantiques.de\/wp-content\/uploads\/2020\/12\/h106-2-300x167.jpg\" class=\"attachment-medium size-medium\" alt=\"\" srcset=\"https:\/\/www.kwsantiques.de\/wp-content\/uploads\/2020\/12\/h106-2-300x167.jpg 300w, https:\/\/www.kwsantiques.de\/wp-content\/uploads\/2020\/12\/h106-2-768x427.jpg 768w, https:\/\/www.kwsantiques.de\/wp-content\/uploads\/2020\/12\/h106-2.jpg 800w\" sizes=\"100vw\" \/><\/a>\n\t\t\t<\/div><\/figure><figure class='gallery-item'>\n\t\t\t<div class='gallery-icon landscape'>\n\t\t\t\t<a data-elementor-open-lightbox=\"yes\" data-elementor-lightbox-slideshow=\"eb99899\" data-elementor-lightbox-title=\"h106-1\" data-e-action-hash=\"#elementor-action%3Aaction%3Dlightbox%26settings%3DeyJpZCI6NDk5LCJ1cmwiOiJodHRwczpcL1wvd3d3Lmt3c2FudGlxdWVzLmRlXC93cC1jb250ZW50XC91cGxvYWRzXC8yMDIwXC8xMlwvaDEwNi0xLmpwZyIsInNsaWRlc2hvdyI6ImViOTk4OTkifQ%3D%3D\" href='https:\/\/www.kwsantiques.de\/wp-content\/uploads\/2020\/12\/h106-1.jpg'><img decoding=\"async\" width=\"300\" height=\"200\" src=\"https:\/\/www.kwsantiques.de\/wp-content\/uploads\/2020\/12\/h106-1-300x200.jpg\" class=\"attachment-medium size-medium\" alt=\"\" srcset=\"https:\/\/www.kwsantiques.de\/wp-content\/uploads\/2020\/12\/h106-1-300x200.jpg 300w, https:\/\/www.kwsantiques.de\/wp-content\/uploads\/2020\/12\/h106-1-768x512.jpg 768w, https:\/\/www.kwsantiques.de\/wp-content\/uploads\/2020\/12\/h106-1.jpg 800w\" sizes=\"100vw\" \/><\/a>\n\t\t\t<\/div><\/figure>\n\t\t<\/div>\n\t\t<\/div>\n\t\t\t\t\t\t<\/div>\n\t\t\t\t<\/div>\n\t\t\t\t\t<\/div>\n\t\t<\/div>\n\t\t\t\t\t<\/div>\n\t\t<\/section>\n\t\t\t\t<section class=\"elementor-section elementor-top-section elementor-element elementor-element-26e669a5 elementor-section-stretched elementor-section-boxed elementor-section-height-default elementor-section-height-default\" data-id=\"26e669a5\" data-element_type=\"section\" data-e-type=\"section\" data-settings=\"{&quot;stretch_section&quot;:&quot;section-stretched&quot;}\">\n\t\t\t\t\t\t<div class=\"elementor-container elementor-column-gap-default\">\n\t\t\t\t\t<div class=\"elementor-column elementor-col-100 elementor-top-column elementor-element elementor-element-4820747a\" data-id=\"4820747a\" data-element_type=\"column\" data-e-type=\"column\">\n\t\t\t<div class=\"elementor-widget-wrap elementor-element-populated\">\n\t\t\t\t\t\t<div class=\"elementor-element elementor-element-7177fe17 elementor-widget elementor-widget-text-editor\" data-id=\"7177fe17\" data-element_type=\"widget\" data-e-type=\"widget\" data-widget_type=\"text-editor.default\">\n\t\t\t\t<div class=\"elementor-widget-container\">\n\t\t\t\t\t\t\t\t\t<p>Sehr sch\u00f6ne kleine Kanone mit Bronze-Rohr. Lafette aus Eiche von Willy Schr\u00f6ter. L\u00e4nge 19cm, Kaliber 1,8cm, schie\u00dfbar.<\/p>\n<p>Artikel H106. 1.000EUR.<\/p>\t\t\t\t\t\t\t\t<\/div>\n\t\t\t\t<\/div>\n\t\t\t\t\t<\/div>\n\t\t<\/div>\n\t\t\t\t\t<\/div>\n\t\t<\/section>\n\t\t\t\t<\/div>\n\t\t","protected":false},"excerpt":{"rendered":"<p>Sehr sch\u00f6ne kleine Kanone mit Bronze-Rohr. Lafette aus Eiche von Willy Schr\u00f6ter. L\u00e4nge 19cm, Kaliber 1,8cm, schie\u00dfbar. Artikel H106. 1.000EUR.<\/p>\n","protected":false},"author":1,"featured_media":0,"parent":117,"menu_order":0,"comment_status":"closed","ping_status":"closed","template":"","meta":{"ngg_post_thumbnail":0,"iawp_total_views":9,"footnotes":""},"class_list":["post-1064","page","type-page","status-publish","hentry"],"_links":{"self":[{"href":"https:\/\/www.kwsantiques.de\/index.php?rest_route=\/wp\/v2\/pages\/1064","targetHints":{"allow":["GET"]}}],"collection":[{"href":"https:\/\/www.kwsantiques.de\/index.php?rest_route=\/wp\/v2\/pages"}],"about":[{"href":"https:\/\/www.kwsantiques.de\/index.php?rest_route=\/wp\/v2\/types\/page"}],"author":[{"embeddable":true,"href":"https:\/\/www.kwsantiques.de\/index.php?rest_route=\/wp\/v2\/users\/1"}],"replies":[{"embeddable":true,"href":"https:\/\/www.kwsantiques.de\/index.php?rest_route=%2Fwp%2Fv2%2Fcomments&post=1064"}],"version-history":[{"count":7,"href":"https:\/\/www.kwsantiques.de\/index.php?rest_route=\/wp\/v2\/pages\/1064\/revisions"}],"predecessor-version":[{"id":1071,"href":"https:\/\/www.kwsantiques.de\/index.php?rest_route=\/wp\/v2\/pages\/1064\/revisions\/1071"}],"up":[{"embeddable":true,"href":"https:\/\/www.kwsantiques.de\/index.php?rest_route=\/wp\/v2\/pages\/117"}],"wp:attachment":[{"href":"https:\/\/www.kwsantiques.de\/index.php?rest_route=%2Fwp%2Fv2%2Fmedia&parent=1064"}],"curies":[{"name":"wp","href":"https:\/\/api.w.org\/{rel}","templated":true}]}}