{"id":1134,"date":"2021-01-06T17:50:56","date_gmt":"2021-01-06T17:50:56","guid":{"rendered":"https:\/\/www.kwsantiques.de\/?page_id=1134"},"modified":"2021-01-06T17:59:20","modified_gmt":"2021-01-06T17:59:20","slug":"kurzer-saebel-der-britischen-marine","status":"publish","type":"page","link":"https:\/\/www.kwsantiques.de\/?page_id=1134&lang=de","title":{"rendered":"Kurzer S\u00e4bel der britischen Marine"},"content":{"rendered":"\t\t<div data-elementor-type=\"wp-page\" data-elementor-id=\"1134\" class=\"elementor elementor-1134\">\n\t\t\t\t\t\t<section class=\"elementor-section elementor-top-section elementor-element elementor-element-39a1d94 elementor-section-boxed elementor-section-height-default elementor-section-height-default\" data-id=\"39a1d94\" data-element_type=\"section\" data-e-type=\"section\">\n\t\t\t\t\t\t<div class=\"elementor-container elementor-column-gap-default\">\n\t\t\t\t\t<div class=\"elementor-column elementor-col-100 elementor-top-column elementor-element elementor-element-6724245\" data-id=\"6724245\" data-element_type=\"column\" data-e-type=\"column\">\n\t\t\t<div class=\"elementor-widget-wrap elementor-element-populated\">\n\t\t\t\t\t\t<div class=\"elementor-element elementor-element-44f2f6c8 elementor-widget elementor-widget-spacer\" data-id=\"44f2f6c8\" data-element_type=\"widget\" data-e-type=\"widget\" data-widget_type=\"spacer.default\">\n\t\t\t\t<div class=\"elementor-widget-container\">\n\t\t\t\t\t\t\t<div class=\"elementor-spacer\">\n\t\t\t<div class=\"elementor-spacer-inner\"><\/div>\n\t\t<\/div>\n\t\t\t\t\t\t<\/div>\n\t\t\t\t<\/div>\n\t\t\t\t\t<\/div>\n\t\t<\/div>\n\t\t\t\t\t<\/div>\n\t\t<\/section>\n\t\t\t\t<section class=\"elementor-section elementor-top-section elementor-element elementor-element-1bce4cb8 elementor-section-stretched elementor-section-boxed elementor-section-height-default elementor-section-height-default\" data-id=\"1bce4cb8\" data-element_type=\"section\" data-e-type=\"section\" data-settings=\"{&quot;stretch_section&quot;:&quot;section-stretched&quot;,&quot;background_background&quot;:&quot;classic&quot;}\">\n\t\t\t\t\t\t<div class=\"elementor-container elementor-column-gap-default\">\n\t\t\t\t\t<div class=\"elementor-column elementor-col-100 elementor-top-column elementor-element elementor-element-3b559994\" data-id=\"3b559994\" data-element_type=\"column\" data-e-type=\"column\">\n\t\t\t<div class=\"elementor-widget-wrap elementor-element-populated\">\n\t\t\t\t\t\t<div class=\"elementor-element elementor-element-2cd11070 elementor-widget elementor-widget-image\" data-id=\"2cd11070\" data-element_type=\"widget\" data-e-type=\"widget\" data-widget_type=\"image.default\">\n\t\t\t\t<div class=\"elementor-widget-container\">\n\t\t\t\t\t\t\t\t\t\t\t\t\t\t\t<img fetchpriority=\"high\" decoding=\"async\" width=\"2560\" height=\"1707\" src=\"https:\/\/www.kwsantiques.de\/wp-content\/uploads\/2020\/12\/c195-9607-3big-scaled.jpg\" class=\"attachment-full size-full wp-image-305\" alt=\"\" srcset=\"https:\/\/www.kwsantiques.de\/wp-content\/uploads\/2020\/12\/c195-9607-3big-scaled.jpg 2560w, https:\/\/www.kwsantiques.de\/wp-content\/uploads\/2020\/12\/c195-9607-3big-300x200.jpg 300w, https:\/\/www.kwsantiques.de\/wp-content\/uploads\/2020\/12\/c195-9607-3big-1024x683.jpg 1024w, https:\/\/www.kwsantiques.de\/wp-content\/uploads\/2020\/12\/c195-9607-3big-768x512.jpg 768w, https:\/\/www.kwsantiques.de\/wp-content\/uploads\/2020\/12\/c195-9607-3big-1536x1024.jpg 1536w, https:\/\/www.kwsantiques.de\/wp-content\/uploads\/2020\/12\/c195-9607-3big-2048x1365.jpg 2048w\" sizes=\"100vw\" \/>\t\t\t\t\t\t\t\t\t\t\t\t\t\t\t<\/div>\n\t\t\t\t<\/div>\n\t\t\t\t<div class=\"elementor-element elementor-element-a500b96 elementor-widget elementor-widget-image\" data-id=\"a500b96\" data-element_type=\"widget\" data-e-type=\"widget\" data-widget_type=\"image.default\">\n\t\t\t\t<div class=\"elementor-widget-container\">\n\t\t\t\t\t\t\t\t\t\t\t\t\t\t\t<img decoding=\"async\" width=\"2560\" height=\"1707\" src=\"https:\/\/www.kwsantiques.de\/wp-content\/uploads\/2020\/12\/c195-9608-4big-scaled.jpg\" class=\"attachment-full size-full wp-image-294\" alt=\"\" srcset=\"https:\/\/www.kwsantiques.de\/wp-content\/uploads\/2020\/12\/c195-9608-4big-scaled.jpg 2560w, https:\/\/www.kwsantiques.de\/wp-content\/uploads\/2020\/12\/c195-9608-4big-300x200.jpg 300w, https:\/\/www.kwsantiques.de\/wp-content\/uploads\/2020\/12\/c195-9608-4big-1024x683.jpg 1024w, https:\/\/www.kwsantiques.de\/wp-content\/uploads\/2020\/12\/c195-9608-4big-768x512.jpg 768w, https:\/\/www.kwsantiques.de\/wp-content\/uploads\/2020\/12\/c195-9608-4big-1536x1024.jpg 1536w, https:\/\/www.kwsantiques.de\/wp-content\/uploads\/2020\/12\/c195-9608-4big-2048x1365.jpg 2048w\" sizes=\"100vw\" \/>\t\t\t\t\t\t\t\t\t\t\t\t\t\t\t<\/div>\n\t\t\t\t<\/div>\n\t\t\t\t<div class=\"elementor-element elementor-element-2d34f45 elementor-widget elementor-widget-image\" data-id=\"2d34f45\" data-element_type=\"widget\" data-e-type=\"widget\" data-widget_type=\"image.default\">\n\t\t\t\t<div class=\"elementor-widget-container\">\n\t\t\t\t\t\t\t\t\t\t\t\t\t\t\t<img decoding=\"async\" width=\"1706\" height=\"2560\" src=\"https:\/\/www.kwsantiques.de\/wp-content\/uploads\/2020\/12\/c195-9611-5big-scaled.jpg\" class=\"attachment-full size-full wp-image-309\" alt=\"\" srcset=\"https:\/\/www.kwsantiques.de\/wp-content\/uploads\/2020\/12\/c195-9611-5big-scaled.jpg 1706w, https:\/\/www.kwsantiques.de\/wp-content\/uploads\/2020\/12\/c195-9611-5big-200x300.jpg 200w, https:\/\/www.kwsantiques.de\/wp-content\/uploads\/2020\/12\/c195-9611-5big-683x1024.jpg 683w, https:\/\/www.kwsantiques.de\/wp-content\/uploads\/2020\/12\/c195-9611-5big-768x1152.jpg 768w, https:\/\/www.kwsantiques.de\/wp-content\/uploads\/2020\/12\/c195-9611-5big-1024x1536.jpg 1024w, https:\/\/www.kwsantiques.de\/wp-content\/uploads\/2020\/12\/c195-9611-5big-1365x2048.jpg 1365w\" sizes=\"100vw\" \/>\t\t\t\t\t\t\t\t\t\t\t\t\t\t\t<\/div>\n\t\t\t\t<\/div>\n\t\t\t\t<div class=\"elementor-element elementor-element-0cc5964 elementor-widget elementor-widget-image\" data-id=\"0cc5964\" data-element_type=\"widget\" data-e-type=\"widget\" data-widget_type=\"image.default\">\n\t\t\t\t<div class=\"elementor-widget-container\">\n\t\t\t\t\t\t\t\t\t\t\t\t\t\t\t<img loading=\"lazy\" decoding=\"async\" width=\"2560\" height=\"1707\" src=\"https:\/\/www.kwsantiques.de\/wp-content\/uploads\/2020\/12\/c195-9614-6big-scaled.jpg\" class=\"attachment-full size-full wp-image-310\" alt=\"\" srcset=\"https:\/\/www.kwsantiques.de\/wp-content\/uploads\/2020\/12\/c195-9614-6big-scaled.jpg 2560w, https:\/\/www.kwsantiques.de\/wp-content\/uploads\/2020\/12\/c195-9614-6big-300x200.jpg 300w, https:\/\/www.kwsantiques.de\/wp-content\/uploads\/2020\/12\/c195-9614-6big-1024x683.jpg 1024w, https:\/\/www.kwsantiques.de\/wp-content\/uploads\/2020\/12\/c195-9614-6big-768x512.jpg 768w, https:\/\/www.kwsantiques.de\/wp-content\/uploads\/2020\/12\/c195-9614-6big-1536x1024.jpg 1536w, https:\/\/www.kwsantiques.de\/wp-content\/uploads\/2020\/12\/c195-9614-6big-2048x1365.jpg 2048w\" sizes=\"100vw\" \/>\t\t\t\t\t\t\t\t\t\t\t\t\t\t\t<\/div>\n\t\t\t\t<\/div>\n\t\t\t\t<div class=\"elementor-element elementor-element-ef42729 elementor-widget elementor-widget-image\" data-id=\"ef42729\" data-element_type=\"widget\" data-e-type=\"widget\" data-widget_type=\"image.default\">\n\t\t\t\t<div class=\"elementor-widget-container\">\n\t\t\t\t\t\t\t\t\t\t\t\t\t\t\t<img loading=\"lazy\" decoding=\"async\" width=\"2560\" height=\"1707\" src=\"https:\/\/www.kwsantiques.de\/wp-content\/uploads\/2020\/12\/c195-9616-7big-scaled.jpg\" class=\"attachment-full size-full wp-image-311\" alt=\"\" srcset=\"https:\/\/www.kwsantiques.de\/wp-content\/uploads\/2020\/12\/c195-9616-7big-scaled.jpg 2560w, https:\/\/www.kwsantiques.de\/wp-content\/uploads\/2020\/12\/c195-9616-7big-300x200.jpg 300w, https:\/\/www.kwsantiques.de\/wp-content\/uploads\/2020\/12\/c195-9616-7big-1024x683.jpg 1024w, https:\/\/www.kwsantiques.de\/wp-content\/uploads\/2020\/12\/c195-9616-7big-768x512.jpg 768w, https:\/\/www.kwsantiques.de\/wp-content\/uploads\/2020\/12\/c195-9616-7big-1536x1024.jpg 1536w, https:\/\/www.kwsantiques.de\/wp-content\/uploads\/2020\/12\/c195-9616-7big-2048x1365.jpg 2048w\" sizes=\"100vw\" \/>\t\t\t\t\t\t\t\t\t\t\t\t\t\t\t<\/div>\n\t\t\t\t<\/div>\n\t\t\t\t<div class=\"elementor-element elementor-element-e9e7c2d elementor-widget elementor-widget-image\" data-id=\"e9e7c2d\" data-element_type=\"widget\" data-e-type=\"widget\" data-widget_type=\"image.default\">\n\t\t\t\t<div class=\"elementor-widget-container\">\n\t\t\t\t\t\t\t\t\t\t\t\t\t\t\t<img loading=\"lazy\" decoding=\"async\" width=\"2560\" height=\"1707\" src=\"https:\/\/www.kwsantiques.de\/wp-content\/uploads\/2020\/12\/c195-9617-8big-scaled.jpg\" class=\"attachment-full size-full wp-image-312\" alt=\"\" srcset=\"https:\/\/www.kwsantiques.de\/wp-content\/uploads\/2020\/12\/c195-9617-8big-scaled.jpg 2560w, https:\/\/www.kwsantiques.de\/wp-content\/uploads\/2020\/12\/c195-9617-8big-300x200.jpg 300w, https:\/\/www.kwsantiques.de\/wp-content\/uploads\/2020\/12\/c195-9617-8big-1024x683.jpg 1024w, https:\/\/www.kwsantiques.de\/wp-content\/uploads\/2020\/12\/c195-9617-8big-768x512.jpg 768w, https:\/\/www.kwsantiques.de\/wp-content\/uploads\/2020\/12\/c195-9617-8big-1536x1024.jpg 1536w, https:\/\/www.kwsantiques.de\/wp-content\/uploads\/2020\/12\/c195-9617-8big-2048x1365.jpg 2048w\" sizes=\"100vw\" \/>\t\t\t\t\t\t\t\t\t\t\t\t\t\t\t<\/div>\n\t\t\t\t<\/div>\n\t\t\t\t<div class=\"elementor-element elementor-element-5f44172 elementor-widget elementor-widget-image\" data-id=\"5f44172\" data-element_type=\"widget\" data-e-type=\"widget\" data-widget_type=\"image.default\">\n\t\t\t\t<div class=\"elementor-widget-container\">\n\t\t\t\t\t\t\t\t\t\t\t\t\t\t\t<img loading=\"lazy\" decoding=\"async\" width=\"2560\" height=\"1707\" src=\"https:\/\/www.kwsantiques.de\/wp-content\/uploads\/2020\/12\/c195-9620-9big-scaled.jpg\" class=\"attachment-full size-full wp-image-313\" alt=\"\" srcset=\"https:\/\/www.kwsantiques.de\/wp-content\/uploads\/2020\/12\/c195-9620-9big-scaled.jpg 2560w, https:\/\/www.kwsantiques.de\/wp-content\/uploads\/2020\/12\/c195-9620-9big-300x200.jpg 300w, https:\/\/www.kwsantiques.de\/wp-content\/uploads\/2020\/12\/c195-9620-9big-1024x683.jpg 1024w, https:\/\/www.kwsantiques.de\/wp-content\/uploads\/2020\/12\/c195-9620-9big-768x512.jpg 768w, https:\/\/www.kwsantiques.de\/wp-content\/uploads\/2020\/12\/c195-9620-9big-1536x1024.jpg 1536w, https:\/\/www.kwsantiques.de\/wp-content\/uploads\/2020\/12\/c195-9620-9big-2048x1365.jpg 2048w\" sizes=\"100vw\" \/>\t\t\t\t\t\t\t\t\t\t\t\t\t\t\t<\/div>\n\t\t\t\t<\/div>\n\t\t\t\t<div class=\"elementor-element elementor-element-a00456c elementor-widget elementor-widget-image\" data-id=\"a00456c\" data-element_type=\"widget\" data-e-type=\"widget\" data-widget_type=\"image.default\">\n\t\t\t\t<div class=\"elementor-widget-container\">\n\t\t\t\t\t\t\t\t\t\t\t\t\t\t\t<img loading=\"lazy\" decoding=\"async\" width=\"2560\" height=\"1707\" src=\"https:\/\/www.kwsantiques.de\/wp-content\/uploads\/2020\/12\/c195-9626-10big-scaled.jpg\" class=\"attachment-full size-full wp-image-314\" alt=\"\" srcset=\"https:\/\/www.kwsantiques.de\/wp-content\/uploads\/2020\/12\/c195-9626-10big-scaled.jpg 2560w, https:\/\/www.kwsantiques.de\/wp-content\/uploads\/2020\/12\/c195-9626-10big-300x200.jpg 300w, https:\/\/www.kwsantiques.de\/wp-content\/uploads\/2020\/12\/c195-9626-10big-1024x683.jpg 1024w, https:\/\/www.kwsantiques.de\/wp-content\/uploads\/2020\/12\/c195-9626-10big-768x512.jpg 768w, https:\/\/www.kwsantiques.de\/wp-content\/uploads\/2020\/12\/c195-9626-10big-1536x1024.jpg 1536w, https:\/\/www.kwsantiques.de\/wp-content\/uploads\/2020\/12\/c195-9626-10big-2048x1365.jpg 2048w\" sizes=\"100vw\" \/>\t\t\t\t\t\t\t\t\t\t\t\t\t\t\t<\/div>\n\t\t\t\t<\/div>\n\t\t\t\t<div class=\"elementor-element elementor-element-067f38d elementor-widget elementor-widget-image\" data-id=\"067f38d\" data-element_type=\"widget\" data-e-type=\"widget\" data-widget_type=\"image.default\">\n\t\t\t\t<div class=\"elementor-widget-container\">\n\t\t\t\t\t\t\t\t\t\t\t\t\t\t\t<img loading=\"lazy\" decoding=\"async\" width=\"2560\" height=\"1707\" src=\"https:\/\/www.kwsantiques.de\/wp-content\/uploads\/2020\/12\/c195-9631-11big-scaled.jpg\" class=\"attachment-full size-full wp-image-315\" alt=\"\" srcset=\"https:\/\/www.kwsantiques.de\/wp-content\/uploads\/2020\/12\/c195-9631-11big-scaled.jpg 2560w, https:\/\/www.kwsantiques.de\/wp-content\/uploads\/2020\/12\/c195-9631-11big-300x200.jpg 300w, https:\/\/www.kwsantiques.de\/wp-content\/uploads\/2020\/12\/c195-9631-11big-1024x683.jpg 1024w, https:\/\/www.kwsantiques.de\/wp-content\/uploads\/2020\/12\/c195-9631-11big-768x512.jpg 768w, https:\/\/www.kwsantiques.de\/wp-content\/uploads\/2020\/12\/c195-9631-11big-1536x1024.jpg 1536w, https:\/\/www.kwsantiques.de\/wp-content\/uploads\/2020\/12\/c195-9631-11big-2048x1365.jpg 2048w\" sizes=\"100vw\" \/>\t\t\t\t\t\t\t\t\t\t\t\t\t\t\t<\/div>\n\t\t\t\t<\/div>\n\t\t\t\t\t<\/div>\n\t\t<\/div>\n\t\t\t\t\t<\/div>\n\t\t<\/section>\n\t\t\t\t<section class=\"elementor-section elementor-top-section elementor-element elementor-element-4bd813f5 elementor-section-stretched elementor-section-boxed elementor-section-height-default elementor-section-height-default\" data-id=\"4bd813f5\" data-element_type=\"section\" data-e-type=\"section\" data-settings=\"{&quot;stretch_section&quot;:&quot;section-stretched&quot;}\">\n\t\t\t\t\t\t<div class=\"elementor-container elementor-column-gap-default\">\n\t\t\t\t\t<div class=\"elementor-column elementor-col-100 elementor-top-column elementor-element elementor-element-61c78c01\" data-id=\"61c78c01\" data-element_type=\"column\" data-e-type=\"column\">\n\t\t\t<div class=\"elementor-widget-wrap elementor-element-populated\">\n\t\t\t\t\t\t<div class=\"elementor-element elementor-element-88e316f elementor-widget elementor-widget-image\" data-id=\"88e316f\" data-element_type=\"widget\" data-e-type=\"widget\" data-widget_type=\"image.default\">\n\t\t\t\t<div class=\"elementor-widget-container\">\n\t\t\t\t\t\t\t\t\t\t\t\t\t\t\t<img loading=\"lazy\" decoding=\"async\" width=\"2560\" height=\"1707\" src=\"https:\/\/www.kwsantiques.de\/wp-content\/uploads\/2020\/12\/c195-9601-1big-scaled.jpg\" class=\"attachment-full size-full wp-image-306\" alt=\"\" srcset=\"https:\/\/www.kwsantiques.de\/wp-content\/uploads\/2020\/12\/c195-9601-1big-scaled.jpg 2560w, https:\/\/www.kwsantiques.de\/wp-content\/uploads\/2020\/12\/c195-9601-1big-300x200.jpg 300w, https:\/\/www.kwsantiques.de\/wp-content\/uploads\/2020\/12\/c195-9601-1big-1024x683.jpg 1024w, https:\/\/www.kwsantiques.de\/wp-content\/uploads\/2020\/12\/c195-9601-1big-768x512.jpg 768w, https:\/\/www.kwsantiques.de\/wp-content\/uploads\/2020\/12\/c195-9601-1big-1536x1024.jpg 1536w, https:\/\/www.kwsantiques.de\/wp-content\/uploads\/2020\/12\/c195-9601-1big-2048x1365.jpg 2048w\" sizes=\"100vw\" \/>\t\t\t\t\t\t\t\t\t\t\t\t\t\t\t<\/div>\n\t\t\t\t<\/div>\n\t\t\t\t<div class=\"elementor-element elementor-element-e670a9f elementor-widget elementor-widget-image\" data-id=\"e670a9f\" data-element_type=\"widget\" data-e-type=\"widget\" data-widget_type=\"image.default\">\n\t\t\t\t<div class=\"elementor-widget-container\">\n\t\t\t\t\t\t\t\t\t\t\t\t\t\t\t<img loading=\"lazy\" decoding=\"async\" width=\"2560\" height=\"1707\" src=\"https:\/\/www.kwsantiques.de\/wp-content\/uploads\/2020\/12\/c195-9602-2big-scaled.jpg\" class=\"attachment-full size-full wp-image-308\" alt=\"\" srcset=\"https:\/\/www.kwsantiques.de\/wp-content\/uploads\/2020\/12\/c195-9602-2big-scaled.jpg 2560w, https:\/\/www.kwsantiques.de\/wp-content\/uploads\/2020\/12\/c195-9602-2big-300x200.jpg 300w, https:\/\/www.kwsantiques.de\/wp-content\/uploads\/2020\/12\/c195-9602-2big-1024x683.jpg 1024w, https:\/\/www.kwsantiques.de\/wp-content\/uploads\/2020\/12\/c195-9602-2big-768x512.jpg 768w, https:\/\/www.kwsantiques.de\/wp-content\/uploads\/2020\/12\/c195-9602-2big-1536x1024.jpg 1536w, https:\/\/www.kwsantiques.de\/wp-content\/uploads\/2020\/12\/c195-9602-2big-2048x1365.jpg 2048w\" sizes=\"100vw\" \/>\t\t\t\t\t\t\t\t\t\t\t\t\t\t\t<\/div>\n\t\t\t\t<\/div>\n\t\t\t\t<div class=\"elementor-element elementor-element-69ca7535 elementor-widget elementor-widget-text-editor\" data-id=\"69ca7535\" data-element_type=\"widget\" data-e-type=\"widget\" data-widget_type=\"text-editor.default\">\n\t\t\t\t<div class=\"elementor-widget-container\">\n\t\t\t\t\t\t\t\t\t<p>Sehr seltener kurzer S\u00e4bel (Cutlass), ca. 1850. Kr\u00e4ftige Klinge, 62mm breit am Griffschutz und 8mm dick, mit einer 120mm Fehlsch\u00e4rfe. Gesamtl\u00e4nge der Klinge 400mm. Griffschutz aus Stahl. Ledergriff mit Umwicklungen aus Kupferband. Scheide aus Metall eingeschraubter Klingenfassung.<\/p><p>Artikel C195. 1.000EUR.<\/p>\t\t\t\t\t\t\t\t<\/div>\n\t\t\t\t<\/div>\n\t\t\t\t\t<\/div>\n\t\t<\/div>\n\t\t\t\t\t<\/div>\n\t\t<\/section>\n\t\t\t\t<\/div>\n\t\t","protected":false},"excerpt":{"rendered":"<p>Sehr seltener kurzer S\u00e4bel (Cutlass), ca. 1850. Kr\u00e4ftige Klinge, 62mm breit am Griffschutz und 8mm dick, mit einer 120mm Fehlsch\u00e4rfe. Gesamtl\u00e4nge der Klinge 400mm. Griffschutz aus Stahl. Ledergriff mit Umwicklungen aus Kupferband. Scheide aus Metall eingeschraubter Klingenfassung. Artikel C195. 1.000EUR.<\/p>\n","protected":false},"author":1,"featured_media":0,"parent":148,"menu_order":0,"comment_status":"closed","ping_status":"closed","template":"","meta":{"ngg_post_thumbnail":0,"iawp_total_views":21,"footnotes":""},"class_list":["post-1134","page","type-page","status-publish","hentry"],"_links":{"self":[{"href":"https:\/\/www.kwsantiques.de\/index.php?rest_route=\/wp\/v2\/pages\/1134","targetHints":{"allow":["GET"]}}],"collection":[{"href":"https:\/\/www.kwsantiques.de\/index.php?rest_route=\/wp\/v2\/pages"}],"about":[{"href":"https:\/\/www.kwsantiques.de\/index.php?rest_route=\/wp\/v2\/types\/page"}],"author":[{"embeddable":true,"href":"https:\/\/www.kwsantiques.de\/index.php?rest_route=\/wp\/v2\/users\/1"}],"replies":[{"embeddable":true,"href":"https:\/\/www.kwsantiques.de\/index.php?rest_route=%2Fwp%2Fv2%2Fcomments&post=1134"}],"version-history":[{"count":7,"href":"https:\/\/www.kwsantiques.de\/index.php?rest_route=\/wp\/v2\/pages\/1134\/revisions"}],"predecessor-version":[{"id":1142,"href":"https:\/\/www.kwsantiques.de\/index.php?rest_route=\/wp\/v2\/pages\/1134\/revisions\/1142"}],"up":[{"embeddable":true,"href":"https:\/\/www.kwsantiques.de\/index.php?rest_route=\/wp\/v2\/pages\/148"}],"wp:attachment":[{"href":"https:\/\/www.kwsantiques.de\/index.php?rest_route=%2Fwp%2Fv2%2Fmedia&parent=1134"}],"curies":[{"name":"wp","href":"https:\/\/api.w.org\/{rel}","templated":true}]}}