{"id":1150,"date":"2021-01-06T18:09:19","date_gmt":"2021-01-06T18:09:19","guid":{"rendered":"https:\/\/www.kwsantiques.de\/?page_id=1150"},"modified":"2021-01-10T21:43:02","modified_gmt":"2021-01-10T21:43:02","slug":"saebe-der-niederlaendischen-marine-infantrie","status":"publish","type":"page","link":"https:\/\/www.kwsantiques.de\/?page_id=1150&lang=de","title":{"rendered":"S\u00e4bel der niederl\u00e4ndischen Marine-Infanterie"},"content":{"rendered":"\t\t<div data-elementor-type=\"wp-page\" data-elementor-id=\"1150\" class=\"elementor elementor-1150\">\n\t\t\t\t\t\t<section class=\"elementor-section elementor-top-section elementor-element elementor-element-1c126d0c elementor-section-boxed elementor-section-height-default elementor-section-height-default\" data-id=\"1c126d0c\" data-element_type=\"section\" data-e-type=\"section\">\n\t\t\t\t\t\t<div class=\"elementor-container elementor-column-gap-default\">\n\t\t\t\t\t<div class=\"elementor-column elementor-col-100 elementor-top-column elementor-element elementor-element-4523c824\" data-id=\"4523c824\" data-element_type=\"column\" data-e-type=\"column\">\n\t\t\t<div class=\"elementor-widget-wrap elementor-element-populated\">\n\t\t\t\t\t\t<div class=\"elementor-element elementor-element-4c5f58e6 elementor-widget elementor-widget-spacer\" data-id=\"4c5f58e6\" data-element_type=\"widget\" data-e-type=\"widget\" data-widget_type=\"spacer.default\">\n\t\t\t\t<div class=\"elementor-widget-container\">\n\t\t\t\t\t\t\t<div class=\"elementor-spacer\">\n\t\t\t<div class=\"elementor-spacer-inner\"><\/div>\n\t\t<\/div>\n\t\t\t\t\t\t<\/div>\n\t\t\t\t<\/div>\n\t\t\t\t\t<\/div>\n\t\t<\/div>\n\t\t\t\t\t<\/div>\n\t\t<\/section>\n\t\t\t\t<section class=\"elementor-section elementor-top-section elementor-element elementor-element-591f83c6 elementor-section-stretched elementor-section-boxed elementor-section-height-default elementor-section-height-default\" data-id=\"591f83c6\" data-element_type=\"section\" data-e-type=\"section\" data-settings=\"{&quot;stretch_section&quot;:&quot;section-stretched&quot;,&quot;background_background&quot;:&quot;classic&quot;}\">\n\t\t\t\t\t\t<div class=\"elementor-container elementor-column-gap-default\">\n\t\t\t\t\t<div class=\"elementor-column elementor-col-100 elementor-top-column elementor-element elementor-element-700c672d\" data-id=\"700c672d\" data-element_type=\"column\" data-e-type=\"column\">\n\t\t\t<div class=\"elementor-widget-wrap elementor-element-populated\">\n\t\t\t\t\t\t<div class=\"elementor-element elementor-element-17ceeb4b elementor-widget elementor-widget-image\" data-id=\"17ceeb4b\" data-element_type=\"widget\" data-e-type=\"widget\" data-widget_type=\"image.default\">\n\t\t\t\t<div class=\"elementor-widget-container\">\n\t\t\t\t\t\t\t\t\t\t\t\t\t\t\t<img fetchpriority=\"high\" decoding=\"async\" width=\"800\" height=\"314\" src=\"https:\/\/www.kwsantiques.de\/wp-content\/uploads\/2020\/12\/c186-1.jpg\" class=\"attachment-full size-full wp-image-419\" alt=\"\" srcset=\"https:\/\/www.kwsantiques.de\/wp-content\/uploads\/2020\/12\/c186-1.jpg 800w, https:\/\/www.kwsantiques.de\/wp-content\/uploads\/2020\/12\/c186-1-300x118.jpg 300w, https:\/\/www.kwsantiques.de\/wp-content\/uploads\/2020\/12\/c186-1-768x301.jpg 768w\" sizes=\"100vw\" \/>\t\t\t\t\t\t\t\t\t\t\t\t\t\t\t<\/div>\n\t\t\t\t<\/div>\n\t\t\t\t<div class=\"elementor-element elementor-element-87d0187 elementor-widget elementor-widget-image\" data-id=\"87d0187\" data-element_type=\"widget\" data-e-type=\"widget\" data-widget_type=\"image.default\">\n\t\t\t\t<div class=\"elementor-widget-container\">\n\t\t\t\t\t\t\t\t\t\t\t\t\t\t\t<img decoding=\"async\" width=\"800\" height=\"621\" src=\"https:\/\/www.kwsantiques.de\/wp-content\/uploads\/2020\/12\/c186-2-1.jpg\" class=\"attachment-full size-full wp-image-420\" alt=\"\" srcset=\"https:\/\/www.kwsantiques.de\/wp-content\/uploads\/2020\/12\/c186-2-1.jpg 800w, https:\/\/www.kwsantiques.de\/wp-content\/uploads\/2020\/12\/c186-2-1-300x233.jpg 300w, https:\/\/www.kwsantiques.de\/wp-content\/uploads\/2020\/12\/c186-2-1-768x596.jpg 768w\" sizes=\"100vw\" \/>\t\t\t\t\t\t\t\t\t\t\t\t\t\t\t<\/div>\n\t\t\t\t<\/div>\n\t\t\t\t\t<\/div>\n\t\t<\/div>\n\t\t\t\t\t<\/div>\n\t\t<\/section>\n\t\t\t\t<section class=\"elementor-section elementor-top-section elementor-element elementor-element-1fbfeea elementor-section-stretched elementor-section-boxed elementor-section-height-default elementor-section-height-default\" data-id=\"1fbfeea\" data-element_type=\"section\" data-e-type=\"section\" data-settings=\"{&quot;stretch_section&quot;:&quot;section-stretched&quot;}\">\n\t\t\t\t\t\t<div class=\"elementor-container elementor-column-gap-default\">\n\t\t\t\t\t<div class=\"elementor-column elementor-col-100 elementor-top-column elementor-element elementor-element-513d2b6e\" data-id=\"513d2b6e\" data-element_type=\"column\" data-e-type=\"column\">\n\t\t\t<div class=\"elementor-widget-wrap elementor-element-populated\">\n\t\t\t\t\t\t<div class=\"elementor-element elementor-element-3d17f224 elementor-widget elementor-widget-text-editor\" data-id=\"3d17f224\" data-element_type=\"widget\" data-e-type=\"widget\" data-widget_type=\"text-editor.default\">\n\t\t\t\t<div class=\"elementor-widget-container\">\n\t\t\t\t\t\t\t\t\t<p>Ein Marine-S\u00e4bel mit offenem Messing-Gef\u00e4\u00df, Holzgriff und zweischneidiger, gerader, nicht gesch\u00e4rfter Klinge, 59,5cm lang und 3,5cm breit. Mit originaler Scheide. Vermutlich franz\u00f6sische Produktion f\u00fcr das holl\u00e4ndische Marine-Corps. Sehr guter Zustand.<\/p><p>Artikel C186. 500EUR.<\/p>\t\t\t\t\t\t\t\t<\/div>\n\t\t\t\t<\/div>\n\t\t\t\t\t<\/div>\n\t\t<\/div>\n\t\t\t\t\t<\/div>\n\t\t<\/section>\n\t\t\t\t<\/div>\n\t\t","protected":false},"excerpt":{"rendered":"<p>Ein Marine-S\u00e4bel mit offenem Messing-Gef\u00e4\u00df, Holzgriff und zweischneidiger, gerader, nicht gesch\u00e4rfter Klinge, 59,5cm lang und 3,5cm breit. Mit originaler Scheide. Vermutlich franz\u00f6sische Produktion f\u00fcr das holl\u00e4ndische Marine-Corps. Sehr guter Zustand. Artikel C186. 500EUR.<\/p>\n","protected":false},"author":1,"featured_media":0,"parent":148,"menu_order":0,"comment_status":"closed","ping_status":"closed","template":"","meta":{"ngg_post_thumbnail":0,"iawp_total_views":8,"footnotes":""},"class_list":["post-1150","page","type-page","status-publish","hentry"],"_links":{"self":[{"href":"https:\/\/www.kwsantiques.de\/index.php?rest_route=\/wp\/v2\/pages\/1150","targetHints":{"allow":["GET"]}}],"collection":[{"href":"https:\/\/www.kwsantiques.de\/index.php?rest_route=\/wp\/v2\/pages"}],"about":[{"href":"https:\/\/www.kwsantiques.de\/index.php?rest_route=\/wp\/v2\/types\/page"}],"author":[{"embeddable":true,"href":"https:\/\/www.kwsantiques.de\/index.php?rest_route=\/wp\/v2\/users\/1"}],"replies":[{"embeddable":true,"href":"https:\/\/www.kwsantiques.de\/index.php?rest_route=%2Fwp%2Fv2%2Fcomments&post=1150"}],"version-history":[{"count":6,"href":"https:\/\/www.kwsantiques.de\/index.php?rest_route=\/wp\/v2\/pages\/1150\/revisions"}],"predecessor-version":[{"id":1282,"href":"https:\/\/www.kwsantiques.de\/index.php?rest_route=\/wp\/v2\/pages\/1150\/revisions\/1282"}],"up":[{"embeddable":true,"href":"https:\/\/www.kwsantiques.de\/index.php?rest_route=\/wp\/v2\/pages\/148"}],"wp:attachment":[{"href":"https:\/\/www.kwsantiques.de\/index.php?rest_route=%2Fwp%2Fv2%2Fmedia&parent=1150"}],"curies":[{"name":"wp","href":"https:\/\/api.w.org\/{rel}","templated":true}]}}