{"id":1181,"date":"2021-01-10T19:41:00","date_gmt":"2021-01-10T19:41:00","guid":{"rendered":"https:\/\/www.kwsantiques.de\/?page_id=1181"},"modified":"2021-01-10T19:42:11","modified_gmt":"2021-01-10T19:42:11","slug":"ein-set-von-zwei-niederlaendischen-kupferstichen-17-jh","status":"publish","type":"page","link":"https:\/\/www.kwsantiques.de\/?page_id=1181&lang=de","title":{"rendered":"Ein Set von zwei niederl\u00e4ndischen Kupferstichen, 17. Jh."},"content":{"rendered":"\t\t<div data-elementor-type=\"wp-page\" data-elementor-id=\"1181\" class=\"elementor elementor-1181\">\n\t\t\t\t\t\t<section class=\"elementor-section elementor-top-section elementor-element elementor-element-48b6e383 elementor-section-boxed elementor-section-height-default elementor-section-height-default\" data-id=\"48b6e383\" data-element_type=\"section\" data-e-type=\"section\">\n\t\t\t\t\t\t<div class=\"elementor-container elementor-column-gap-default\">\n\t\t\t\t\t<div class=\"elementor-column elementor-col-100 elementor-top-column elementor-element elementor-element-587ab313\" data-id=\"587ab313\" data-element_type=\"column\" data-e-type=\"column\">\n\t\t\t<div class=\"elementor-widget-wrap elementor-element-populated\">\n\t\t\t\t\t\t<div class=\"elementor-element elementor-element-5cc6d03a elementor-widget elementor-widget-spacer\" data-id=\"5cc6d03a\" data-element_type=\"widget\" data-e-type=\"widget\" data-widget_type=\"spacer.default\">\n\t\t\t\t<div class=\"elementor-widget-container\">\n\t\t\t\t\t\t\t<div class=\"elementor-spacer\">\n\t\t\t<div class=\"elementor-spacer-inner\"><\/div>\n\t\t<\/div>\n\t\t\t\t\t\t<\/div>\n\t\t\t\t<\/div>\n\t\t\t\t\t<\/div>\n\t\t<\/div>\n\t\t\t\t\t<\/div>\n\t\t<\/section>\n\t\t\t\t<section class=\"elementor-section elementor-top-section elementor-element elementor-element-7b54ed3f elementor-section-stretched elementor-section-boxed elementor-section-height-default elementor-section-height-default\" data-id=\"7b54ed3f\" data-element_type=\"section\" data-e-type=\"section\" data-settings=\"{&quot;stretch_section&quot;:&quot;section-stretched&quot;,&quot;background_background&quot;:&quot;classic&quot;}\">\n\t\t\t\t\t\t<div class=\"elementor-container elementor-column-gap-default\">\n\t\t\t\t\t<div class=\"elementor-column elementor-col-100 elementor-top-column elementor-element elementor-element-2eac71fe\" data-id=\"2eac71fe\" data-element_type=\"column\" data-e-type=\"column\">\n\t\t\t<div class=\"elementor-widget-wrap elementor-element-populated\">\n\t\t\t\t\t\t<div class=\"elementor-element elementor-element-f1d82b7 elementor-widget elementor-widget-image-gallery\" data-id=\"f1d82b7\" data-element_type=\"widget\" data-e-type=\"widget\" data-widget_type=\"image-gallery.default\">\n\t\t\t\t<div class=\"elementor-widget-container\">\n\t\t\t\t\t\t\t<div class=\"elementor-image-gallery\">\n\t\t\t<div id='gallery-1' class='gallery galleryid-1181 gallery-columns-3 gallery-size-medium'><figure class='gallery-item'>\n\t\t\t<div class='gallery-icon landscape'>\n\t\t\t\t<a data-elementor-open-lightbox=\"yes\" data-elementor-lightbox-slideshow=\"f1d82b7\" data-elementor-lightbox-title=\"Ein Set von zwei niederl\u00e4ndischen Kupferstichen, 17. Jh.\" data-e-action-hash=\"#elementor-action%3Aaction%3Dlightbox%26settings%3DeyJpZCI6OTAzLCJ1cmwiOiJodHRwczpcL1wvd3d3Lmt3c2FudGlxdWVzLmRlXC93cC1jb250ZW50XC91cGxvYWRzXC8yMDIxXC8wMVwvazM2MC0zLmpwZyIsInNsaWRlc2hvdyI6ImYxZDgyYjcifQ%3D%3D\" href='https:\/\/www.kwsantiques.de\/wp-content\/uploads\/2021\/01\/k360-3.jpg'><img fetchpriority=\"high\" decoding=\"async\" width=\"300\" height=\"244\" src=\"https:\/\/www.kwsantiques.de\/wp-content\/uploads\/2021\/01\/k360-3-300x244.jpg\" class=\"attachment-medium size-medium\" alt=\"\" srcset=\"https:\/\/www.kwsantiques.de\/wp-content\/uploads\/2021\/01\/k360-3-300x244.jpg 300w, https:\/\/www.kwsantiques.de\/wp-content\/uploads\/2021\/01\/k360-3-768x625.jpg 768w, https:\/\/www.kwsantiques.de\/wp-content\/uploads\/2021\/01\/k360-3.jpg 780w\" sizes=\"100vw\" \/><\/a>\n\t\t\t<\/div><\/figure><figure class='gallery-item'>\n\t\t\t<div class='gallery-icon landscape'>\n\t\t\t\t<a data-elementor-open-lightbox=\"yes\" data-elementor-lightbox-slideshow=\"f1d82b7\" data-elementor-lightbox-title=\"Ein Set von zwei niederl\u00e4ndischen Kupferstichen, 17. Jh.\" data-e-action-hash=\"#elementor-action%3Aaction%3Dlightbox%26settings%3DeyJpZCI6OTAyLCJ1cmwiOiJodHRwczpcL1wvd3d3Lmt3c2FudGlxdWVzLmRlXC93cC1jb250ZW50XC91cGxvYWRzXC8yMDIxXC8wMVwvazM2MC0yLmpwZyIsInNsaWRlc2hvdyI6ImYxZDgyYjcifQ%3D%3D\" href='https:\/\/www.kwsantiques.de\/wp-content\/uploads\/2021\/01\/k360-2.jpg'><img decoding=\"async\" width=\"300\" height=\"191\" src=\"https:\/\/www.kwsantiques.de\/wp-content\/uploads\/2021\/01\/k360-2-300x191.jpg\" class=\"attachment-medium size-medium\" alt=\"\" srcset=\"https:\/\/www.kwsantiques.de\/wp-content\/uploads\/2021\/01\/k360-2-300x191.jpg 300w, https:\/\/www.kwsantiques.de\/wp-content\/uploads\/2021\/01\/k360-2-768x489.jpg 768w, https:\/\/www.kwsantiques.de\/wp-content\/uploads\/2021\/01\/k360-2.jpg 778w\" sizes=\"100vw\" \/><\/a>\n\t\t\t<\/div><\/figure><figure class='gallery-item'>\n\t\t\t<div class='gallery-icon landscape'>\n\t\t\t\t<a data-elementor-open-lightbox=\"yes\" data-elementor-lightbox-slideshow=\"f1d82b7\" data-elementor-lightbox-title=\"Ein Set von zwei niederl\u00e4ndischen Kupferstichen, 17. Jh.\" data-e-action-hash=\"#elementor-action%3Aaction%3Dlightbox%26settings%3DeyJpZCI6ODk1LCJ1cmwiOiJodHRwczpcL1wvd3d3Lmt3c2FudGlxdWVzLmRlXC93cC1jb250ZW50XC91cGxvYWRzXC8yMDIxXC8wMVwvazM2MC0xLmpwZyIsInNsaWRlc2hvdyI6ImYxZDgyYjcifQ%3D%3D\" href='https:\/\/www.kwsantiques.de\/wp-content\/uploads\/2021\/01\/k360-1.jpg'><img decoding=\"async\" width=\"300\" height=\"172\" src=\"https:\/\/www.kwsantiques.de\/wp-content\/uploads\/2021\/01\/k360-1-300x172.jpg\" class=\"attachment-medium size-medium\" alt=\"\" srcset=\"https:\/\/www.kwsantiques.de\/wp-content\/uploads\/2021\/01\/k360-1-300x172.jpg 300w, https:\/\/www.kwsantiques.de\/wp-content\/uploads\/2021\/01\/k360-1.jpg 706w\" sizes=\"100vw\" \/><\/a>\n\t\t\t<\/div><\/figure>\n\t\t<\/div>\n\t\t<\/div>\n\t\t\t\t\t\t<\/div>\n\t\t\t\t<\/div>\n\t\t\t\t\t<\/div>\n\t\t<\/div>\n\t\t\t\t\t<\/div>\n\t\t<\/section>\n\t\t\t\t<section class=\"elementor-section elementor-top-section elementor-element elementor-element-1e73e542 elementor-section-stretched elementor-section-boxed elementor-section-height-default elementor-section-height-default\" data-id=\"1e73e542\" data-element_type=\"section\" data-e-type=\"section\" data-settings=\"{&quot;stretch_section&quot;:&quot;section-stretched&quot;}\">\n\t\t\t\t\t\t<div class=\"elementor-container elementor-column-gap-default\">\n\t\t\t\t\t<div class=\"elementor-column elementor-col-100 elementor-top-column elementor-element elementor-element-3a4432fd\" data-id=\"3a4432fd\" data-element_type=\"column\" data-e-type=\"column\">\n\t\t\t<div class=\"elementor-widget-wrap elementor-element-populated\">\n\t\t\t\t\t\t<div class=\"elementor-element elementor-element-4ed428fa elementor-widget elementor-widget-text-editor\" data-id=\"4ed428fa\" data-element_type=\"widget\" data-e-type=\"widget\" data-widget_type=\"text-editor.default\">\n\t\t\t\t<div class=\"elementor-widget-container\">\n\t\t\t\t\t\t\t\t\t<p>Ein Set von zwei niederl\u00e4ndischen Kupferstichen, 17. Jh.<br \/><br \/>Gr\u00f6\u00dfe der Rahmen 46x36cm, sichtbares Bild 30x19cm.<br \/><br \/>Das erste Bild tr\u00e4gt den Text &#8220;Afbeeldinge vande twee Bloedige Zeeflagen gehouden op den 7 en 14 Juny 1673 tussen <br \/>de Maghtige Zee vlooten van Vranckryk en Engelandt tegen die vande Vereen Nederlanden&#8221;.<br \/><br \/>Das zweite Bild hat die \u00dcberschrift &#8220;t Eylandt MARTINIQUE&#8221;<br \/><br \/>Beide Bilder sind in sehr gutem Zustand. Die Rahmen haben einige tiefe Kratzer.<br \/><br \/>Artikel K360. 300EUR.<\/p>\t\t\t\t\t\t\t\t<\/div>\n\t\t\t\t<\/div>\n\t\t\t\t\t<\/div>\n\t\t<\/div>\n\t\t\t\t\t<\/div>\n\t\t<\/section>\n\t\t\t\t<\/div>\n\t\t","protected":false},"excerpt":{"rendered":"<p>Ein Set von zwei niederl\u00e4ndischen Kupferstichen, 17. Jh. Gr\u00f6\u00dfe der Rahmen 46x36cm, sichtbares Bild 30x19cm. Das erste Bild tr\u00e4gt den Text &#8220;Afbeeldinge vande twee Bloedige Zeeflagen gehouden op den 7 en 14 Juny 1673 tussen de Maghtige Zee vlooten van Vranckryk en Engelandt tegen die vande Vereen Nederlanden&#8221;. Das zweite Bild hat die \u00dcberschrift &#8220;t &hellip; <\/p>\n<p class=\"link-more\"><a href=\"https:\/\/www.kwsantiques.de\/?page_id=1181&#038;lang=de\" class=\"more-link\">Continue reading<span class=\"screen-reader-text\"> &#8220;Ein Set von zwei niederl\u00e4ndischen Kupferstichen, 17. Jh.&#8221;<\/span><\/a><\/p>\n","protected":false},"author":1,"featured_media":0,"parent":120,"menu_order":0,"comment_status":"closed","ping_status":"closed","template":"","meta":{"ngg_post_thumbnail":0,"iawp_total_views":1,"footnotes":""},"class_list":["post-1181","page","type-page","status-publish","hentry"],"_links":{"self":[{"href":"https:\/\/www.kwsantiques.de\/index.php?rest_route=\/wp\/v2\/pages\/1181","targetHints":{"allow":["GET"]}}],"collection":[{"href":"https:\/\/www.kwsantiques.de\/index.php?rest_route=\/wp\/v2\/pages"}],"about":[{"href":"https:\/\/www.kwsantiques.de\/index.php?rest_route=\/wp\/v2\/types\/page"}],"author":[{"embeddable":true,"href":"https:\/\/www.kwsantiques.de\/index.php?rest_route=\/wp\/v2\/users\/1"}],"replies":[{"embeddable":true,"href":"https:\/\/www.kwsantiques.de\/index.php?rest_route=%2Fwp%2Fv2%2Fcomments&post=1181"}],"version-history":[{"count":4,"href":"https:\/\/www.kwsantiques.de\/index.php?rest_route=\/wp\/v2\/pages\/1181\/revisions"}],"predecessor-version":[{"id":1185,"href":"https:\/\/www.kwsantiques.de\/index.php?rest_route=\/wp\/v2\/pages\/1181\/revisions\/1185"}],"up":[{"embeddable":true,"href":"https:\/\/www.kwsantiques.de\/index.php?rest_route=\/wp\/v2\/pages\/120"}],"wp:attachment":[{"href":"https:\/\/www.kwsantiques.de\/index.php?rest_route=%2Fwp%2Fv2%2Fmedia&parent=1181"}],"curies":[{"name":"wp","href":"https:\/\/api.w.org\/{rel}","templated":true}]}}