{"id":1186,"date":"2021-01-10T19:47:06","date_gmt":"2021-01-10T19:47:06","guid":{"rendered":"https:\/\/www.kwsantiques.de\/?page_id=1186"},"modified":"2021-01-10T20:03:55","modified_gmt":"2021-01-10T20:03:55","slug":"vier-gerahmte-kupferstiche-18-jh","status":"publish","type":"page","link":"https:\/\/www.kwsantiques.de\/?page_id=1186&lang=de","title":{"rendered":"Vier gerahmte Kupferstiche, 18. Jh"},"content":{"rendered":"\t\t<div data-elementor-type=\"wp-page\" data-elementor-id=\"1186\" class=\"elementor elementor-1186\">\n\t\t\t\t\t\t<section class=\"elementor-section elementor-top-section elementor-element elementor-element-5534cc35 elementor-section-boxed elementor-section-height-default elementor-section-height-default\" data-id=\"5534cc35\" data-element_type=\"section\" data-e-type=\"section\">\n\t\t\t\t\t\t<div class=\"elementor-container elementor-column-gap-default\">\n\t\t\t\t\t<div class=\"elementor-column elementor-col-100 elementor-top-column elementor-element elementor-element-5aea2ee3\" data-id=\"5aea2ee3\" data-element_type=\"column\" data-e-type=\"column\">\n\t\t\t<div class=\"elementor-widget-wrap elementor-element-populated\">\n\t\t\t\t\t\t<div class=\"elementor-element elementor-element-12fe71aa elementor-widget elementor-widget-spacer\" data-id=\"12fe71aa\" data-element_type=\"widget\" data-e-type=\"widget\" data-widget_type=\"spacer.default\">\n\t\t\t\t<div class=\"elementor-widget-container\">\n\t\t\t\t\t\t\t<div class=\"elementor-spacer\">\n\t\t\t<div class=\"elementor-spacer-inner\"><\/div>\n\t\t<\/div>\n\t\t\t\t\t\t<\/div>\n\t\t\t\t<\/div>\n\t\t\t\t\t<\/div>\n\t\t<\/div>\n\t\t\t\t\t<\/div>\n\t\t<\/section>\n\t\t\t\t<section class=\"elementor-section elementor-top-section elementor-element elementor-element-73c8ab06 elementor-section-stretched elementor-section-boxed elementor-section-height-default elementor-section-height-default\" data-id=\"73c8ab06\" data-element_type=\"section\" data-e-type=\"section\" data-settings=\"{&quot;stretch_section&quot;:&quot;section-stretched&quot;,&quot;background_background&quot;:&quot;classic&quot;}\">\n\t\t\t\t\t\t<div class=\"elementor-container elementor-column-gap-default\">\n\t\t\t\t\t<div class=\"elementor-column elementor-col-100 elementor-top-column elementor-element elementor-element-2586f0\" data-id=\"2586f0\" data-element_type=\"column\" data-e-type=\"column\">\n\t\t\t<div class=\"elementor-widget-wrap elementor-element-populated\">\n\t\t\t\t\t\t<div class=\"elementor-element elementor-element-1b0a637 elementor-widget elementor-widget-image-gallery\" data-id=\"1b0a637\" data-element_type=\"widget\" data-e-type=\"widget\" data-widget_type=\"image-gallery.default\">\n\t\t\t\t<div class=\"elementor-widget-container\">\n\t\t\t\t\t\t\t<div class=\"elementor-image-gallery\">\n\t\t\t<div id='gallery-1' class='gallery galleryid-1186 gallery-columns-2 gallery-size-medium'><figure class='gallery-item'>\n\t\t\t<div class='gallery-icon landscape'>\n\t\t\t\t<a data-elementor-open-lightbox=\"yes\" data-elementor-lightbox-slideshow=\"1b0a637\" data-elementor-lightbox-title=\"k267-4\" data-e-action-hash=\"#elementor-action%3Aaction%3Dlightbox%26settings%3DeyJpZCI6OTA4LCJ1cmwiOiJodHRwczpcL1wvd3d3Lmt3c2FudGlxdWVzLmRlXC93cC1jb250ZW50XC91cGxvYWRzXC8yMDIxXC8wMVwvazI2Ny00LmpwZyIsInNsaWRlc2hvdyI6IjFiMGE2MzcifQ%3D%3D\" href='https:\/\/www.kwsantiques.de\/wp-content\/uploads\/2021\/01\/k267-4.jpg'><img decoding=\"async\" width=\"300\" height=\"160\" src=\"https:\/\/www.kwsantiques.de\/wp-content\/uploads\/2021\/01\/k267-4-300x160.jpg\" class=\"attachment-medium size-medium\" alt=\"\" srcset=\"https:\/\/www.kwsantiques.de\/wp-content\/uploads\/2021\/01\/k267-4-300x160.jpg 300w, https:\/\/www.kwsantiques.de\/wp-content\/uploads\/2021\/01\/k267-4-768x410.jpg 768w, https:\/\/www.kwsantiques.de\/wp-content\/uploads\/2021\/01\/k267-4.jpg 800w\" sizes=\"100vw\" \/><\/a>\n\t\t\t<\/div><\/figure><figure class='gallery-item'>\n\t\t\t<div class='gallery-icon landscape'>\n\t\t\t\t<a data-elementor-open-lightbox=\"yes\" data-elementor-lightbox-slideshow=\"1b0a637\" data-elementor-lightbox-title=\"k267-3\" data-e-action-hash=\"#elementor-action%3Aaction%3Dlightbox%26settings%3DeyJpZCI6OTA3LCJ1cmwiOiJodHRwczpcL1wvd3d3Lmt3c2FudGlxdWVzLmRlXC93cC1jb250ZW50XC91cGxvYWRzXC8yMDIxXC8wMVwvazI2Ny0zLmpwZyIsInNsaWRlc2hvdyI6IjFiMGE2MzcifQ%3D%3D\" href='https:\/\/www.kwsantiques.de\/wp-content\/uploads\/2021\/01\/k267-3.jpg'><img fetchpriority=\"high\" decoding=\"async\" width=\"300\" height=\"176\" src=\"https:\/\/www.kwsantiques.de\/wp-content\/uploads\/2021\/01\/k267-3-300x176.jpg\" class=\"attachment-medium size-medium\" alt=\"\" srcset=\"https:\/\/www.kwsantiques.de\/wp-content\/uploads\/2021\/01\/k267-3-300x176.jpg 300w, https:\/\/www.kwsantiques.de\/wp-content\/uploads\/2021\/01\/k267-3-768x451.jpg 768w, https:\/\/www.kwsantiques.de\/wp-content\/uploads\/2021\/01\/k267-3.jpg 800w\" sizes=\"100vw\" \/><\/a>\n\t\t\t<\/div><\/figure><figure class='gallery-item'>\n\t\t\t<div class='gallery-icon landscape'>\n\t\t\t\t<a data-elementor-open-lightbox=\"yes\" data-elementor-lightbox-slideshow=\"1b0a637\" data-elementor-lightbox-title=\"k267-2\" data-e-action-hash=\"#elementor-action%3Aaction%3Dlightbox%26settings%3DeyJpZCI6OTA2LCJ1cmwiOiJodHRwczpcL1wvd3d3Lmt3c2FudGlxdWVzLmRlXC93cC1jb250ZW50XC91cGxvYWRzXC8yMDIxXC8wMVwvazI2Ny0yLmpwZyIsInNsaWRlc2hvdyI6IjFiMGE2MzcifQ%3D%3D\" href='https:\/\/www.kwsantiques.de\/wp-content\/uploads\/2021\/01\/k267-2.jpg'><img decoding=\"async\" width=\"300\" height=\"174\" src=\"https:\/\/www.kwsantiques.de\/wp-content\/uploads\/2021\/01\/k267-2-300x174.jpg\" class=\"attachment-medium size-medium\" alt=\"\" srcset=\"https:\/\/www.kwsantiques.de\/wp-content\/uploads\/2021\/01\/k267-2-300x174.jpg 300w, https:\/\/www.kwsantiques.de\/wp-content\/uploads\/2021\/01\/k267-2-768x444.jpg 768w, https:\/\/www.kwsantiques.de\/wp-content\/uploads\/2021\/01\/k267-2.jpg 800w\" sizes=\"100vw\" \/><\/a>\n\t\t\t<\/div><\/figure><figure class='gallery-item'>\n\t\t\t<div class='gallery-icon landscape'>\n\t\t\t\t<a data-elementor-open-lightbox=\"yes\" data-elementor-lightbox-slideshow=\"1b0a637\" data-elementor-lightbox-title=\"k267\" data-e-action-hash=\"#elementor-action%3Aaction%3Dlightbox%26settings%3DeyJpZCI6ODk2LCJ1cmwiOiJodHRwczpcL1wvd3d3Lmt3c2FudGlxdWVzLmRlXC93cC1jb250ZW50XC91cGxvYWRzXC8yMDIxXC8wMVwvazI2Ny5qcGciLCJzbGlkZXNob3ciOiIxYjBhNjM3In0%3D\" href='https:\/\/www.kwsantiques.de\/wp-content\/uploads\/2021\/01\/k267.jpg'><img loading=\"lazy\" decoding=\"async\" width=\"300\" height=\"205\" src=\"https:\/\/www.kwsantiques.de\/wp-content\/uploads\/2021\/01\/k267-300x205.jpg\" class=\"attachment-medium size-medium\" alt=\"\" srcset=\"https:\/\/www.kwsantiques.de\/wp-content\/uploads\/2021\/01\/k267-300x205.jpg 300w, https:\/\/www.kwsantiques.de\/wp-content\/uploads\/2021\/01\/k267-768x525.jpg 768w, https:\/\/www.kwsantiques.de\/wp-content\/uploads\/2021\/01\/k267.jpg 800w\" sizes=\"100vw\" \/><\/a>\n\t\t\t<\/div><\/figure>\n\t\t<\/div>\n\t\t<\/div>\n\t\t\t\t\t\t<\/div>\n\t\t\t\t<\/div>\n\t\t\t\t\t<\/div>\n\t\t<\/div>\n\t\t\t\t\t<\/div>\n\t\t<\/section>\n\t\t\t\t<section class=\"elementor-section elementor-top-section elementor-element elementor-element-60e38427 elementor-section-stretched elementor-section-boxed elementor-section-height-default elementor-section-height-default\" data-id=\"60e38427\" data-element_type=\"section\" data-e-type=\"section\" data-settings=\"{&quot;stretch_section&quot;:&quot;section-stretched&quot;}\">\n\t\t\t\t\t\t<div class=\"elementor-container elementor-column-gap-default\">\n\t\t\t\t\t<div class=\"elementor-column elementor-col-100 elementor-top-column elementor-element elementor-element-60ac9733\" data-id=\"60ac9733\" data-element_type=\"column\" data-e-type=\"column\">\n\t\t\t<div class=\"elementor-widget-wrap elementor-element-populated\">\n\t\t\t\t\t\t<div class=\"elementor-element elementor-element-8e9cabe elementor-widget elementor-widget-text-editor\" data-id=\"8e9cabe\" data-element_type=\"widget\" data-e-type=\"widget\" data-widget_type=\"text-editor.default\">\n\t\t\t\t<div class=\"elementor-widget-container\">\n\t\t\t\t\t\t\t\t\t<p>Vier gerahmte Kupferstiche aus einem Journal von 1753 mit Szenen einer Expedition der britischen Marine gegen spanische Aktivit\u00e4ten im Pazifik 1740-1744. Flagschiff der Flotte war das mit 60 Kanonen best\u00fcckte Linienschiff Centurion unter Kommodore George Anson. Alle Texte sind zweisprachig in holl\u00e4ndisch und franz\u00f6sisch.<br \/>Die Drucke sind in durchschnittlichem Zustand, mit leicht sichtbaren vertikalen Knickfalten und einigen Flecken. Die Rahmen messen 50,5&#215;34,5cm und sind in schlechtem Zustand mit einigen tiefen Kratzern.<\/p><p>Weitere nicht gerahmte Drucke aus der gleichen Ver\u00f6ffentlichung bieten wir separat an.<\/p><p>Artikel K267. 400EUR.<\/p>\t\t\t\t\t\t\t\t<\/div>\n\t\t\t\t<\/div>\n\t\t\t\t\t<\/div>\n\t\t<\/div>\n\t\t\t\t\t<\/div>\n\t\t<\/section>\n\t\t\t\t<\/div>\n\t\t","protected":false},"excerpt":{"rendered":"<p>Vier gerahmte Kupferstiche aus einem Journal von 1753 mit Szenen einer Expedition der britischen Marine gegen spanische Aktivit\u00e4ten im Pazifik 1740-1744. Flagschiff der Flotte war das mit 60 Kanonen best\u00fcckte Linienschiff Centurion unter Kommodore George Anson. Alle Texte sind zweisprachig in holl\u00e4ndisch und franz\u00f6sisch.Die Drucke sind in durchschnittlichem Zustand, mit leicht sichtbaren vertikalen Knickfalten und &hellip; <\/p>\n<p class=\"link-more\"><a href=\"https:\/\/www.kwsantiques.de\/?page_id=1186&#038;lang=de\" class=\"more-link\">Continue reading<span class=\"screen-reader-text\"> &#8220;Vier gerahmte Kupferstiche, 18. Jh&#8221;<\/span><\/a><\/p>\n","protected":false},"author":1,"featured_media":0,"parent":120,"menu_order":0,"comment_status":"closed","ping_status":"closed","template":"","meta":{"ngg_post_thumbnail":0,"iawp_total_views":1,"footnotes":""},"class_list":["post-1186","page","type-page","status-publish","hentry"],"_links":{"self":[{"href":"https:\/\/www.kwsantiques.de\/index.php?rest_route=\/wp\/v2\/pages\/1186","targetHints":{"allow":["GET"]}}],"collection":[{"href":"https:\/\/www.kwsantiques.de\/index.php?rest_route=\/wp\/v2\/pages"}],"about":[{"href":"https:\/\/www.kwsantiques.de\/index.php?rest_route=\/wp\/v2\/types\/page"}],"author":[{"embeddable":true,"href":"https:\/\/www.kwsantiques.de\/index.php?rest_route=\/wp\/v2\/users\/1"}],"replies":[{"embeddable":true,"href":"https:\/\/www.kwsantiques.de\/index.php?rest_route=%2Fwp%2Fv2%2Fcomments&post=1186"}],"version-history":[{"count":3,"href":"https:\/\/www.kwsantiques.de\/index.php?rest_route=\/wp\/v2\/pages\/1186\/revisions"}],"predecessor-version":[{"id":1190,"href":"https:\/\/www.kwsantiques.de\/index.php?rest_route=\/wp\/v2\/pages\/1186\/revisions\/1190"}],"up":[{"embeddable":true,"href":"https:\/\/www.kwsantiques.de\/index.php?rest_route=\/wp\/v2\/pages\/120"}],"wp:attachment":[{"href":"https:\/\/www.kwsantiques.de\/index.php?rest_route=%2Fwp%2Fv2%2Fmedia&parent=1186"}],"curies":[{"name":"wp","href":"https:\/\/api.w.org\/{rel}","templated":true}]}}