{"id":1192,"date":"2021-01-10T20:10:38","date_gmt":"2021-01-10T20:10:38","guid":{"rendered":"https:\/\/www.kwsantiques.de\/?page_id=1192"},"modified":"2021-01-10T20:23:13","modified_gmt":"2021-01-10T20:23:13","slug":"ein-set-von-elf-gefalteten-stichen-1749","status":"publish","type":"page","link":"https:\/\/www.kwsantiques.de\/?page_id=1192&lang=de","title":{"rendered":"Ein Set von elf gefalteten Stichen, 1749"},"content":{"rendered":"\t\t<div data-elementor-type=\"wp-page\" data-elementor-id=\"1192\" class=\"elementor elementor-1192\">\n\t\t\t\t\t\t<section class=\"elementor-section elementor-top-section elementor-element elementor-element-325c97a2 elementor-section-boxed elementor-section-height-default elementor-section-height-default\" data-id=\"325c97a2\" data-element_type=\"section\" data-e-type=\"section\">\n\t\t\t\t\t\t<div class=\"elementor-container elementor-column-gap-default\">\n\t\t\t\t\t<div class=\"elementor-column elementor-col-100 elementor-top-column elementor-element elementor-element-6cad8fc5\" data-id=\"6cad8fc5\" data-element_type=\"column\" data-e-type=\"column\">\n\t\t\t<div class=\"elementor-widget-wrap elementor-element-populated\">\n\t\t\t\t\t\t<div class=\"elementor-element elementor-element-206d468a elementor-widget elementor-widget-spacer\" data-id=\"206d468a\" data-element_type=\"widget\" data-e-type=\"widget\" data-widget_type=\"spacer.default\">\n\t\t\t\t<div class=\"elementor-widget-container\">\n\t\t\t\t\t\t\t<div class=\"elementor-spacer\">\n\t\t\t<div class=\"elementor-spacer-inner\"><\/div>\n\t\t<\/div>\n\t\t\t\t\t\t<\/div>\n\t\t\t\t<\/div>\n\t\t\t\t\t<\/div>\n\t\t<\/div>\n\t\t\t\t\t<\/div>\n\t\t<\/section>\n\t\t\t\t<section class=\"elementor-section elementor-top-section elementor-element elementor-element-c037425 elementor-section-stretched elementor-section-boxed elementor-section-height-default elementor-section-height-default\" data-id=\"c037425\" data-element_type=\"section\" data-e-type=\"section\" data-settings=\"{&quot;stretch_section&quot;:&quot;section-stretched&quot;,&quot;background_background&quot;:&quot;classic&quot;}\">\n\t\t\t\t\t\t<div class=\"elementor-container elementor-column-gap-default\">\n\t\t\t\t\t<div class=\"elementor-column elementor-col-100 elementor-top-column elementor-element elementor-element-28fa4052\" data-id=\"28fa4052\" data-element_type=\"column\" data-e-type=\"column\">\n\t\t\t<div class=\"elementor-widget-wrap elementor-element-populated\">\n\t\t\t\t\t\t<div class=\"elementor-element elementor-element-15543ac0 elementor-widget elementor-widget-image-gallery\" data-id=\"15543ac0\" data-element_type=\"widget\" data-e-type=\"widget\" data-widget_type=\"image-gallery.default\">\n\t\t\t\t<div class=\"elementor-widget-container\">\n\t\t\t\t\t\t\t<div class=\"elementor-image-gallery\">\n\t\t\t<div id='gallery-1' class='gallery galleryid-1192 gallery-columns-4 gallery-size-thumbnail'><figure class='gallery-item'>\n\t\t\t<div class='gallery-icon portrait'>\n\t\t\t\t<a data-elementor-open-lightbox=\"yes\" data-elementor-lightbox-slideshow=\"15543ac0\" data-elementor-lightbox-title=\"Cover sheet of the set, 20x26,5cm. With manifold scribbled notes in ink.\" data-e-action-hash=\"#elementor-action%3Aaction%3Dlightbox%26settings%3DeyJpZCI6OTE2LCJ1cmwiOiJodHRwczpcL1wvd3d3Lmt3c2FudGlxdWVzLmRlXC93cC1jb250ZW50XC91cGxvYWRzXC8yMDIxXC8wMVwvazI3Ni02LTEuanBnIiwic2xpZGVzaG93IjoiMTU1NDNhYzAifQ%3D%3D\" href='https:\/\/www.kwsantiques.de\/wp-content\/uploads\/2021\/01\/k276-6-1.jpg'><img decoding=\"async\" width=\"150\" height=\"150\" src=\"https:\/\/www.kwsantiques.de\/wp-content\/uploads\/2021\/01\/k276-6-1-150x150.jpg\" class=\"attachment-thumbnail size-thumbnail\" alt=\"\" aria-describedby=\"gallery-1-916\" srcset=\"https:\/\/www.kwsantiques.de\/wp-content\/uploads\/2021\/01\/k276-6-1-150x150.jpg 150w, https:\/\/www.kwsantiques.de\/wp-content\/uploads\/2021\/01\/k276-6-1-100x100.jpg 100w\" sizes=\"100vw\" \/><\/a>\n\t\t\t<\/div>\n\t\t\t\t<figcaption class='wp-caption-text gallery-caption' id='gallery-1-916'>\n\t\t\t\tTitel des Sets, 20&#215;26,5cm. Mit diversen handschriftlichen Notizen.\n\t\t\t\t<\/figcaption><\/figure><figure class='gallery-item'>\n\t\t\t<div class='gallery-icon portrait'>\n\t\t\t\t<a data-elementor-open-lightbox=\"yes\" data-elementor-lightbox-slideshow=\"15543ac0\" data-elementor-lightbox-title=\"Map of the route round Cape Hoorn\" data-e-action-hash=\"#elementor-action%3Aaction%3Dlightbox%26settings%3DeyJpZCI6OTExLCJ1cmwiOiJodHRwczpcL1wvd3d3Lmt3c2FudGlxdWVzLmRlXC93cC1jb250ZW50XC91cGxvYWRzXC8yMDIxXC8wMVwvazI3Ni0xLmpwZyIsInNsaWRlc2hvdyI6IjE1NTQzYWMwIn0%3D\" href='https:\/\/www.kwsantiques.de\/wp-content\/uploads\/2021\/01\/k276-1.jpg'><img decoding=\"async\" width=\"150\" height=\"150\" src=\"https:\/\/www.kwsantiques.de\/wp-content\/uploads\/2021\/01\/k276-1-150x150.jpg\" class=\"attachment-thumbnail size-thumbnail\" alt=\"\" aria-describedby=\"gallery-1-911\" srcset=\"https:\/\/www.kwsantiques.de\/wp-content\/uploads\/2021\/01\/k276-1-150x150.jpg 150w, https:\/\/www.kwsantiques.de\/wp-content\/uploads\/2021\/01\/k276-1-100x100.jpg 100w\" sizes=\"100vw\" \/><\/a>\n\t\t\t<\/div>\n\t\t\t\t<figcaption class='wp-caption-text gallery-caption' id='gallery-1-911'>\n\t\t\t\tKarte der Route um Kap Hoorn von Katherine&#8217;s Island (Brasilien) nach Juan Fernandes (vor Chile). Eingezeichnet sind zwei Kurse, der berechnete und der gefahrene, woraus man sch\u00f6n die \u00fcbliche Abweichung in der Navigation im 18. Jahrhundert ersehen kann. 60x42cm. Partially cut to the margin.\n\t\t\t\t<\/figcaption><\/figure><figure class='gallery-item'>\n\t\t\t<div class='gallery-icon portrait'>\n\t\t\t\t<a data-elementor-open-lightbox=\"yes\" data-elementor-lightbox-slideshow=\"15543ac0\" data-elementor-lightbox-title=\"Map of the entry to St. Julian Harbour in Patagonia. 20x26,5cm.\" data-e-action-hash=\"#elementor-action%3Aaction%3Dlightbox%26settings%3DeyJpZCI6OTE3LCJ1cmwiOiJodHRwczpcL1wvd3d3Lmt3c2FudGlxdWVzLmRlXC93cC1jb250ZW50XC91cGxvYWRzXC8yMDIxXC8wMVwvazI3Ni03LmpwZyIsInNsaWRlc2hvdyI6IjE1NTQzYWMwIn0%3D\" href='https:\/\/www.kwsantiques.de\/wp-content\/uploads\/2021\/01\/k276-7.jpg'><img decoding=\"async\" width=\"150\" height=\"150\" src=\"https:\/\/www.kwsantiques.de\/wp-content\/uploads\/2021\/01\/k276-7-150x150.jpg\" class=\"attachment-thumbnail size-thumbnail\" alt=\"\" aria-describedby=\"gallery-1-917\" srcset=\"https:\/\/www.kwsantiques.de\/wp-content\/uploads\/2021\/01\/k276-7-150x150.jpg 150w, https:\/\/www.kwsantiques.de\/wp-content\/uploads\/2021\/01\/k276-7-100x100.jpg 100w\" sizes=\"100vw\" \/><\/a>\n\t\t\t<\/div>\n\t\t\t\t<figcaption class='wp-caption-text gallery-caption' id='gallery-1-917'>\n\t\t\t\tKarte des Eingangs zum Hafen von St. Julian in Patagonien. 20&#215;26,5cm.\n\t\t\t\t<\/figcaption><\/figure><figure class='gallery-item'>\n\t\t\t<div class='gallery-icon landscape'>\n\t\t\t\t<a data-elementor-open-lightbox=\"yes\" data-elementor-lightbox-slideshow=\"15543ac0\" data-elementor-lightbox-title=\"The fleet riding at ancor in the Magellan Strait. 41x26cm.\" data-e-action-hash=\"#elementor-action%3Aaction%3Dlightbox%26settings%3DeyJpZCI6OTE5LCJ1cmwiOiJodHRwczpcL1wvd3d3Lmt3c2FudGlxdWVzLmRlXC93cC1jb250ZW50XC91cGxvYWRzXC8yMDIxXC8wMVwvazI3Ni05LmpwZyIsInNsaWRlc2hvdyI6IjE1NTQzYWMwIn0%3D\" href='https:\/\/www.kwsantiques.de\/wp-content\/uploads\/2021\/01\/k276-9.jpg'><img loading=\"lazy\" decoding=\"async\" width=\"150\" height=\"150\" src=\"https:\/\/www.kwsantiques.de\/wp-content\/uploads\/2021\/01\/k276-9-150x150.jpg\" class=\"attachment-thumbnail size-thumbnail\" alt=\"\" aria-describedby=\"gallery-1-919\" srcset=\"https:\/\/www.kwsantiques.de\/wp-content\/uploads\/2021\/01\/k276-9-150x150.jpg 150w, https:\/\/www.kwsantiques.de\/wp-content\/uploads\/2021\/01\/k276-9-100x100.jpg 100w\" sizes=\"100vw\" \/><\/a>\n\t\t\t<\/div>\n\t\t\t\t<figcaption class='wp-caption-text gallery-caption' id='gallery-1-919'>\n\t\t\t\tDie Flotte vor Anker in der Magellan-Stra\u00dfe. 41x26cm.\n\t\t\t\t<\/figcaption><\/figure><figure class='gallery-item'>\n\t\t\t<div class='gallery-icon landscape'>\n\t\t\t\t<a data-elementor-open-lightbox=\"yes\" data-elementor-lightbox-slideshow=\"15543ac0\" data-elementor-lightbox-title=\"Map of the approach to Acapulco. 41x26cm.\" data-e-action-hash=\"#elementor-action%3Aaction%3Dlightbox%26settings%3DeyJpZCI6OTIxLCJ1cmwiOiJodHRwczpcL1wvd3d3Lmt3c2FudGlxdWVzLmRlXC93cC1jb250ZW50XC91cGxvYWRzXC8yMDIxXC8wMVwvazI3Ni0xMS5qcGciLCJzbGlkZXNob3ciOiIxNTU0M2FjMCJ9\" href='https:\/\/www.kwsantiques.de\/wp-content\/uploads\/2021\/01\/k276-11.jpg'><img loading=\"lazy\" decoding=\"async\" width=\"150\" height=\"150\" src=\"https:\/\/www.kwsantiques.de\/wp-content\/uploads\/2021\/01\/k276-11-150x150.jpg\" class=\"attachment-thumbnail size-thumbnail\" alt=\"\" aria-describedby=\"gallery-1-921\" srcset=\"https:\/\/www.kwsantiques.de\/wp-content\/uploads\/2021\/01\/k276-11-150x150.jpg 150w, https:\/\/www.kwsantiques.de\/wp-content\/uploads\/2021\/01\/k276-11-100x100.jpg 100w\" sizes=\"100vw\" \/><\/a>\n\t\t\t<\/div>\n\t\t\t\t<figcaption class='wp-caption-text gallery-caption' id='gallery-1-921'>\n\t\t\t\tKarten der Anfahrt auf Acapulco. 41x26cm.\n\t\t\t\t<\/figcaption><\/figure><figure class='gallery-item'>\n\t\t\t<div class='gallery-icon portrait'>\n\t\t\t\t<a data-elementor-open-lightbox=\"yes\" data-elementor-lightbox-slideshow=\"15543ac0\" data-elementor-lightbox-title=\"Map of Acapulco Harbour, featuring depths and landmarks. 21x26,5cm. Torn at the upper right edge.\" data-e-action-hash=\"#elementor-action%3Aaction%3Dlightbox%26settings%3DeyJpZCI6OTEyLCJ1cmwiOiJodHRwczpcL1wvd3d3Lmt3c2FudGlxdWVzLmRlXC93cC1jb250ZW50XC91cGxvYWRzXC8yMDIxXC8wMVwvazI3Ni0yLmpwZyIsInNsaWRlc2hvdyI6IjE1NTQzYWMwIn0%3D\" href='https:\/\/www.kwsantiques.de\/wp-content\/uploads\/2021\/01\/k276-2.jpg'><img loading=\"lazy\" decoding=\"async\" width=\"150\" height=\"150\" src=\"https:\/\/www.kwsantiques.de\/wp-content\/uploads\/2021\/01\/k276-2-150x150.jpg\" class=\"attachment-thumbnail size-thumbnail\" alt=\"\" aria-describedby=\"gallery-1-912\" srcset=\"https:\/\/www.kwsantiques.de\/wp-content\/uploads\/2021\/01\/k276-2-150x150.jpg 150w, https:\/\/www.kwsantiques.de\/wp-content\/uploads\/2021\/01\/k276-2-100x100.jpg 100w\" sizes=\"100vw\" \/><\/a>\n\t\t\t<\/div>\n\t\t\t\t<figcaption class='wp-caption-text gallery-caption' id='gallery-1-912'>\n\t\t\t\tKarte des Hafens von Acapulco, mit Wassertiefen und Landmarken. 21&#215;26,5cm. Torn at the upper right edge. \n\t\t\t\t<\/figcaption><\/figure><figure class='gallery-item'>\n\t\t\t<div class='gallery-icon landscape'>\n\t\t\t\t<a data-elementor-open-lightbox=\"yes\" data-elementor-lightbox-slideshow=\"15543ac0\" data-elementor-lightbox-title=\"Map of the town Paita, Santa Fee. 41x26cm.\" data-e-action-hash=\"#elementor-action%3Aaction%3Dlightbox%26settings%3DeyJpZCI6OTE0LCJ1cmwiOiJodHRwczpcL1wvd3d3Lmt3c2FudGlxdWVzLmRlXC93cC1jb250ZW50XC91cGxvYWRzXC8yMDIxXC8wMVwvazI3Ni00LmpwZyIsInNsaWRlc2hvdyI6IjE1NTQzYWMwIn0%3D\" href='https:\/\/www.kwsantiques.de\/wp-content\/uploads\/2021\/01\/k276-4.jpg'><img loading=\"lazy\" decoding=\"async\" width=\"150\" height=\"150\" src=\"https:\/\/www.kwsantiques.de\/wp-content\/uploads\/2021\/01\/k276-4-150x150.jpg\" class=\"attachment-thumbnail size-thumbnail\" alt=\"\" aria-describedby=\"gallery-1-914\" srcset=\"https:\/\/www.kwsantiques.de\/wp-content\/uploads\/2021\/01\/k276-4-150x150.jpg 150w, https:\/\/www.kwsantiques.de\/wp-content\/uploads\/2021\/01\/k276-4-100x100.jpg 100w\" sizes=\"100vw\" \/><\/a>\n\t\t\t<\/div>\n\t\t\t\t<figcaption class='wp-caption-text gallery-caption' id='gallery-1-914'>\n\t\t\t\tKarte der Stadt Paita, Santa Fee. 41x26cm.\n\t\t\t\t<\/figcaption><\/figure><figure class='gallery-item'>\n\t\t\t<div class='gallery-icon landscape'>\n\t\t\t\t<a data-elementor-open-lightbox=\"yes\" data-elementor-lightbox-slideshow=\"15543ac0\" data-elementor-lightbox-title=\"Three views of the Isles of Lema. 41x26,5cm.\" data-e-action-hash=\"#elementor-action%3Aaction%3Dlightbox%26settings%3DeyJpZCI6OTEzLCJ1cmwiOiJodHRwczpcL1wvd3d3Lmt3c2FudGlxdWVzLmRlXC93cC1jb250ZW50XC91cGxvYWRzXC8yMDIxXC8wMVwvazI3Ni0zLmpwZyIsInNsaWRlc2hvdyI6IjE1NTQzYWMwIn0%3D\" href='https:\/\/www.kwsantiques.de\/wp-content\/uploads\/2021\/01\/k276-3.jpg'><img loading=\"lazy\" decoding=\"async\" width=\"150\" height=\"150\" src=\"https:\/\/www.kwsantiques.de\/wp-content\/uploads\/2021\/01\/k276-3-150x150.jpg\" class=\"attachment-thumbnail size-thumbnail\" alt=\"\" aria-describedby=\"gallery-1-913\" srcset=\"https:\/\/www.kwsantiques.de\/wp-content\/uploads\/2021\/01\/k276-3-150x150.jpg 150w, https:\/\/www.kwsantiques.de\/wp-content\/uploads\/2021\/01\/k276-3-100x100.jpg 100w\" sizes=\"100vw\" \/><\/a>\n\t\t\t<\/div>\n\t\t\t\t<figcaption class='wp-caption-text gallery-caption' id='gallery-1-913'>\n\t\t\t\tDrei Ansichten der Lema-Inseln. 41&#215;26,5cm.\n\t\t\t\t<\/figcaption><\/figure><figure class='gallery-item'>\n\t\t\t<div class='gallery-icon landscape'>\n\t\t\t\t<a data-elementor-open-lightbox=\"yes\" data-elementor-lightbox-slideshow=\"15543ac0\" data-elementor-lightbox-title=\"41x26cm.\" data-e-action-hash=\"#elementor-action%3Aaction%3Dlightbox%26settings%3DeyJpZCI6OTE1LCJ1cmwiOiJodHRwczpcL1wvd3d3Lmt3c2FudGlxdWVzLmRlXC93cC1jb250ZW50XC91cGxvYWRzXC8yMDIxXC8wMVwvazI3Ni01LmpwZyIsInNsaWRlc2hvdyI6IjE1NTQzYWMwIn0%3D\" href='https:\/\/www.kwsantiques.de\/wp-content\/uploads\/2021\/01\/k276-5.jpg'><img loading=\"lazy\" decoding=\"async\" width=\"150\" height=\"150\" src=\"https:\/\/www.kwsantiques.de\/wp-content\/uploads\/2021\/01\/k276-5-150x150.jpg\" class=\"attachment-thumbnail size-thumbnail\" alt=\"\" aria-describedby=\"gallery-1-915\" srcset=\"https:\/\/www.kwsantiques.de\/wp-content\/uploads\/2021\/01\/k276-5-150x150.jpg 150w, https:\/\/www.kwsantiques.de\/wp-content\/uploads\/2021\/01\/k276-5-100x100.jpg 100w\" sizes=\"100vw\" \/><\/a>\n\t\t\t<\/div>\n\t\t\t\t<figcaption class='wp-caption-text gallery-caption' id='gallery-1-915'>\n\t\t\t\t41x26cm.\n\t\t\t\t<\/figcaption><\/figure><figure class='gallery-item'>\n\t\t\t<div class='gallery-icon portrait'>\n\t\t\t\t<a data-elementor-open-lightbox=\"yes\" data-elementor-lightbox-slideshow=\"15543ac0\" data-elementor-lightbox-title=\"Gro\u00dfe Karte der Philippinen, 42x60cm.\" data-e-action-hash=\"#elementor-action%3Aaction%3Dlightbox%26settings%3DeyJpZCI6OTE4LCJ1cmwiOiJodHRwczpcL1wvd3d3Lmt3c2FudGlxdWVzLmRlXC93cC1jb250ZW50XC91cGxvYWRzXC8yMDIxXC8wMVwvazI3Ni04LmpwZyIsInNsaWRlc2hvdyI6IjE1NTQzYWMwIn0%3D\" href='https:\/\/www.kwsantiques.de\/wp-content\/uploads\/2021\/01\/k276-8.jpg'><img loading=\"lazy\" decoding=\"async\" width=\"150\" height=\"150\" src=\"https:\/\/www.kwsantiques.de\/wp-content\/uploads\/2021\/01\/k276-8-150x150.jpg\" class=\"attachment-thumbnail size-thumbnail\" alt=\"\" aria-describedby=\"gallery-1-918\" srcset=\"https:\/\/www.kwsantiques.de\/wp-content\/uploads\/2021\/01\/k276-8-150x150.jpg 150w, https:\/\/www.kwsantiques.de\/wp-content\/uploads\/2021\/01\/k276-8-100x100.jpg 100w\" sizes=\"100vw\" \/><\/a>\n\t\t\t<\/div>\n\t\t\t\t<figcaption class='wp-caption-text gallery-caption' id='gallery-1-918'>\n\t\t\t\tGro\u00dfe Karte der Philippinen, mit der Route durch die Stra\u00dfe von San Bernadino, wie sie von den spanischen Galeonen zwischen Acapulco und Manila benutzt wurde. 42x60cm. Partially cut to the margin.\n\t\t\t\t<\/figcaption><\/figure><figure class='gallery-item'>\n\t\t\t<div class='gallery-icon landscape'>\n\t\t\t\t<a data-elementor-open-lightbox=\"yes\" data-elementor-lightbox-slideshow=\"15543ac0\" data-elementor-lightbox-title=\"Gro\u00dfe Karte der Pazifik-Route, 93x26cm.\" data-e-action-hash=\"#elementor-action%3Aaction%3Dlightbox%26settings%3DeyJpZCI6OTIwLCJ1cmwiOiJodHRwczpcL1wvd3d3Lmt3c2FudGlxdWVzLmRlXC93cC1jb250ZW50XC91cGxvYWRzXC8yMDIxXC8wMVwvazI3Ni0xMC5qcGciLCJzbGlkZXNob3ciOiIxNTU0M2FjMCJ9\" href='https:\/\/www.kwsantiques.de\/wp-content\/uploads\/2021\/01\/k276-10.jpg'><img loading=\"lazy\" decoding=\"async\" width=\"150\" height=\"150\" src=\"https:\/\/www.kwsantiques.de\/wp-content\/uploads\/2021\/01\/k276-10-150x150.jpg\" class=\"attachment-thumbnail size-thumbnail\" alt=\"\" aria-describedby=\"gallery-1-920\" srcset=\"https:\/\/www.kwsantiques.de\/wp-content\/uploads\/2021\/01\/k276-10-150x150.jpg 150w, https:\/\/www.kwsantiques.de\/wp-content\/uploads\/2021\/01\/k276-10-100x100.jpg 100w\" sizes=\"100vw\" \/><\/a>\n\t\t\t<\/div>\n\t\t\t\t<figcaption class='wp-caption-text gallery-caption' id='gallery-1-920'>\n\t\t\t\tGro\u00dfe Karte der Pazifik-Route, mit den westlichen und \u00f6stlichen Kursen,  93x26cm. Besch\u00e4digt: Ein vertikaler Riss ca. 1\/3 von unten zur Mitte. 5mm teilweise aufgerollt am rechten Rand.\n\t\t\t\t<\/figcaption><\/figure>\n\t\t<\/div>\n\t\t<\/div>\n\t\t\t\t\t\t<\/div>\n\t\t\t\t<\/div>\n\t\t\t\t\t<\/div>\n\t\t<\/div>\n\t\t\t\t\t<\/div>\n\t\t<\/section>\n\t\t\t\t<section class=\"elementor-section elementor-top-section elementor-element elementor-element-49d4473c elementor-section-stretched elementor-section-boxed elementor-section-height-default elementor-section-height-default\" data-id=\"49d4473c\" data-element_type=\"section\" data-e-type=\"section\" data-settings=\"{&quot;stretch_section&quot;:&quot;section-stretched&quot;}\">\n\t\t\t\t\t\t<div class=\"elementor-container elementor-column-gap-default\">\n\t\t\t\t\t<div class=\"elementor-column elementor-col-100 elementor-top-column elementor-element elementor-element-1b38e0c1\" data-id=\"1b38e0c1\" data-element_type=\"column\" data-e-type=\"column\">\n\t\t\t<div class=\"elementor-widget-wrap elementor-element-populated\">\n\t\t\t\t\t\t<div class=\"elementor-element elementor-element-6b047b84 elementor-widget elementor-widget-text-editor\" data-id=\"6b047b84\" data-element_type=\"widget\" data-e-type=\"widget\" data-widget_type=\"text-editor.default\">\n\t\t\t\t<div class=\"elementor-widget-container\">\n\t\t\t\t\t\t\t\t\t<p>Diese Karten und Bilder wurden angefertigt w\u00e4hrend einer Fahrt eines britischen Geschwaders um die Fregatte Centurion 1740-44 von Richard Walter, dem Kaplan und Zeichner der Centurion. Das Set wurde 1749 in Amsterdam und Leipzig ver\u00f6ffentlicht. Die Beschriftungen sind durchweg in Holl\u00e4ndisch und Franz\u00f6sisch. Die meisten Bl\u00e4tter sind gefaltet. Die Faltknicke sind bis auf die Karte der Pazifik-Passage in gutem Zustand. Die R\u00e4nder sind z. T. br\u00fcchig, vergilbt und eingerissen. Zwei der gro\u00dfen Karten sind am Rand b\u00fcndig mit dem Bild beschnitten.<\/p><p>Artikel K276. 1.500EUR.<\/p>\t\t\t\t\t\t\t\t<\/div>\n\t\t\t\t<\/div>\n\t\t\t\t\t<\/div>\n\t\t<\/div>\n\t\t\t\t\t<\/div>\n\t\t<\/section>\n\t\t\t\t<\/div>\n\t\t","protected":false},"excerpt":{"rendered":"<p>Titel des Sets, 20\u00d726,5cm. Mit diversen handschriftlichen Notizen. Karte der Route um Kap Hoorn von Katherine\u2019s Island (Brasilien) nach Juan Fernandes (vor Chile). Eingezeichnet sind zwei Kurse, der berechnete und der gefahrene, woraus man sch\u00f6n die \u00fcbliche Abweichung in der Navigation im 18. Jahrhundert ersehen kann. 60x42cm. Partially cut to the margin. Karte des Eingangs &hellip; <\/p>\n<p class=\"link-more\"><a href=\"https:\/\/www.kwsantiques.de\/?page_id=1192&#038;lang=de\" class=\"more-link\">Continue reading<span class=\"screen-reader-text\"> &#8220;Ein Set von elf gefalteten Stichen, 1749&#8221;<\/span><\/a><\/p>\n","protected":false},"author":1,"featured_media":0,"parent":120,"menu_order":0,"comment_status":"closed","ping_status":"closed","template":"","meta":{"ngg_post_thumbnail":0,"iawp_total_views":0,"footnotes":""},"class_list":["post-1192","page","type-page","status-publish","hentry"],"_links":{"self":[{"href":"https:\/\/www.kwsantiques.de\/index.php?rest_route=\/wp\/v2\/pages\/1192","targetHints":{"allow":["GET"]}}],"collection":[{"href":"https:\/\/www.kwsantiques.de\/index.php?rest_route=\/wp\/v2\/pages"}],"about":[{"href":"https:\/\/www.kwsantiques.de\/index.php?rest_route=\/wp\/v2\/types\/page"}],"author":[{"embeddable":true,"href":"https:\/\/www.kwsantiques.de\/index.php?rest_route=\/wp\/v2\/users\/1"}],"replies":[{"embeddable":true,"href":"https:\/\/www.kwsantiques.de\/index.php?rest_route=%2Fwp%2Fv2%2Fcomments&post=1192"}],"version-history":[{"count":8,"href":"https:\/\/www.kwsantiques.de\/index.php?rest_route=\/wp\/v2\/pages\/1192\/revisions"}],"predecessor-version":[{"id":1200,"href":"https:\/\/www.kwsantiques.de\/index.php?rest_route=\/wp\/v2\/pages\/1192\/revisions\/1200"}],"up":[{"embeddable":true,"href":"https:\/\/www.kwsantiques.de\/index.php?rest_route=\/wp\/v2\/pages\/120"}],"wp:attachment":[{"href":"https:\/\/www.kwsantiques.de\/index.php?rest_route=%2Fwp%2Fv2%2Fmedia&parent=1192"}],"curies":[{"name":"wp","href":"https:\/\/api.w.org\/{rel}","templated":true}]}}