{"id":1201,"date":"2021-01-10T20:24:30","date_gmt":"2021-01-10T20:24:30","guid":{"rendered":"https:\/\/www.kwsantiques.de\/?page_id=1201"},"modified":"2021-01-10T20:25:15","modified_gmt":"2021-01-10T20:25:15","slug":"ein-paar-bronze-bullaugen","status":"publish","type":"page","link":"https:\/\/www.kwsantiques.de\/?page_id=1201&lang=de","title":{"rendered":"Ein Paar Bronze-Bullaugen"},"content":{"rendered":"\t\t<div data-elementor-type=\"wp-page\" data-elementor-id=\"1201\" class=\"elementor elementor-1201\">\n\t\t\t\t\t\t<section class=\"elementor-section elementor-top-section elementor-element elementor-element-8ca640b elementor-section-boxed elementor-section-height-default elementor-section-height-default\" data-id=\"8ca640b\" data-element_type=\"section\" data-e-type=\"section\">\n\t\t\t\t\t\t<div class=\"elementor-container elementor-column-gap-default\">\n\t\t\t\t\t<div class=\"elementor-column elementor-col-100 elementor-top-column elementor-element elementor-element-e5b412c\" data-id=\"e5b412c\" data-element_type=\"column\" data-e-type=\"column\">\n\t\t\t<div class=\"elementor-widget-wrap elementor-element-populated\">\n\t\t\t\t\t\t<div class=\"elementor-element elementor-element-db0344f elementor-widget elementor-widget-spacer\" data-id=\"db0344f\" data-element_type=\"widget\" data-e-type=\"widget\" data-widget_type=\"spacer.default\">\n\t\t\t\t<div class=\"elementor-widget-container\">\n\t\t\t\t\t\t\t<div class=\"elementor-spacer\">\n\t\t\t<div class=\"elementor-spacer-inner\"><\/div>\n\t\t<\/div>\n\t\t\t\t\t\t<\/div>\n\t\t\t\t<\/div>\n\t\t\t\t\t<\/div>\n\t\t<\/div>\n\t\t\t\t\t<\/div>\n\t\t<\/section>\n\t\t\t\t<section class=\"elementor-section elementor-top-section elementor-element elementor-element-31fa8d94 elementor-section-stretched elementor-section-boxed elementor-section-height-default elementor-section-height-default\" data-id=\"31fa8d94\" data-element_type=\"section\" data-e-type=\"section\" data-settings=\"{&quot;stretch_section&quot;:&quot;section-stretched&quot;,&quot;background_background&quot;:&quot;classic&quot;}\">\n\t\t\t\t\t\t<div class=\"elementor-container elementor-column-gap-default\">\n\t\t\t\t\t<div class=\"elementor-column elementor-col-100 elementor-top-column elementor-element elementor-element-4d19e164\" data-id=\"4d19e164\" data-element_type=\"column\" data-e-type=\"column\">\n\t\t\t<div class=\"elementor-widget-wrap elementor-element-populated\">\n\t\t\t\t\t\t<div class=\"elementor-element elementor-element-70a6878e elementor-widget elementor-widget-image-gallery\" data-id=\"70a6878e\" data-element_type=\"widget\" data-e-type=\"widget\" data-widget_type=\"image-gallery.default\">\n\t\t\t\t<div class=\"elementor-widget-container\">\n\t\t\t\t\t\t\t<div class=\"elementor-image-gallery\">\n\t\t\t<div id='gallery-1' class='gallery galleryid-1201 gallery-columns-3 gallery-size-thumbnail'><figure class='gallery-item'>\n\t\t\t<div class='gallery-icon landscape'>\n\t\t\t\t<a data-elementor-open-lightbox=\"yes\" data-elementor-lightbox-slideshow=\"70a6878e\" data-elementor-lightbox-title=\"FLS150614-1472\" data-e-action-hash=\"#elementor-action%3Aaction%3Dlightbox%26settings%3DeyJpZCI6OTM4LCJ1cmwiOiJodHRwczpcL1wvd3d3Lmt3c2FudGlxdWVzLmRlXC93cC1jb250ZW50XC91cGxvYWRzXC8yMDIxXC8wMVwvRkxTMTUwNjE0LTE0NzIuanBnIiwic2xpZGVzaG93IjoiNzBhNjg3OGUifQ%3D%3D\" href='https:\/\/www.kwsantiques.de\/wp-content\/uploads\/2021\/01\/FLS150614-1472.jpg'><img decoding=\"async\" width=\"150\" height=\"150\" src=\"https:\/\/www.kwsantiques.de\/wp-content\/uploads\/2021\/01\/FLS150614-1472-150x150.jpg\" class=\"attachment-thumbnail size-thumbnail\" alt=\"\" srcset=\"https:\/\/www.kwsantiques.de\/wp-content\/uploads\/2021\/01\/FLS150614-1472-150x150.jpg 150w, https:\/\/www.kwsantiques.de\/wp-content\/uploads\/2021\/01\/FLS150614-1472-100x100.jpg 100w\" sizes=\"100vw\" \/><\/a>\n\t\t\t<\/div><\/figure><figure class='gallery-item'>\n\t\t\t<div class='gallery-icon portrait'>\n\t\t\t\t<a data-elementor-open-lightbox=\"yes\" data-elementor-lightbox-slideshow=\"70a6878e\" data-elementor-lightbox-title=\"FLS150614-1473\" data-e-action-hash=\"#elementor-action%3Aaction%3Dlightbox%26settings%3DeyJpZCI6OTM5LCJ1cmwiOiJodHRwczpcL1wvd3d3Lmt3c2FudGlxdWVzLmRlXC93cC1jb250ZW50XC91cGxvYWRzXC8yMDIxXC8wMVwvRkxTMTUwNjE0LTE0NzMtMS5qcGciLCJzbGlkZXNob3ciOiI3MGE2ODc4ZSJ9\" href='https:\/\/www.kwsantiques.de\/wp-content\/uploads\/2021\/01\/FLS150614-1473-1.jpg'><img decoding=\"async\" width=\"150\" height=\"150\" src=\"https:\/\/www.kwsantiques.de\/wp-content\/uploads\/2021\/01\/FLS150614-1473-1-150x150.jpg\" class=\"attachment-thumbnail size-thumbnail\" alt=\"\" srcset=\"https:\/\/www.kwsantiques.de\/wp-content\/uploads\/2021\/01\/FLS150614-1473-1-150x150.jpg 150w, https:\/\/www.kwsantiques.de\/wp-content\/uploads\/2021\/01\/FLS150614-1473-1-100x100.jpg 100w\" sizes=\"100vw\" \/><\/a>\n\t\t\t<\/div><\/figure><figure class='gallery-item'>\n\t\t\t<div class='gallery-icon portrait'>\n\t\t\t\t<a data-elementor-open-lightbox=\"yes\" data-elementor-lightbox-slideshow=\"70a6878e\" data-elementor-lightbox-title=\"FLS150614-1474\" data-e-action-hash=\"#elementor-action%3Aaction%3Dlightbox%26settings%3DeyJpZCI6OTQwLCJ1cmwiOiJodHRwczpcL1wvd3d3Lmt3c2FudGlxdWVzLmRlXC93cC1jb250ZW50XC91cGxvYWRzXC8yMDIxXC8wMVwvRkxTMTUwNjE0LTE0NzQuanBnIiwic2xpZGVzaG93IjoiNzBhNjg3OGUifQ%3D%3D\" href='https:\/\/www.kwsantiques.de\/wp-content\/uploads\/2021\/01\/FLS150614-1474.jpg'><img decoding=\"async\" width=\"150\" height=\"150\" src=\"https:\/\/www.kwsantiques.de\/wp-content\/uploads\/2021\/01\/FLS150614-1474-150x150.jpg\" class=\"attachment-thumbnail size-thumbnail\" alt=\"\" srcset=\"https:\/\/www.kwsantiques.de\/wp-content\/uploads\/2021\/01\/FLS150614-1474-150x150.jpg 150w, https:\/\/www.kwsantiques.de\/wp-content\/uploads\/2021\/01\/FLS150614-1474-100x100.jpg 100w\" sizes=\"100vw\" \/><\/a>\n\t\t\t<\/div><\/figure><figure class='gallery-item'>\n\t\t\t<div class='gallery-icon landscape'>\n\t\t\t\t<a data-elementor-open-lightbox=\"yes\" data-elementor-lightbox-slideshow=\"70a6878e\" data-elementor-lightbox-title=\"FLS150614-1475\" data-e-action-hash=\"#elementor-action%3Aaction%3Dlightbox%26settings%3DeyJpZCI6OTQxLCJ1cmwiOiJodHRwczpcL1wvd3d3Lmt3c2FudGlxdWVzLmRlXC93cC1jb250ZW50XC91cGxvYWRzXC8yMDIxXC8wMVwvRkxTMTUwNjE0LTE0NzUuanBnIiwic2xpZGVzaG93IjoiNzBhNjg3OGUifQ%3D%3D\" href='https:\/\/www.kwsantiques.de\/wp-content\/uploads\/2021\/01\/FLS150614-1475.jpg'><img loading=\"lazy\" decoding=\"async\" width=\"150\" height=\"150\" src=\"https:\/\/www.kwsantiques.de\/wp-content\/uploads\/2021\/01\/FLS150614-1475-150x150.jpg\" class=\"attachment-thumbnail size-thumbnail\" alt=\"\" srcset=\"https:\/\/www.kwsantiques.de\/wp-content\/uploads\/2021\/01\/FLS150614-1475-150x150.jpg 150w, https:\/\/www.kwsantiques.de\/wp-content\/uploads\/2021\/01\/FLS150614-1475-100x100.jpg 100w\" sizes=\"100vw\" \/><\/a>\n\t\t\t<\/div><\/figure><figure class='gallery-item'>\n\t\t\t<div class='gallery-icon landscape'>\n\t\t\t\t<a data-elementor-open-lightbox=\"yes\" data-elementor-lightbox-slideshow=\"70a6878e\" data-elementor-lightbox-title=\"FLS150614-1476\" data-e-action-hash=\"#elementor-action%3Aaction%3Dlightbox%26settings%3DeyJpZCI6OTQyLCJ1cmwiOiJodHRwczpcL1wvd3d3Lmt3c2FudGlxdWVzLmRlXC93cC1jb250ZW50XC91cGxvYWRzXC8yMDIxXC8wMVwvRkxTMTUwNjE0LTE0NzYuanBnIiwic2xpZGVzaG93IjoiNzBhNjg3OGUifQ%3D%3D\" href='https:\/\/www.kwsantiques.de\/wp-content\/uploads\/2021\/01\/FLS150614-1476.jpg'><img loading=\"lazy\" decoding=\"async\" width=\"150\" height=\"150\" src=\"https:\/\/www.kwsantiques.de\/wp-content\/uploads\/2021\/01\/FLS150614-1476-150x150.jpg\" class=\"attachment-thumbnail size-thumbnail\" alt=\"\" srcset=\"https:\/\/www.kwsantiques.de\/wp-content\/uploads\/2021\/01\/FLS150614-1476-150x150.jpg 150w, https:\/\/www.kwsantiques.de\/wp-content\/uploads\/2021\/01\/FLS150614-1476-100x100.jpg 100w\" sizes=\"100vw\" \/><\/a>\n\t\t\t<\/div><\/figure><figure class='gallery-item'>\n\t\t\t<div class='gallery-icon landscape'>\n\t\t\t\t<a data-elementor-open-lightbox=\"yes\" data-elementor-lightbox-slideshow=\"70a6878e\" data-elementor-lightbox-title=\"FLS150614-1477\" data-e-action-hash=\"#elementor-action%3Aaction%3Dlightbox%26settings%3DeyJpZCI6OTQzLCJ1cmwiOiJodHRwczpcL1wvd3d3Lmt3c2FudGlxdWVzLmRlXC93cC1jb250ZW50XC91cGxvYWRzXC8yMDIxXC8wMVwvRkxTMTUwNjE0LTE0NzcuanBnIiwic2xpZGVzaG93IjoiNzBhNjg3OGUifQ%3D%3D\" href='https:\/\/www.kwsantiques.de\/wp-content\/uploads\/2021\/01\/FLS150614-1477.jpg'><img loading=\"lazy\" decoding=\"async\" width=\"150\" height=\"150\" src=\"https:\/\/www.kwsantiques.de\/wp-content\/uploads\/2021\/01\/FLS150614-1477-150x150.jpg\" class=\"attachment-thumbnail size-thumbnail\" alt=\"\" srcset=\"https:\/\/www.kwsantiques.de\/wp-content\/uploads\/2021\/01\/FLS150614-1477-150x150.jpg 150w, https:\/\/www.kwsantiques.de\/wp-content\/uploads\/2021\/01\/FLS150614-1477-100x100.jpg 100w\" sizes=\"100vw\" \/><\/a>\n\t\t\t<\/div><\/figure><figure class='gallery-item'>\n\t\t\t<div class='gallery-icon landscape'>\n\t\t\t\t<a data-elementor-open-lightbox=\"yes\" data-elementor-lightbox-slideshow=\"70a6878e\" data-elementor-lightbox-title=\"FLS150614-1478\" data-e-action-hash=\"#elementor-action%3Aaction%3Dlightbox%26settings%3DeyJpZCI6OTQ0LCJ1cmwiOiJodHRwczpcL1wvd3d3Lmt3c2FudGlxdWVzLmRlXC93cC1jb250ZW50XC91cGxvYWRzXC8yMDIxXC8wMVwvRkxTMTUwNjE0LTE0NzguanBnIiwic2xpZGVzaG93IjoiNzBhNjg3OGUifQ%3D%3D\" href='https:\/\/www.kwsantiques.de\/wp-content\/uploads\/2021\/01\/FLS150614-1478.jpg'><img loading=\"lazy\" decoding=\"async\" width=\"150\" height=\"150\" src=\"https:\/\/www.kwsantiques.de\/wp-content\/uploads\/2021\/01\/FLS150614-1478-150x150.jpg\" class=\"attachment-thumbnail size-thumbnail\" alt=\"\" srcset=\"https:\/\/www.kwsantiques.de\/wp-content\/uploads\/2021\/01\/FLS150614-1478-150x150.jpg 150w, https:\/\/www.kwsantiques.de\/wp-content\/uploads\/2021\/01\/FLS150614-1478-100x100.jpg 100w\" sizes=\"100vw\" \/><\/a>\n\t\t\t<\/div><\/figure><figure class='gallery-item'>\n\t\t\t<div class='gallery-icon landscape'>\n\t\t\t\t<a data-elementor-open-lightbox=\"yes\" data-elementor-lightbox-slideshow=\"70a6878e\" data-elementor-lightbox-title=\"FLS150614-1479\" data-e-action-hash=\"#elementor-action%3Aaction%3Dlightbox%26settings%3DeyJpZCI6OTQ1LCJ1cmwiOiJodHRwczpcL1wvd3d3Lmt3c2FudGlxdWVzLmRlXC93cC1jb250ZW50XC91cGxvYWRzXC8yMDIxXC8wMVwvRkxTMTUwNjE0LTE0NzkuanBnIiwic2xpZGVzaG93IjoiNzBhNjg3OGUifQ%3D%3D\" href='https:\/\/www.kwsantiques.de\/wp-content\/uploads\/2021\/01\/FLS150614-1479.jpg'><img loading=\"lazy\" decoding=\"async\" width=\"150\" height=\"150\" src=\"https:\/\/www.kwsantiques.de\/wp-content\/uploads\/2021\/01\/FLS150614-1479-150x150.jpg\" class=\"attachment-thumbnail size-thumbnail\" alt=\"\" srcset=\"https:\/\/www.kwsantiques.de\/wp-content\/uploads\/2021\/01\/FLS150614-1479-150x150.jpg 150w, https:\/\/www.kwsantiques.de\/wp-content\/uploads\/2021\/01\/FLS150614-1479-100x100.jpg 100w\" sizes=\"100vw\" \/><\/a>\n\t\t\t<\/div><\/figure><figure class='gallery-item'>\n\t\t\t<div class='gallery-icon landscape'>\n\t\t\t\t<a data-elementor-open-lightbox=\"yes\" data-elementor-lightbox-slideshow=\"70a6878e\" data-elementor-lightbox-title=\"FLS150614-1480\" data-e-action-hash=\"#elementor-action%3Aaction%3Dlightbox%26settings%3DeyJpZCI6OTQ2LCJ1cmwiOiJodHRwczpcL1wvd3d3Lmt3c2FudGlxdWVzLmRlXC93cC1jb250ZW50XC91cGxvYWRzXC8yMDIxXC8wMVwvRkxTMTUwNjE0LTE0ODAuanBnIiwic2xpZGVzaG93IjoiNzBhNjg3OGUifQ%3D%3D\" href='https:\/\/www.kwsantiques.de\/wp-content\/uploads\/2021\/01\/FLS150614-1480.jpg'><img loading=\"lazy\" decoding=\"async\" width=\"150\" height=\"150\" src=\"https:\/\/www.kwsantiques.de\/wp-content\/uploads\/2021\/01\/FLS150614-1480-150x150.jpg\" class=\"attachment-thumbnail size-thumbnail\" alt=\"\" srcset=\"https:\/\/www.kwsantiques.de\/wp-content\/uploads\/2021\/01\/FLS150614-1480-150x150.jpg 150w, https:\/\/www.kwsantiques.de\/wp-content\/uploads\/2021\/01\/FLS150614-1480-100x100.jpg 100w\" sizes=\"100vw\" \/><\/a>\n\t\t\t<\/div><\/figure>\n\t\t<\/div>\n\t\t<\/div>\n\t\t\t\t\t\t<\/div>\n\t\t\t\t<\/div>\n\t\t\t\t\t<\/div>\n\t\t<\/div>\n\t\t\t\t\t<\/div>\n\t\t<\/section>\n\t\t\t\t<section class=\"elementor-section elementor-top-section elementor-element elementor-element-3f638c3 elementor-section-stretched elementor-section-boxed elementor-section-height-default elementor-section-height-default\" data-id=\"3f638c3\" data-element_type=\"section\" data-e-type=\"section\" data-settings=\"{&quot;stretch_section&quot;:&quot;section-stretched&quot;}\">\n\t\t\t\t\t\t<div class=\"elementor-container elementor-column-gap-default\">\n\t\t\t\t\t<div class=\"elementor-column elementor-col-100 elementor-top-column elementor-element elementor-element-683aa1fa\" data-id=\"683aa1fa\" data-element_type=\"column\" data-e-type=\"column\">\n\t\t\t<div class=\"elementor-widget-wrap elementor-element-populated\">\n\t\t\t\t\t\t<div class=\"elementor-element elementor-element-ddfb161 elementor-widget elementor-widget-text-editor\" data-id=\"ddfb161\" data-element_type=\"widget\" data-e-type=\"widget\" data-widget_type=\"text-editor.default\">\n\t\t\t\t<div class=\"elementor-widget-container\">\n\t\t\t\t\t\t\t\t\t<p>Ein Paar identischer Bullaugen (eines ist abgebildet). \u00dcberlappende Sturmklappe und Glasfenster, die getrennt mit jeweils zwei Fl\u00fcgelschrauben gesichert werden k\u00f6nnen. Versehen mit Ersatzgl\u00e4sern. Die R\u00fcckseiten sind flach. Alle Scharniere und Schrauben sind g\u00e4ngig. A\u00fc\u00dferer Durchmesser: ca. 36cm. Gewicht ca. 10kg pro St\u00fcck.<\/p><p>Artikel G378. 600EUR.<\/p>\t\t\t\t\t\t\t\t<\/div>\n\t\t\t\t<\/div>\n\t\t\t\t\t<\/div>\n\t\t<\/div>\n\t\t\t\t\t<\/div>\n\t\t<\/section>\n\t\t\t\t<\/div>\n\t\t","protected":false},"excerpt":{"rendered":"<p>Ein Paar identischer Bullaugen (eines ist abgebildet). \u00dcberlappende Sturmklappe und Glasfenster, die getrennt mit jeweils zwei Fl\u00fcgelschrauben gesichert werden k\u00f6nnen. Versehen mit Ersatzgl\u00e4sern. Die R\u00fcckseiten sind flach. Alle Scharniere und Schrauben sind g\u00e4ngig. A\u00fc\u00dferer Durchmesser: ca. 36cm. Gewicht ca. 10kg pro St\u00fcck. Artikel G378. 600EUR.<\/p>\n","protected":false},"author":1,"featured_media":0,"parent":120,"menu_order":0,"comment_status":"closed","ping_status":"closed","template":"","meta":{"ngg_post_thumbnail":0,"iawp_total_views":0,"footnotes":""},"class_list":["post-1201","page","type-page","status-publish","hentry"],"_links":{"self":[{"href":"https:\/\/www.kwsantiques.de\/index.php?rest_route=\/wp\/v2\/pages\/1201","targetHints":{"allow":["GET"]}}],"collection":[{"href":"https:\/\/www.kwsantiques.de\/index.php?rest_route=\/wp\/v2\/pages"}],"about":[{"href":"https:\/\/www.kwsantiques.de\/index.php?rest_route=\/wp\/v2\/types\/page"}],"author":[{"embeddable":true,"href":"https:\/\/www.kwsantiques.de\/index.php?rest_route=\/wp\/v2\/users\/1"}],"replies":[{"embeddable":true,"href":"https:\/\/www.kwsantiques.de\/index.php?rest_route=%2Fwp%2Fv2%2Fcomments&post=1201"}],"version-history":[{"count":5,"href":"https:\/\/www.kwsantiques.de\/index.php?rest_route=\/wp\/v2\/pages\/1201\/revisions"}],"predecessor-version":[{"id":1206,"href":"https:\/\/www.kwsantiques.de\/index.php?rest_route=\/wp\/v2\/pages\/1201\/revisions\/1206"}],"up":[{"embeddable":true,"href":"https:\/\/www.kwsantiques.de\/index.php?rest_route=\/wp\/v2\/pages\/120"}],"wp:attachment":[{"href":"https:\/\/www.kwsantiques.de\/index.php?rest_route=%2Fwp%2Fv2%2Fmedia&parent=1201"}],"curies":[{"name":"wp","href":"https:\/\/api.w.org\/{rel}","templated":true}]}}