{"id":1218,"date":"2021-01-10T20:48:26","date_gmt":"2021-01-10T20:48:26","guid":{"rendered":"https:\/\/www.kwsantiques.de\/?page_id=1218"},"modified":"2021-01-10T20:50:18","modified_gmt":"2021-01-10T20:50:18","slug":"wilkinson-perkussions-revolver-adams-patent","status":"publish","type":"page","link":"https:\/\/www.kwsantiques.de\/?page_id=1218&lang=de","title":{"rendered":"Wilkinson Perkussions-Revolver (Adams Patent)"},"content":{"rendered":"\t\t<div data-elementor-type=\"wp-page\" data-elementor-id=\"1218\" class=\"elementor elementor-1218\">\n\t\t\t\t\t\t<section class=\"elementor-section elementor-top-section elementor-element elementor-element-6ddb440c elementor-section-boxed elementor-section-height-default elementor-section-height-default\" data-id=\"6ddb440c\" data-element_type=\"section\" data-e-type=\"section\">\n\t\t\t\t\t\t<div class=\"elementor-container elementor-column-gap-default\">\n\t\t\t\t\t<div class=\"elementor-column elementor-col-100 elementor-top-column elementor-element elementor-element-60d548b0\" data-id=\"60d548b0\" data-element_type=\"column\" data-e-type=\"column\">\n\t\t\t<div class=\"elementor-widget-wrap elementor-element-populated\">\n\t\t\t\t\t\t<div class=\"elementor-element elementor-element-42a324d7 elementor-widget elementor-widget-spacer\" data-id=\"42a324d7\" data-element_type=\"widget\" data-e-type=\"widget\" data-widget_type=\"spacer.default\">\n\t\t\t\t<div class=\"elementor-widget-container\">\n\t\t\t\t\t\t\t<div class=\"elementor-spacer\">\n\t\t\t<div class=\"elementor-spacer-inner\"><\/div>\n\t\t<\/div>\n\t\t\t\t\t\t<\/div>\n\t\t\t\t<\/div>\n\t\t\t\t\t<\/div>\n\t\t<\/div>\n\t\t\t\t\t<\/div>\n\t\t<\/section>\n\t\t\t\t<section class=\"elementor-section elementor-top-section elementor-element elementor-element-5e8aac6b elementor-section-stretched elementor-section-boxed elementor-section-height-default elementor-section-height-default\" data-id=\"5e8aac6b\" data-element_type=\"section\" data-e-type=\"section\" data-settings=\"{&quot;stretch_section&quot;:&quot;section-stretched&quot;,&quot;background_background&quot;:&quot;classic&quot;}\">\n\t\t\t\t\t\t<div class=\"elementor-container elementor-column-gap-default\">\n\t\t\t\t\t<div class=\"elementor-column elementor-col-100 elementor-top-column elementor-element elementor-element-74912fc5\" data-id=\"74912fc5\" data-element_type=\"column\" data-e-type=\"column\">\n\t\t\t<div class=\"elementor-widget-wrap elementor-element-populated\">\n\t\t\t\t\t\t<div class=\"elementor-element elementor-element-60d9fb22 elementor-widget elementor-widget-image\" data-id=\"60d9fb22\" data-element_type=\"widget\" data-e-type=\"widget\" data-widget_type=\"image.default\">\n\t\t\t\t<div class=\"elementor-widget-container\">\n\t\t\t\t\t\t\t\t\t\t\t\t\t\t\t<img fetchpriority=\"high\" decoding=\"async\" width=\"1400\" height=\"1227\" src=\"https:\/\/www.kwsantiques.de\/wp-content\/uploads\/2021\/01\/b220.jpg\" class=\"attachment-full size-full wp-image-735\" alt=\"\" srcset=\"https:\/\/www.kwsantiques.de\/wp-content\/uploads\/2021\/01\/b220.jpg 1400w, https:\/\/www.kwsantiques.de\/wp-content\/uploads\/2021\/01\/b220-300x263.jpg 300w, https:\/\/www.kwsantiques.de\/wp-content\/uploads\/2021\/01\/b220-1024x897.jpg 1024w, https:\/\/www.kwsantiques.de\/wp-content\/uploads\/2021\/01\/b220-768x673.jpg 768w\" sizes=\"100vw\" \/>\t\t\t\t\t\t\t\t\t\t\t\t\t\t\t<\/div>\n\t\t\t\t<\/div>\n\t\t\t\t\t<\/div>\n\t\t<\/div>\n\t\t\t\t\t<\/div>\n\t\t<\/section>\n\t\t\t\t<section class=\"elementor-section elementor-top-section elementor-element elementor-element-5d81d171 elementor-section-stretched elementor-section-boxed elementor-section-height-default elementor-section-height-default\" data-id=\"5d81d171\" data-element_type=\"section\" data-e-type=\"section\" data-settings=\"{&quot;stretch_section&quot;:&quot;section-stretched&quot;}\">\n\t\t\t\t\t\t<div class=\"elementor-container elementor-column-gap-default\">\n\t\t\t\t\t<div class=\"elementor-column elementor-col-100 elementor-top-column elementor-element elementor-element-61da81f0\" data-id=\"61da81f0\" data-element_type=\"column\" data-e-type=\"column\">\n\t\t\t<div class=\"elementor-widget-wrap elementor-element-populated\">\n\t\t\t\t\t\t<div class=\"elementor-element elementor-element-7cae68ee elementor-widget elementor-widget-text-editor\" data-id=\"7cae68ee\" data-element_type=\"widget\" data-e-type=\"widget\" data-widget_type=\"text-editor.default\">\n\t\t\t\t<div class=\"elementor-widget-container\">\n\t\t\t\t\t\t\t\t\t<p>Perkussions-Revolver von Wilkinson, signiert &#8220;Wilkinson&amp;Son, 27 Pall Mall, London&#8221; und &#8220;Adams Patent No. 30605&#8221;, ca. 1860. Pistolenkasten aus massiver Eiche, hergestellt von Willy Schr\u00f6ter, ca. 1985. Inklusive Ladewerkzeug, Kugelzange, Pulverflasche, Z\u00fcndh\u00fctchen-Dose von &#8220;F. Joyce &amp; Co., London England&#8221; sowie einiger Bleikugeln.<\/p><p>Erwerbsberechtigung erforderlich. Die Abwicklung des Kaufes erfolgt durch die Firma Wagner&amp;Sohn. Versand nur innerhalb der europ\u00e4ischen Union.<\/p><p>Artikel B220. 1.700EUR.<\/p>\t\t\t\t\t\t\t\t<\/div>\n\t\t\t\t<\/div>\n\t\t\t\t\t<\/div>\n\t\t<\/div>\n\t\t\t\t\t<\/div>\n\t\t<\/section>\n\t\t\t\t<\/div>\n\t\t","protected":false},"excerpt":{"rendered":"<p>Perkussions-Revolver von Wilkinson, signiert &#8220;Wilkinson&amp;Son, 27 Pall Mall, London&#8221; und &#8220;Adams Patent No. 30605&#8221;, ca. 1860. Pistolenkasten aus massiver Eiche, hergestellt von Willy Schr\u00f6ter, ca. 1985. Inklusive Ladewerkzeug, Kugelzange, Pulverflasche, Z\u00fcndh\u00fctchen-Dose von &#8220;F. Joyce &amp; Co., London England&#8221; sowie einiger Bleikugeln. Erwerbsberechtigung erforderlich. Die Abwicklung des Kaufes erfolgt durch die Firma Wagner&amp;Sohn. Versand nur innerhalb &hellip; <\/p>\n<p class=\"link-more\"><a href=\"https:\/\/www.kwsantiques.de\/?page_id=1218&#038;lang=de\" class=\"more-link\">Continue reading<span class=\"screen-reader-text\"> &#8220;Wilkinson Perkussions-Revolver (Adams Patent)&#8221;<\/span><\/a><\/p>\n","protected":false},"author":1,"featured_media":0,"parent":119,"menu_order":0,"comment_status":"closed","ping_status":"closed","template":"","meta":{"ngg_post_thumbnail":0,"iawp_total_views":2,"footnotes":""},"class_list":["post-1218","page","type-page","status-publish","hentry"],"_links":{"self":[{"href":"https:\/\/www.kwsantiques.de\/index.php?rest_route=\/wp\/v2\/pages\/1218","targetHints":{"allow":["GET"]}}],"collection":[{"href":"https:\/\/www.kwsantiques.de\/index.php?rest_route=\/wp\/v2\/pages"}],"about":[{"href":"https:\/\/www.kwsantiques.de\/index.php?rest_route=\/wp\/v2\/types\/page"}],"author":[{"embeddable":true,"href":"https:\/\/www.kwsantiques.de\/index.php?rest_route=\/wp\/v2\/users\/1"}],"replies":[{"embeddable":true,"href":"https:\/\/www.kwsantiques.de\/index.php?rest_route=%2Fwp%2Fv2%2Fcomments&post=1218"}],"version-history":[{"count":4,"href":"https:\/\/www.kwsantiques.de\/index.php?rest_route=\/wp\/v2\/pages\/1218\/revisions"}],"predecessor-version":[{"id":1222,"href":"https:\/\/www.kwsantiques.de\/index.php?rest_route=\/wp\/v2\/pages\/1218\/revisions\/1222"}],"up":[{"embeddable":true,"href":"https:\/\/www.kwsantiques.de\/index.php?rest_route=\/wp\/v2\/pages\/119"}],"wp:attachment":[{"href":"https:\/\/www.kwsantiques.de\/index.php?rest_route=%2Fwp%2Fv2%2Fmedia&parent=1218"}],"curies":[{"name":"wp","href":"https:\/\/api.w.org\/{rel}","templated":true}]}}