{"id":1233,"date":"2021-01-10T20:56:24","date_gmt":"2021-01-10T20:56:24","guid":{"rendered":"https:\/\/www.kwsantiques.de\/?page_id=1233"},"modified":"2023-10-31T18:01:22","modified_gmt":"2023-10-31T18:01:22","slug":"perkussionspistole-mit-bajonett","status":"publish","type":"page","link":"https:\/\/www.kwsantiques.de\/?page_id=1233&lang=de","title":{"rendered":"Perkussionspistole mit Bajonett"},"content":{"rendered":"\t\t<div data-elementor-type=\"wp-page\" data-elementor-id=\"1233\" class=\"elementor elementor-1233\">\n\t\t\t\t\t\t<section class=\"elementor-section elementor-top-section elementor-element elementor-element-46c6e0eb elementor-section-boxed elementor-section-height-default elementor-section-height-default\" data-id=\"46c6e0eb\" data-element_type=\"section\" data-e-type=\"section\">\n\t\t\t\t\t\t<div class=\"elementor-container elementor-column-gap-default\">\n\t\t\t\t\t<div class=\"elementor-column elementor-col-100 elementor-top-column elementor-element elementor-element-40cfcea8\" data-id=\"40cfcea8\" data-element_type=\"column\" data-e-type=\"column\">\n\t\t\t<div class=\"elementor-widget-wrap elementor-element-populated\">\n\t\t\t\t\t\t<div class=\"elementor-element elementor-element-242e1b24 elementor-widget elementor-widget-spacer\" data-id=\"242e1b24\" data-element_type=\"widget\" data-e-type=\"widget\" data-widget_type=\"spacer.default\">\n\t\t\t\t<div class=\"elementor-widget-container\">\n\t\t\t\t\t\t\t<div class=\"elementor-spacer\">\n\t\t\t<div class=\"elementor-spacer-inner\"><\/div>\n\t\t<\/div>\n\t\t\t\t\t\t<\/div>\n\t\t\t\t<\/div>\n\t\t\t\t\t<\/div>\n\t\t<\/div>\n\t\t\t\t\t<\/div>\n\t\t<\/section>\n\t\t\t\t<section class=\"elementor-section elementor-top-section elementor-element elementor-element-1d48beb4 elementor-section-stretched elementor-section-boxed elementor-section-height-default elementor-section-height-default\" data-id=\"1d48beb4\" data-element_type=\"section\" data-e-type=\"section\" data-settings=\"{&quot;stretch_section&quot;:&quot;section-stretched&quot;,&quot;background_background&quot;:&quot;classic&quot;}\">\n\t\t\t\t\t\t<div class=\"elementor-container elementor-column-gap-default\">\n\t\t\t\t\t<div class=\"elementor-column elementor-col-100 elementor-top-column elementor-element elementor-element-437f384a\" data-id=\"437f384a\" data-element_type=\"column\" data-e-type=\"column\">\n\t\t\t<div class=\"elementor-widget-wrap elementor-element-populated\">\n\t\t\t\t\t\t<div class=\"elementor-element elementor-element-5130b7d4 elementor-widget elementor-widget-image-gallery\" data-id=\"5130b7d4\" data-element_type=\"widget\" data-e-type=\"widget\" data-widget_type=\"image-gallery.default\">\n\t\t\t\t<div class=\"elementor-widget-container\">\n\t\t\t\t\t\t\t<div class=\"elementor-image-gallery\">\n\t\t\t<div id='gallery-1' class='gallery galleryid-1233 gallery-columns-3 gallery-size-medium'><figure class='gallery-item'>\n\t\t\t<div class='gallery-icon landscape'>\n\t\t\t\t<a data-elementor-open-lightbox=\"yes\" data-elementor-lightbox-slideshow=\"5130b7d4\" data-elementor-lightbox-title=\"Bentley-Perks pistol\" data-e-action-hash=\"#elementor-action%3Aaction%3Dlightbox%26settings%3DeyJpZCI6Nzc5LCJ1cmwiOiJodHRwczpcL1wvd3d3Lmt3c2FudGlxdWVzLmRlXC93cC1jb250ZW50XC91cGxvYWRzXC8yMDIxXC8wMVwvYjEwOC0yLmpwZyIsInNsaWRlc2hvdyI6IjUxMzBiN2Q0In0%3D\" href='https:\/\/www.kwsantiques.de\/wp-content\/uploads\/2021\/01\/b108-2.jpg'><img decoding=\"async\" width=\"300\" height=\"126\" src=\"https:\/\/www.kwsantiques.de\/wp-content\/uploads\/2021\/01\/b108-2-300x126.jpg\" class=\"attachment-medium size-medium\" alt=\"\" srcset=\"https:\/\/www.kwsantiques.de\/wp-content\/uploads\/2021\/01\/b108-2-300x126.jpg 300w, https:\/\/www.kwsantiques.de\/wp-content\/uploads\/2021\/01\/b108-2-768x323.jpg 768w, https:\/\/www.kwsantiques.de\/wp-content\/uploads\/2021\/01\/b108-2.jpg 800w\" sizes=\"100vw\" \/><\/a>\n\t\t\t<\/div><\/figure><figure class='gallery-item'>\n\t\t\t<div class='gallery-icon landscape'>\n\t\t\t\t<a data-elementor-open-lightbox=\"yes\" data-elementor-lightbox-slideshow=\"5130b7d4\" data-elementor-lightbox-title=\"Bentley-Perks pistol\" data-e-action-hash=\"#elementor-action%3Aaction%3Dlightbox%26settings%3DeyJpZCI6NzgwLCJ1cmwiOiJodHRwczpcL1wvd3d3Lmt3c2FudGlxdWVzLmRlXC93cC1jb250ZW50XC91cGxvYWRzXC8yMDIxXC8wMVwvYjEwOC0zLmpwZyIsInNsaWRlc2hvdyI6IjUxMzBiN2Q0In0%3D\" href='https:\/\/www.kwsantiques.de\/wp-content\/uploads\/2021\/01\/b108-3.jpg'><img fetchpriority=\"high\" decoding=\"async\" width=\"300\" height=\"200\" src=\"https:\/\/www.kwsantiques.de\/wp-content\/uploads\/2021\/01\/b108-3-300x200.jpg\" class=\"attachment-medium size-medium\" alt=\"\" srcset=\"https:\/\/www.kwsantiques.de\/wp-content\/uploads\/2021\/01\/b108-3-300x200.jpg 300w, https:\/\/www.kwsantiques.de\/wp-content\/uploads\/2021\/01\/b108-3-768x512.jpg 768w, https:\/\/www.kwsantiques.de\/wp-content\/uploads\/2021\/01\/b108-3.jpg 800w\" sizes=\"100vw\" \/><\/a>\n\t\t\t<\/div><\/figure><figure class='gallery-item'>\n\t\t\t<div class='gallery-icon landscape'>\n\t\t\t\t<a data-elementor-open-lightbox=\"yes\" data-elementor-lightbox-slideshow=\"5130b7d4\" data-elementor-lightbox-title=\"Bentley-Perks pistol\" data-e-action-hash=\"#elementor-action%3Aaction%3Dlightbox%26settings%3DeyJpZCI6NzgxLCJ1cmwiOiJodHRwczpcL1wvd3d3Lmt3c2FudGlxdWVzLmRlXC93cC1jb250ZW50XC91cGxvYWRzXC8yMDIxXC8wMVwvYjEwOC00LmpwZyIsInNsaWRlc2hvdyI6IjUxMzBiN2Q0In0%3D\" href='https:\/\/www.kwsantiques.de\/wp-content\/uploads\/2021\/01\/b108-4.jpg'><img decoding=\"async\" width=\"300\" height=\"126\" src=\"https:\/\/www.kwsantiques.de\/wp-content\/uploads\/2021\/01\/b108-4-300x126.jpg\" class=\"attachment-medium size-medium\" alt=\"\" srcset=\"https:\/\/www.kwsantiques.de\/wp-content\/uploads\/2021\/01\/b108-4-300x126.jpg 300w, https:\/\/www.kwsantiques.de\/wp-content\/uploads\/2021\/01\/b108-4-768x323.jpg 768w, https:\/\/www.kwsantiques.de\/wp-content\/uploads\/2021\/01\/b108-4.jpg 800w\" sizes=\"100vw\" \/><\/a>\n\t\t\t<\/div><\/figure>\n\t\t<\/div>\n\t\t<\/div>\n\t\t\t\t\t\t<\/div>\n\t\t\t\t<\/div>\n\t\t\t\t\t<\/div>\n\t\t<\/div>\n\t\t\t\t\t<\/div>\n\t\t<\/section>\n\t\t\t\t<section class=\"elementor-section elementor-top-section elementor-element elementor-element-93da7e5 elementor-section-stretched elementor-section-boxed elementor-section-height-default elementor-section-height-default\" data-id=\"93da7e5\" data-element_type=\"section\" data-e-type=\"section\" data-settings=\"{&quot;stretch_section&quot;:&quot;section-stretched&quot;}\">\n\t\t\t\t\t\t<div class=\"elementor-container elementor-column-gap-default\">\n\t\t\t\t\t<div class=\"elementor-column elementor-col-100 elementor-top-column elementor-element elementor-element-1e8ab645\" data-id=\"1e8ab645\" data-element_type=\"column\" data-e-type=\"column\">\n\t\t\t<div class=\"elementor-widget-wrap elementor-element-populated\">\n\t\t\t\t\t\t<div class=\"elementor-element elementor-element-4b0f9b39 elementor-widget elementor-widget-text-editor\" data-id=\"4b0f9b39\" data-element_type=\"widget\" data-e-type=\"widget\" data-widget_type=\"text-editor.default\">\n\t\t\t\t<div class=\"elementor-widget-container\">\n\t\t\t\t\t\t\t\t\t<p>Eine \u00e4u\u00dferst ungew\u00f6hnliche, vermutlich durch den urspr\u00fcnglichen Besitzer modifizierte Waffe. Unter dem Rohr liegendes Perkussions-Schloss. Von achteckig in rund \u00fcbergehendes Rohr, signiert &#8220;BENTLEY PERKS LIVERPOOL&#8221;, Kaliber 12mm. An der Unterseite ist eine schwere Messerklinge als Bajonett angebracht. Auf dem Holster eine Messing-Plakette mit einem gravierten Anker und &#8220;CSN&#8221; (Confederate States Navy?).<\/p><p>Artikel B108. 850EUR.<\/p>\t\t\t\t\t\t\t\t<\/div>\n\t\t\t\t<\/div>\n\t\t\t\t\t<\/div>\n\t\t<\/div>\n\t\t\t\t\t<\/div>\n\t\t<\/section>\n\t\t\t\t<\/div>\n\t\t","protected":false},"excerpt":{"rendered":"<p>Eine \u00e4u\u00dferst ungew\u00f6hnliche, vermutlich durch den urspr\u00fcnglichen Besitzer modifizierte Waffe. Unter dem Rohr liegendes Perkussions-Schloss. Von achteckig in rund \u00fcbergehendes Rohr, signiert &#8220;BENTLEY PERKS LIVERPOOL&#8221;, Kaliber 12mm. An der Unterseite ist eine schwere Messerklinge als Bajonett angebracht. Auf dem Holster eine Messing-Plakette mit einem gravierten Anker und &#8220;CSN&#8221; (Confederate States Navy?). Artikel B108. 850EUR.<\/p>\n","protected":false},"author":1,"featured_media":0,"parent":119,"menu_order":0,"comment_status":"closed","ping_status":"closed","template":"","meta":{"ngg_post_thumbnail":0,"iawp_total_views":5,"footnotes":""},"class_list":["post-1233","page","type-page","status-publish","hentry"],"_links":{"self":[{"href":"https:\/\/www.kwsantiques.de\/index.php?rest_route=\/wp\/v2\/pages\/1233","targetHints":{"allow":["GET"]}}],"collection":[{"href":"https:\/\/www.kwsantiques.de\/index.php?rest_route=\/wp\/v2\/pages"}],"about":[{"href":"https:\/\/www.kwsantiques.de\/index.php?rest_route=\/wp\/v2\/types\/page"}],"author":[{"embeddable":true,"href":"https:\/\/www.kwsantiques.de\/index.php?rest_route=\/wp\/v2\/users\/1"}],"replies":[{"embeddable":true,"href":"https:\/\/www.kwsantiques.de\/index.php?rest_route=%2Fwp%2Fv2%2Fcomments&post=1233"}],"version-history":[{"count":10,"href":"https:\/\/www.kwsantiques.de\/index.php?rest_route=\/wp\/v2\/pages\/1233\/revisions"}],"predecessor-version":[{"id":1750,"href":"https:\/\/www.kwsantiques.de\/index.php?rest_route=\/wp\/v2\/pages\/1233\/revisions\/1750"}],"up":[{"embeddable":true,"href":"https:\/\/www.kwsantiques.de\/index.php?rest_route=\/wp\/v2\/pages\/119"}],"wp:attachment":[{"href":"https:\/\/www.kwsantiques.de\/index.php?rest_route=%2Fwp%2Fv2%2Fmedia&parent=1233"}],"curies":[{"name":"wp","href":"https:\/\/api.w.org\/{rel}","templated":true}]}}