{"id":1248,"date":"2021-01-10T21:00:27","date_gmt":"2021-01-10T21:00:27","guid":{"rendered":"https:\/\/www.kwsantiques.de\/?page_id=1248"},"modified":"2021-01-10T21:01:01","modified_gmt":"2021-01-10T21:01:01","slug":"ein-paar-franzoesischer-steinschloss-taschentromblone","status":"publish","type":"page","link":"https:\/\/www.kwsantiques.de\/?page_id=1248&lang=de","title":{"rendered":"Ein paar franz\u00f6sischer Steinschloss-Taschentromblone"},"content":{"rendered":"\t\t<div data-elementor-type=\"wp-page\" data-elementor-id=\"1248\" class=\"elementor elementor-1248\">\n\t\t\t\t\t\t<section class=\"elementor-section elementor-top-section elementor-element elementor-element-389b9b4c elementor-section-boxed elementor-section-height-default elementor-section-height-default\" data-id=\"389b9b4c\" data-element_type=\"section\" data-e-type=\"section\">\n\t\t\t\t\t\t<div class=\"elementor-container elementor-column-gap-default\">\n\t\t\t\t\t<div class=\"elementor-column elementor-col-100 elementor-top-column elementor-element elementor-element-6a3ca7c6\" data-id=\"6a3ca7c6\" data-element_type=\"column\" data-e-type=\"column\">\n\t\t\t<div class=\"elementor-widget-wrap elementor-element-populated\">\n\t\t\t\t\t\t<div class=\"elementor-element elementor-element-7c576345 elementor-widget elementor-widget-spacer\" data-id=\"7c576345\" data-element_type=\"widget\" data-e-type=\"widget\" data-widget_type=\"spacer.default\">\n\t\t\t\t<div class=\"elementor-widget-container\">\n\t\t\t\t\t\t\t<div class=\"elementor-spacer\">\n\t\t\t<div class=\"elementor-spacer-inner\"><\/div>\n\t\t<\/div>\n\t\t\t\t\t\t<\/div>\n\t\t\t\t<\/div>\n\t\t\t\t\t<\/div>\n\t\t<\/div>\n\t\t\t\t\t<\/div>\n\t\t<\/section>\n\t\t\t\t<section class=\"elementor-section elementor-top-section elementor-element elementor-element-33c1b6cc elementor-section-stretched elementor-section-boxed elementor-section-height-default elementor-section-height-default\" data-id=\"33c1b6cc\" data-element_type=\"section\" data-e-type=\"section\" data-settings=\"{&quot;stretch_section&quot;:&quot;section-stretched&quot;,&quot;background_background&quot;:&quot;classic&quot;}\">\n\t\t\t\t\t\t<div class=\"elementor-container elementor-column-gap-default\">\n\t\t\t\t\t<div class=\"elementor-column elementor-col-100 elementor-top-column elementor-element elementor-element-56119884\" data-id=\"56119884\" data-element_type=\"column\" data-e-type=\"column\">\n\t\t\t<div class=\"elementor-widget-wrap elementor-element-populated\">\n\t\t\t\t\t\t<div class=\"elementor-element elementor-element-1f97da05 elementor-widget elementor-widget-image-gallery\" data-id=\"1f97da05\" data-element_type=\"widget\" data-e-type=\"widget\" data-widget_type=\"image-gallery.default\">\n\t\t\t\t<div class=\"elementor-widget-container\">\n\t\t\t\t\t\t\t<div class=\"elementor-image-gallery\">\n\t\t\t<div id='gallery-1' class='gallery galleryid-1248 gallery-columns-2 gallery-size-medium'><figure class='gallery-item'>\n\t\t\t<div class='gallery-icon landscape'>\n\t\t\t\t<a data-elementor-open-lightbox=\"yes\" data-elementor-lightbox-slideshow=\"1f97da05\" data-elementor-lightbox-title=\"A pair of French blunderbuss pocket pistols\" data-e-action-hash=\"#elementor-action%3Aaction%3Dlightbox%26settings%3DeyJpZCI6NzQyLCJ1cmwiOiJodHRwczpcL1wvd3d3Lmt3c2FudGlxdWVzLmRlXC93cC1jb250ZW50XC91cGxvYWRzXC8yMDIxXC8wMVwvYjA5NS0xLmpwZyIsInNsaWRlc2hvdyI6IjFmOTdkYTA1In0%3D\" href='https:\/\/www.kwsantiques.de\/wp-content\/uploads\/2021\/01\/b095-1.jpg'><img fetchpriority=\"high\" decoding=\"async\" width=\"300\" height=\"193\" src=\"https:\/\/www.kwsantiques.de\/wp-content\/uploads\/2021\/01\/b095-1-300x193.jpg\" class=\"attachment-medium size-medium\" alt=\"\" srcset=\"https:\/\/www.kwsantiques.de\/wp-content\/uploads\/2021\/01\/b095-1-300x193.jpg 300w, https:\/\/www.kwsantiques.de\/wp-content\/uploads\/2021\/01\/b095-1-768x494.jpg 768w, https:\/\/www.kwsantiques.de\/wp-content\/uploads\/2021\/01\/b095-1.jpg 800w\" sizes=\"100vw\" \/><\/a>\n\t\t\t<\/div><\/figure><figure class='gallery-item'>\n\t\t\t<div class='gallery-icon landscape'>\n\t\t\t\t<a data-elementor-open-lightbox=\"yes\" data-elementor-lightbox-slideshow=\"1f97da05\" data-elementor-lightbox-title=\"A pair of French blunderbuss pocket pistols\" data-e-action-hash=\"#elementor-action%3Aaction%3Dlightbox%26settings%3DeyJpZCI6ODEwLCJ1cmwiOiJodHRwczpcL1wvd3d3Lmt3c2FudGlxdWVzLmRlXC93cC1jb250ZW50XC91cGxvYWRzXC8yMDIxXC8wMVwvYjA5NS0yLmpwZyIsInNsaWRlc2hvdyI6IjFmOTdkYTA1In0%3D\" href='https:\/\/www.kwsantiques.de\/wp-content\/uploads\/2021\/01\/b095-2.jpg'><img decoding=\"async\" width=\"300\" height=\"143\" src=\"https:\/\/www.kwsantiques.de\/wp-content\/uploads\/2021\/01\/b095-2-300x143.jpg\" class=\"attachment-medium size-medium\" alt=\"\" srcset=\"https:\/\/www.kwsantiques.de\/wp-content\/uploads\/2021\/01\/b095-2-300x143.jpg 300w, https:\/\/www.kwsantiques.de\/wp-content\/uploads\/2021\/01\/b095-2-768x367.jpg 768w, https:\/\/www.kwsantiques.de\/wp-content\/uploads\/2021\/01\/b095-2.jpg 800w\" sizes=\"100vw\" \/><\/a>\n\t\t\t<\/div><\/figure><figure class='gallery-item'>\n\t\t\t<div class='gallery-icon landscape'>\n\t\t\t\t<a data-elementor-open-lightbox=\"yes\" data-elementor-lightbox-slideshow=\"1f97da05\" data-elementor-lightbox-title=\"A pair of French blunderbuss pocket pistols\" data-e-action-hash=\"#elementor-action%3Aaction%3Dlightbox%26settings%3DeyJpZCI6ODExLCJ1cmwiOiJodHRwczpcL1wvd3d3Lmt3c2FudGlxdWVzLmRlXC93cC1jb250ZW50XC91cGxvYWRzXC8yMDIxXC8wMVwvYjA5NS0zLmpwZyIsInNsaWRlc2hvdyI6IjFmOTdkYTA1In0%3D\" href='https:\/\/www.kwsantiques.de\/wp-content\/uploads\/2021\/01\/b095-3.jpg'><img decoding=\"async\" width=\"300\" height=\"148\" src=\"https:\/\/www.kwsantiques.de\/wp-content\/uploads\/2021\/01\/b095-3-300x148.jpg\" class=\"attachment-medium size-medium\" alt=\"\" srcset=\"https:\/\/www.kwsantiques.de\/wp-content\/uploads\/2021\/01\/b095-3-300x148.jpg 300w, https:\/\/www.kwsantiques.de\/wp-content\/uploads\/2021\/01\/b095-3-768x379.jpg 768w, https:\/\/www.kwsantiques.de\/wp-content\/uploads\/2021\/01\/b095-3.jpg 800w\" sizes=\"100vw\" \/><\/a>\n\t\t\t<\/div><\/figure><figure class='gallery-item'>\n\t\t\t<div class='gallery-icon landscape'>\n\t\t\t\t<a data-elementor-open-lightbox=\"yes\" data-elementor-lightbox-slideshow=\"1f97da05\" data-elementor-lightbox-title=\"A pair of French blunderbuss pocket pistols\" data-e-action-hash=\"#elementor-action%3Aaction%3Dlightbox%26settings%3DeyJpZCI6ODEyLCJ1cmwiOiJodHRwczpcL1wvd3d3Lmt3c2FudGlxdWVzLmRlXC93cC1jb250ZW50XC91cGxvYWRzXC8yMDIxXC8wMVwvYjA5NS00LmpwZyIsInNsaWRlc2hvdyI6IjFmOTdkYTA1In0%3D\" href='https:\/\/www.kwsantiques.de\/wp-content\/uploads\/2021\/01\/b095-4.jpg'><img loading=\"lazy\" decoding=\"async\" width=\"300\" height=\"200\" src=\"https:\/\/www.kwsantiques.de\/wp-content\/uploads\/2021\/01\/b095-4-300x200.jpg\" class=\"attachment-medium size-medium\" alt=\"\" srcset=\"https:\/\/www.kwsantiques.de\/wp-content\/uploads\/2021\/01\/b095-4-300x200.jpg 300w, https:\/\/www.kwsantiques.de\/wp-content\/uploads\/2021\/01\/b095-4-768x512.jpg 768w, https:\/\/www.kwsantiques.de\/wp-content\/uploads\/2021\/01\/b095-4.jpg 800w\" sizes=\"100vw\" \/><\/a>\n\t\t\t<\/div><\/figure>\n\t\t<\/div>\n\t\t<\/div>\n\t\t\t\t\t\t<\/div>\n\t\t\t\t<\/div>\n\t\t\t\t\t<\/div>\n\t\t<\/div>\n\t\t\t\t\t<\/div>\n\t\t<\/section>\n\t\t\t\t<section class=\"elementor-section elementor-top-section elementor-element elementor-element-50b90813 elementor-section-stretched elementor-section-boxed elementor-section-height-default elementor-section-height-default\" data-id=\"50b90813\" data-element_type=\"section\" data-e-type=\"section\" data-settings=\"{&quot;stretch_section&quot;:&quot;section-stretched&quot;}\">\n\t\t\t\t\t\t<div class=\"elementor-container elementor-column-gap-default\">\n\t\t\t\t\t<div class=\"elementor-column elementor-col-100 elementor-top-column elementor-element elementor-element-122e0bdd\" data-id=\"122e0bdd\" data-element_type=\"column\" data-e-type=\"column\">\n\t\t\t<div class=\"elementor-widget-wrap elementor-element-populated\">\n\t\t\t\t\t\t<div class=\"elementor-element elementor-element-7d04b968 elementor-widget elementor-widget-text-editor\" data-id=\"7d04b968\" data-element_type=\"widget\" data-e-type=\"widget\" data-widget_type=\"text-editor.default\">\n\t\t\t\t<div class=\"elementor-widget-container\">\n\t\t\t\t\t\t\t\t\t<p>Ein sch\u00f6nes Paar franz\u00f6sische Reise-Pistolen, ca. 1780. Runde Messing-Rohre, Durchmesser an der M\u00fcndung 25mm, Wandst\u00e4rke an der M\u00fcndung 2mm.. Die oben aufgesetzten Steinschl\u00f6sser haben eine Schiebe-Sicherung und funktionieren pr\u00e4chtig. Gesamtl\u00e4nge 20,5cm. Guter Zustand.<\/p><p>Artikel B095. 4.200EUR.<\/p>\t\t\t\t\t\t\t\t<\/div>\n\t\t\t\t<\/div>\n\t\t\t\t\t<\/div>\n\t\t<\/div>\n\t\t\t\t\t<\/div>\n\t\t<\/section>\n\t\t\t\t<\/div>\n\t\t","protected":false},"excerpt":{"rendered":"<p>Ein sch\u00f6nes Paar franz\u00f6sische Reise-Pistolen, ca. 1780. Runde Messing-Rohre, Durchmesser an der M\u00fcndung 25mm, Wandst\u00e4rke an der M\u00fcndung 2mm.. Die oben aufgesetzten Steinschl\u00f6sser haben eine Schiebe-Sicherung und funktionieren pr\u00e4chtig. Gesamtl\u00e4nge 20,5cm. Guter Zustand. Artikel B095. 4.200EUR.<\/p>\n","protected":false},"author":1,"featured_media":0,"parent":119,"menu_order":0,"comment_status":"closed","ping_status":"closed","template":"","meta":{"ngg_post_thumbnail":0,"iawp_total_views":0,"footnotes":""},"class_list":["post-1248","page","type-page","status-publish","hentry"],"_links":{"self":[{"href":"https:\/\/www.kwsantiques.de\/index.php?rest_route=\/wp\/v2\/pages\/1248","targetHints":{"allow":["GET"]}}],"collection":[{"href":"https:\/\/www.kwsantiques.de\/index.php?rest_route=\/wp\/v2\/pages"}],"about":[{"href":"https:\/\/www.kwsantiques.de\/index.php?rest_route=\/wp\/v2\/types\/page"}],"author":[{"embeddable":true,"href":"https:\/\/www.kwsantiques.de\/index.php?rest_route=\/wp\/v2\/users\/1"}],"replies":[{"embeddable":true,"href":"https:\/\/www.kwsantiques.de\/index.php?rest_route=%2Fwp%2Fv2%2Fcomments&post=1248"}],"version-history":[{"count":4,"href":"https:\/\/www.kwsantiques.de\/index.php?rest_route=\/wp\/v2\/pages\/1248\/revisions"}],"predecessor-version":[{"id":1252,"href":"https:\/\/www.kwsantiques.de\/index.php?rest_route=\/wp\/v2\/pages\/1248\/revisions\/1252"}],"up":[{"embeddable":true,"href":"https:\/\/www.kwsantiques.de\/index.php?rest_route=\/wp\/v2\/pages\/119"}],"wp:attachment":[{"href":"https:\/\/www.kwsantiques.de\/index.php?rest_route=%2Fwp%2Fv2%2Fmedia&parent=1248"}],"curies":[{"name":"wp","href":"https:\/\/api.w.org\/{rel}","templated":true}]}}