{"id":1253,"date":"2021-01-10T21:01:59","date_gmt":"2021-01-10T21:01:59","guid":{"rendered":"https:\/\/www.kwsantiques.de\/?page_id=1253"},"modified":"2021-01-10T21:02:41","modified_gmt":"2021-01-10T21:02:41","slug":"steinschloss-tromblon-mit-messinglauf","status":"publish","type":"page","link":"https:\/\/www.kwsantiques.de\/?page_id=1253&lang=de","title":{"rendered":"Steinschlo\u00df-Tromblon mit Messinglauf"},"content":{"rendered":"\t\t<div data-elementor-type=\"wp-page\" data-elementor-id=\"1253\" class=\"elementor elementor-1253\">\n\t\t\t\t\t\t<section class=\"elementor-section elementor-top-section elementor-element elementor-element-3d2bcea8 elementor-section-boxed elementor-section-height-default elementor-section-height-default\" data-id=\"3d2bcea8\" data-element_type=\"section\" data-e-type=\"section\">\n\t\t\t\t\t\t<div class=\"elementor-container elementor-column-gap-default\">\n\t\t\t\t\t<div class=\"elementor-column elementor-col-100 elementor-top-column elementor-element elementor-element-af16c48\" data-id=\"af16c48\" data-element_type=\"column\" data-e-type=\"column\">\n\t\t\t<div class=\"elementor-widget-wrap elementor-element-populated\">\n\t\t\t\t\t\t<div class=\"elementor-element elementor-element-70f1a169 elementor-widget elementor-widget-spacer\" data-id=\"70f1a169\" data-element_type=\"widget\" data-e-type=\"widget\" data-widget_type=\"spacer.default\">\n\t\t\t\t<div class=\"elementor-widget-container\">\n\t\t\t\t\t\t\t<div class=\"elementor-spacer\">\n\t\t\t<div class=\"elementor-spacer-inner\"><\/div>\n\t\t<\/div>\n\t\t\t\t\t\t<\/div>\n\t\t\t\t<\/div>\n\t\t\t\t\t<\/div>\n\t\t<\/div>\n\t\t\t\t\t<\/div>\n\t\t<\/section>\n\t\t\t\t<section class=\"elementor-section elementor-top-section elementor-element elementor-element-2a2719b8 elementor-section-stretched elementor-section-boxed elementor-section-height-default elementor-section-height-default\" data-id=\"2a2719b8\" data-element_type=\"section\" data-e-type=\"section\" data-settings=\"{&quot;stretch_section&quot;:&quot;section-stretched&quot;,&quot;background_background&quot;:&quot;classic&quot;}\">\n\t\t\t\t\t\t<div class=\"elementor-container elementor-column-gap-default\">\n\t\t\t\t\t<div class=\"elementor-column elementor-col-100 elementor-top-column elementor-element elementor-element-41684463\" data-id=\"41684463\" data-element_type=\"column\" data-e-type=\"column\">\n\t\t\t<div class=\"elementor-widget-wrap elementor-element-populated\">\n\t\t\t\t\t\t<div class=\"elementor-element elementor-element-41b3d010 elementor-widget elementor-widget-image-gallery\" data-id=\"41b3d010\" data-element_type=\"widget\" data-e-type=\"widget\" data-widget_type=\"image-gallery.default\">\n\t\t\t\t<div class=\"elementor-widget-container\">\n\t\t\t\t\t\t\t<div class=\"elementor-image-gallery\">\n\t\t\t<div id='gallery-1' class='gallery galleryid-1253 gallery-columns-4 gallery-size-thumbnail'><figure class='gallery-item'>\n\t\t\t<div class='gallery-icon landscape'>\n\t\t\t\t<a data-elementor-open-lightbox=\"yes\" data-elementor-lightbox-slideshow=\"41b3d010\" data-elementor-lightbox-title=\"18th century coach blunderbuss\" data-e-action-hash=\"#elementor-action%3Aaction%3Dlightbox%26settings%3DeyJpZCI6ODIyLCJ1cmwiOiJodHRwczpcL1wvd3d3Lmt3c2FudGlxdWVzLmRlXC93cC1jb250ZW50XC91cGxvYWRzXC8yMDIxXC8wMVwvZjE2My0yLmpwZyIsInNsaWRlc2hvdyI6IjQxYjNkMDEwIn0%3D\" href='https:\/\/www.kwsantiques.de\/wp-content\/uploads\/2021\/01\/f163-2.jpg'><img decoding=\"async\" width=\"150\" height=\"150\" src=\"https:\/\/www.kwsantiques.de\/wp-content\/uploads\/2021\/01\/f163-2-150x150.jpg\" class=\"attachment-thumbnail size-thumbnail\" alt=\"\" srcset=\"https:\/\/www.kwsantiques.de\/wp-content\/uploads\/2021\/01\/f163-2-150x150.jpg 150w, https:\/\/www.kwsantiques.de\/wp-content\/uploads\/2021\/01\/f163-2-100x100.jpg 100w\" sizes=\"100vw\" \/><\/a>\n\t\t\t<\/div><\/figure><figure class='gallery-item'>\n\t\t\t<div class='gallery-icon landscape'>\n\t\t\t\t<a data-elementor-open-lightbox=\"yes\" data-elementor-lightbox-slideshow=\"41b3d010\" data-elementor-lightbox-title=\"18th century coach blunderbuss\" data-e-action-hash=\"#elementor-action%3Aaction%3Dlightbox%26settings%3DeyJpZCI6ODIzLCJ1cmwiOiJodHRwczpcL1wvd3d3Lmt3c2FudGlxdWVzLmRlXC93cC1jb250ZW50XC91cGxvYWRzXC8yMDIxXC8wMVwvZjE2My0zLmpwZyIsInNsaWRlc2hvdyI6IjQxYjNkMDEwIn0%3D\" href='https:\/\/www.kwsantiques.de\/wp-content\/uploads\/2021\/01\/f163-3.jpg'><img decoding=\"async\" width=\"150\" height=\"150\" src=\"https:\/\/www.kwsantiques.de\/wp-content\/uploads\/2021\/01\/f163-3-150x150.jpg\" class=\"attachment-thumbnail size-thumbnail\" alt=\"\" srcset=\"https:\/\/www.kwsantiques.de\/wp-content\/uploads\/2021\/01\/f163-3-150x150.jpg 150w, https:\/\/www.kwsantiques.de\/wp-content\/uploads\/2021\/01\/f163-3-100x100.jpg 100w\" sizes=\"100vw\" \/><\/a>\n\t\t\t<\/div><\/figure><figure class='gallery-item'>\n\t\t\t<div class='gallery-icon landscape'>\n\t\t\t\t<a data-elementor-open-lightbox=\"yes\" data-elementor-lightbox-slideshow=\"41b3d010\" data-elementor-lightbox-title=\"18th century coach blunderbuss\" data-e-action-hash=\"#elementor-action%3Aaction%3Dlightbox%26settings%3DeyJpZCI6ODI0LCJ1cmwiOiJodHRwczpcL1wvd3d3Lmt3c2FudGlxdWVzLmRlXC93cC1jb250ZW50XC91cGxvYWRzXC8yMDIxXC8wMVwvZjE2My00LmpwZyIsInNsaWRlc2hvdyI6IjQxYjNkMDEwIn0%3D\" href='https:\/\/www.kwsantiques.de\/wp-content\/uploads\/2021\/01\/f163-4.jpg'><img decoding=\"async\" width=\"150\" height=\"150\" src=\"https:\/\/www.kwsantiques.de\/wp-content\/uploads\/2021\/01\/f163-4-150x150.jpg\" class=\"attachment-thumbnail size-thumbnail\" alt=\"\" srcset=\"https:\/\/www.kwsantiques.de\/wp-content\/uploads\/2021\/01\/f163-4-150x150.jpg 150w, https:\/\/www.kwsantiques.de\/wp-content\/uploads\/2021\/01\/f163-4-100x100.jpg 100w\" sizes=\"100vw\" \/><\/a>\n\t\t\t<\/div><\/figure><figure class='gallery-item'>\n\t\t\t<div class='gallery-icon landscape'>\n\t\t\t\t<a data-elementor-open-lightbox=\"yes\" data-elementor-lightbox-slideshow=\"41b3d010\" data-elementor-lightbox-title=\"18th century coach blunderbuss\" data-e-action-hash=\"#elementor-action%3Aaction%3Dlightbox%26settings%3DeyJpZCI6ODI1LCJ1cmwiOiJodHRwczpcL1wvd3d3Lmt3c2FudGlxdWVzLmRlXC93cC1jb250ZW50XC91cGxvYWRzXC8yMDIxXC8wMVwvZjE2My01LmpwZyIsInNsaWRlc2hvdyI6IjQxYjNkMDEwIn0%3D\" href='https:\/\/www.kwsantiques.de\/wp-content\/uploads\/2021\/01\/f163-5.jpg'><img loading=\"lazy\" decoding=\"async\" width=\"150\" height=\"150\" src=\"https:\/\/www.kwsantiques.de\/wp-content\/uploads\/2021\/01\/f163-5-150x150.jpg\" class=\"attachment-thumbnail size-thumbnail\" alt=\"\" srcset=\"https:\/\/www.kwsantiques.de\/wp-content\/uploads\/2021\/01\/f163-5-150x150.jpg 150w, https:\/\/www.kwsantiques.de\/wp-content\/uploads\/2021\/01\/f163-5-100x100.jpg 100w\" sizes=\"100vw\" \/><\/a>\n\t\t\t<\/div><\/figure><figure class='gallery-item'>\n\t\t\t<div class='gallery-icon landscape'>\n\t\t\t\t<a data-elementor-open-lightbox=\"yes\" data-elementor-lightbox-slideshow=\"41b3d010\" data-elementor-lightbox-title=\"18th century coach blunderbuss\" data-e-action-hash=\"#elementor-action%3Aaction%3Dlightbox%26settings%3DeyJpZCI6ODI2LCJ1cmwiOiJodHRwczpcL1wvd3d3Lmt3c2FudGlxdWVzLmRlXC93cC1jb250ZW50XC91cGxvYWRzXC8yMDIxXC8wMVwvZjE2My03LmpwZyIsInNsaWRlc2hvdyI6IjQxYjNkMDEwIn0%3D\" href='https:\/\/www.kwsantiques.de\/wp-content\/uploads\/2021\/01\/f163-7.jpg'><img loading=\"lazy\" decoding=\"async\" width=\"150\" height=\"150\" src=\"https:\/\/www.kwsantiques.de\/wp-content\/uploads\/2021\/01\/f163-7-150x150.jpg\" class=\"attachment-thumbnail size-thumbnail\" alt=\"\" srcset=\"https:\/\/www.kwsantiques.de\/wp-content\/uploads\/2021\/01\/f163-7-150x150.jpg 150w, https:\/\/www.kwsantiques.de\/wp-content\/uploads\/2021\/01\/f163-7-100x100.jpg 100w\" sizes=\"100vw\" \/><\/a>\n\t\t\t<\/div><\/figure><figure class='gallery-item'>\n\t\t\t<div class='gallery-icon landscape'>\n\t\t\t\t<a data-elementor-open-lightbox=\"yes\" data-elementor-lightbox-slideshow=\"41b3d010\" data-elementor-lightbox-title=\"18th century coach blunderbuss\" data-e-action-hash=\"#elementor-action%3Aaction%3Dlightbox%26settings%3DeyJpZCI6ODI3LCJ1cmwiOiJodHRwczpcL1wvd3d3Lmt3c2FudGlxdWVzLmRlXC93cC1jb250ZW50XC91cGxvYWRzXC8yMDIxXC8wMVwvZjE2My04LmpwZyIsInNsaWRlc2hvdyI6IjQxYjNkMDEwIn0%3D\" href='https:\/\/www.kwsantiques.de\/wp-content\/uploads\/2021\/01\/f163-8.jpg'><img loading=\"lazy\" decoding=\"async\" width=\"150\" height=\"150\" src=\"https:\/\/www.kwsantiques.de\/wp-content\/uploads\/2021\/01\/f163-8-150x150.jpg\" class=\"attachment-thumbnail size-thumbnail\" alt=\"\" srcset=\"https:\/\/www.kwsantiques.de\/wp-content\/uploads\/2021\/01\/f163-8-150x150.jpg 150w, https:\/\/www.kwsantiques.de\/wp-content\/uploads\/2021\/01\/f163-8-100x100.jpg 100w\" sizes=\"100vw\" \/><\/a>\n\t\t\t<\/div><\/figure><figure class='gallery-item'>\n\t\t\t<div class='gallery-icon landscape'>\n\t\t\t\t<a data-elementor-open-lightbox=\"yes\" data-elementor-lightbox-slideshow=\"41b3d010\" data-elementor-lightbox-title=\"18th century coach blunderbuss\" data-e-action-hash=\"#elementor-action%3Aaction%3Dlightbox%26settings%3DeyJpZCI6ODI4LCJ1cmwiOiJodHRwczpcL1wvd3d3Lmt3c2FudGlxdWVzLmRlXC93cC1jb250ZW50XC91cGxvYWRzXC8yMDIxXC8wMVwvZjE2My05LmpwZyIsInNsaWRlc2hvdyI6IjQxYjNkMDEwIn0%3D\" href='https:\/\/www.kwsantiques.de\/wp-content\/uploads\/2021\/01\/f163-9.jpg'><img loading=\"lazy\" decoding=\"async\" width=\"150\" height=\"150\" src=\"https:\/\/www.kwsantiques.de\/wp-content\/uploads\/2021\/01\/f163-9-150x150.jpg\" class=\"attachment-thumbnail size-thumbnail\" alt=\"\" srcset=\"https:\/\/www.kwsantiques.de\/wp-content\/uploads\/2021\/01\/f163-9-150x150.jpg 150w, https:\/\/www.kwsantiques.de\/wp-content\/uploads\/2021\/01\/f163-9-100x100.jpg 100w\" sizes=\"100vw\" \/><\/a>\n\t\t\t<\/div><\/figure><figure class='gallery-item'>\n\t\t\t<div class='gallery-icon landscape'>\n\t\t\t\t<a data-elementor-open-lightbox=\"yes\" data-elementor-lightbox-slideshow=\"41b3d010\" data-elementor-lightbox-title=\"18th century coach blunderbuss\" data-e-action-hash=\"#elementor-action%3Aaction%3Dlightbox%26settings%3DeyJpZCI6NzQzLCJ1cmwiOiJodHRwczpcL1wvd3d3Lmt3c2FudGlxdWVzLmRlXC93cC1jb250ZW50XC91cGxvYWRzXC8yMDIxXC8wMVwvZjE2My0xLmpwZyIsInNsaWRlc2hvdyI6IjQxYjNkMDEwIn0%3D\" href='https:\/\/www.kwsantiques.de\/wp-content\/uploads\/2021\/01\/f163-1.jpg'><img loading=\"lazy\" decoding=\"async\" width=\"150\" height=\"150\" src=\"https:\/\/www.kwsantiques.de\/wp-content\/uploads\/2021\/01\/f163-1-150x150.jpg\" class=\"attachment-thumbnail size-thumbnail\" alt=\"\" srcset=\"https:\/\/www.kwsantiques.de\/wp-content\/uploads\/2021\/01\/f163-1-150x150.jpg 150w, https:\/\/www.kwsantiques.de\/wp-content\/uploads\/2021\/01\/f163-1-100x100.jpg 100w\" sizes=\"100vw\" \/><\/a>\n\t\t\t<\/div><\/figure>\n\t\t<\/div>\n\t\t<\/div>\n\t\t\t\t\t\t<\/div>\n\t\t\t\t<\/div>\n\t\t\t\t\t<\/div>\n\t\t<\/div>\n\t\t\t\t\t<\/div>\n\t\t<\/section>\n\t\t\t\t<section class=\"elementor-section elementor-top-section elementor-element elementor-element-7a59a999 elementor-section-stretched elementor-section-boxed elementor-section-height-default elementor-section-height-default\" data-id=\"7a59a999\" data-element_type=\"section\" data-e-type=\"section\" data-settings=\"{&quot;stretch_section&quot;:&quot;section-stretched&quot;}\">\n\t\t\t\t\t\t<div class=\"elementor-container elementor-column-gap-default\">\n\t\t\t\t\t<div class=\"elementor-column elementor-col-100 elementor-top-column elementor-element elementor-element-12ca06e7\" data-id=\"12ca06e7\" data-element_type=\"column\" data-e-type=\"column\">\n\t\t\t<div class=\"elementor-widget-wrap elementor-element-populated\">\n\t\t\t\t\t\t<div class=\"elementor-element elementor-element-40dd0d3 elementor-widget elementor-widget-text-editor\" data-id=\"40dd0d3\" data-element_type=\"widget\" data-e-type=\"widget\" data-widget_type=\"text-editor.default\">\n\t\t\t\t<div class=\"elementor-widget-container\">\n\t\t\t\t\t\t\t\t\t<p>Ein Steinschlo\u00df-Tromblon, zweite H\u00e4lfte 18. Jahrhundert. Messingrohr mit verschiedenen Pr\u00fcfstempeln. Die Sch\u00e4ftung ist ab dem Abzugsschutz ersetzt worden. Ansonsten guter Zustand. Ladestock fehlt. L\u00e4nge 77cm.<\/p><p>Artikel F163. 2300EUR.<\/p>\t\t\t\t\t\t\t\t<\/div>\n\t\t\t\t<\/div>\n\t\t\t\t\t<\/div>\n\t\t<\/div>\n\t\t\t\t\t<\/div>\n\t\t<\/section>\n\t\t\t\t<\/div>\n\t\t","protected":false},"excerpt":{"rendered":"<p>Ein Steinschlo\u00df-Tromblon, zweite H\u00e4lfte 18. Jahrhundert. Messingrohr mit verschiedenen Pr\u00fcfstempeln. Die Sch\u00e4ftung ist ab dem Abzugsschutz ersetzt worden. Ansonsten guter Zustand. Ladestock fehlt. L\u00e4nge 77cm. Artikel F163. 2300EUR.<\/p>\n","protected":false},"author":1,"featured_media":0,"parent":119,"menu_order":0,"comment_status":"closed","ping_status":"closed","template":"","meta":{"ngg_post_thumbnail":0,"iawp_total_views":6,"footnotes":""},"class_list":["post-1253","page","type-page","status-publish","hentry"],"_links":{"self":[{"href":"https:\/\/www.kwsantiques.de\/index.php?rest_route=\/wp\/v2\/pages\/1253","targetHints":{"allow":["GET"]}}],"collection":[{"href":"https:\/\/www.kwsantiques.de\/index.php?rest_route=\/wp\/v2\/pages"}],"about":[{"href":"https:\/\/www.kwsantiques.de\/index.php?rest_route=\/wp\/v2\/types\/page"}],"author":[{"embeddable":true,"href":"https:\/\/www.kwsantiques.de\/index.php?rest_route=\/wp\/v2\/users\/1"}],"replies":[{"embeddable":true,"href":"https:\/\/www.kwsantiques.de\/index.php?rest_route=%2Fwp%2Fv2%2Fcomments&post=1253"}],"version-history":[{"count":4,"href":"https:\/\/www.kwsantiques.de\/index.php?rest_route=\/wp\/v2\/pages\/1253\/revisions"}],"predecessor-version":[{"id":1257,"href":"https:\/\/www.kwsantiques.de\/index.php?rest_route=\/wp\/v2\/pages\/1253\/revisions\/1257"}],"up":[{"embeddable":true,"href":"https:\/\/www.kwsantiques.de\/index.php?rest_route=\/wp\/v2\/pages\/119"}],"wp:attachment":[{"href":"https:\/\/www.kwsantiques.de\/index.php?rest_route=%2Fwp%2Fv2%2Fmedia&parent=1253"}],"curies":[{"name":"wp","href":"https:\/\/api.w.org\/{rel}","templated":true}]}}