{"id":1258,"date":"2021-01-10T21:03:36","date_gmt":"2021-01-10T21:03:36","guid":{"rendered":"https:\/\/www.kwsantiques.de\/?page_id=1258"},"modified":"2021-01-10T21:04:25","modified_gmt":"2021-01-10T21:04:25","slug":"louis-xv-taschenpistole","status":"publish","type":"page","link":"https:\/\/www.kwsantiques.de\/?page_id=1258&lang=de","title":{"rendered":"Louis XV Taschenpistole"},"content":{"rendered":"\t\t<div data-elementor-type=\"wp-page\" data-elementor-id=\"1258\" class=\"elementor elementor-1258\">\n\t\t\t\t\t\t<section class=\"elementor-section elementor-top-section elementor-element elementor-element-40e44558 elementor-section-boxed elementor-section-height-default elementor-section-height-default\" data-id=\"40e44558\" data-element_type=\"section\" data-e-type=\"section\">\n\t\t\t\t\t\t<div class=\"elementor-container elementor-column-gap-default\">\n\t\t\t\t\t<div class=\"elementor-column elementor-col-100 elementor-top-column elementor-element elementor-element-34c41e2e\" data-id=\"34c41e2e\" data-element_type=\"column\" data-e-type=\"column\">\n\t\t\t<div class=\"elementor-widget-wrap elementor-element-populated\">\n\t\t\t\t\t\t<div class=\"elementor-element elementor-element-6f58a6f3 elementor-widget elementor-widget-spacer\" data-id=\"6f58a6f3\" data-element_type=\"widget\" data-e-type=\"widget\" data-widget_type=\"spacer.default\">\n\t\t\t\t<div class=\"elementor-widget-container\">\n\t\t\t\t\t\t\t<div class=\"elementor-spacer\">\n\t\t\t<div class=\"elementor-spacer-inner\"><\/div>\n\t\t<\/div>\n\t\t\t\t\t\t<\/div>\n\t\t\t\t<\/div>\n\t\t\t\t\t<\/div>\n\t\t<\/div>\n\t\t\t\t\t<\/div>\n\t\t<\/section>\n\t\t\t\t<section class=\"elementor-section elementor-top-section elementor-element elementor-element-5585def5 elementor-section-stretched elementor-section-boxed elementor-section-height-default elementor-section-height-default\" data-id=\"5585def5\" data-element_type=\"section\" data-e-type=\"section\" data-settings=\"{&quot;stretch_section&quot;:&quot;section-stretched&quot;,&quot;background_background&quot;:&quot;classic&quot;}\">\n\t\t\t\t\t\t<div class=\"elementor-container elementor-column-gap-default\">\n\t\t\t\t\t<div class=\"elementor-column elementor-col-100 elementor-top-column elementor-element elementor-element-363e4f97\" data-id=\"363e4f97\" data-element_type=\"column\" data-e-type=\"column\">\n\t\t\t<div class=\"elementor-widget-wrap elementor-element-populated\">\n\t\t\t\t\t\t<div class=\"elementor-element elementor-element-3fbe937 elementor-widget elementor-widget-image-gallery\" data-id=\"3fbe937\" data-element_type=\"widget\" data-e-type=\"widget\" data-widget_type=\"image-gallery.default\">\n\t\t\t\t<div class=\"elementor-widget-container\">\n\t\t\t\t\t\t\t<div class=\"elementor-image-gallery\">\n\t\t\t<div id='gallery-1' class='gallery galleryid-1258 gallery-columns-3 gallery-size-thumbnail'><figure class='gallery-item'>\n\t\t\t<div class='gallery-icon landscape'>\n\t\t\t\t<a data-elementor-open-lightbox=\"yes\" data-elementor-lightbox-slideshow=\"3fbe937\" data-elementor-lightbox-title=\"French Louis XV pocket pistol by Bourlier L&#039;aine\" data-e-action-hash=\"#elementor-action%3Aaction%3Dlightbox%26settings%3DeyJpZCI6ODM1LCJ1cmwiOiJodHRwczpcL1wvd3d3Lmt3c2FudGlxdWVzLmRlXC93cC1jb250ZW50XC91cGxvYWRzXC8yMDIxXC8wMVwvYjAyNC0yLmpwZyIsInNsaWRlc2hvdyI6IjNmYmU5MzcifQ%3D%3D\" href='https:\/\/www.kwsantiques.de\/wp-content\/uploads\/2021\/01\/b024-2.jpg'><img decoding=\"async\" width=\"150\" height=\"150\" src=\"https:\/\/www.kwsantiques.de\/wp-content\/uploads\/2021\/01\/b024-2-150x150.jpg\" class=\"attachment-thumbnail size-thumbnail\" alt=\"\" srcset=\"https:\/\/www.kwsantiques.de\/wp-content\/uploads\/2021\/01\/b024-2-150x150.jpg 150w, https:\/\/www.kwsantiques.de\/wp-content\/uploads\/2021\/01\/b024-2-100x100.jpg 100w\" sizes=\"100vw\" \/><\/a>\n\t\t\t<\/div><\/figure><figure class='gallery-item'>\n\t\t\t<div class='gallery-icon landscape'>\n\t\t\t\t<a data-elementor-open-lightbox=\"yes\" data-elementor-lightbox-slideshow=\"3fbe937\" data-elementor-lightbox-title=\"French Louis XV pocket pistol by Bourlier L&#039;aine\" data-e-action-hash=\"#elementor-action%3Aaction%3Dlightbox%26settings%3DeyJpZCI6ODM2LCJ1cmwiOiJodHRwczpcL1wvd3d3Lmt3c2FudGlxdWVzLmRlXC93cC1jb250ZW50XC91cGxvYWRzXC8yMDIxXC8wMVwvYjAyNC0zLmpwZyIsInNsaWRlc2hvdyI6IjNmYmU5MzcifQ%3D%3D\" href='https:\/\/www.kwsantiques.de\/wp-content\/uploads\/2021\/01\/b024-3.jpg'><img decoding=\"async\" width=\"150\" height=\"150\" src=\"https:\/\/www.kwsantiques.de\/wp-content\/uploads\/2021\/01\/b024-3-150x150.jpg\" class=\"attachment-thumbnail size-thumbnail\" alt=\"\" srcset=\"https:\/\/www.kwsantiques.de\/wp-content\/uploads\/2021\/01\/b024-3-150x150.jpg 150w, https:\/\/www.kwsantiques.de\/wp-content\/uploads\/2021\/01\/b024-3-100x100.jpg 100w\" sizes=\"100vw\" \/><\/a>\n\t\t\t<\/div><\/figure><figure class='gallery-item'>\n\t\t\t<div class='gallery-icon landscape'>\n\t\t\t\t<a data-elementor-open-lightbox=\"yes\" data-elementor-lightbox-slideshow=\"3fbe937\" data-elementor-lightbox-title=\"French Louis XV pocket pistol by Bourlier L&#039;aine\" data-e-action-hash=\"#elementor-action%3Aaction%3Dlightbox%26settings%3DeyJpZCI6ODM3LCJ1cmwiOiJodHRwczpcL1wvd3d3Lmt3c2FudGlxdWVzLmRlXC93cC1jb250ZW50XC91cGxvYWRzXC8yMDIxXC8wMVwvYjAyNC00LmpwZyIsInNsaWRlc2hvdyI6IjNmYmU5MzcifQ%3D%3D\" href='https:\/\/www.kwsantiques.de\/wp-content\/uploads\/2021\/01\/b024-4.jpg'><img decoding=\"async\" width=\"150\" height=\"150\" src=\"https:\/\/www.kwsantiques.de\/wp-content\/uploads\/2021\/01\/b024-4-150x150.jpg\" class=\"attachment-thumbnail size-thumbnail\" alt=\"\" srcset=\"https:\/\/www.kwsantiques.de\/wp-content\/uploads\/2021\/01\/b024-4-150x150.jpg 150w, https:\/\/www.kwsantiques.de\/wp-content\/uploads\/2021\/01\/b024-4-100x100.jpg 100w\" sizes=\"100vw\" \/><\/a>\n\t\t\t<\/div><\/figure><figure class='gallery-item'>\n\t\t\t<div class='gallery-icon landscape'>\n\t\t\t\t<a data-elementor-open-lightbox=\"yes\" data-elementor-lightbox-slideshow=\"3fbe937\" data-elementor-lightbox-title=\"French Louis XV pocket pistol by Bourlier L&#039;aine\" data-e-action-hash=\"#elementor-action%3Aaction%3Dlightbox%26settings%3DeyJpZCI6ODM4LCJ1cmwiOiJodHRwczpcL1wvd3d3Lmt3c2FudGlxdWVzLmRlXC93cC1jb250ZW50XC91cGxvYWRzXC8yMDIxXC8wMVwvYjAyNC01LmpwZyIsInNsaWRlc2hvdyI6IjNmYmU5MzcifQ%3D%3D\" href='https:\/\/www.kwsantiques.de\/wp-content\/uploads\/2021\/01\/b024-5.jpg'><img loading=\"lazy\" decoding=\"async\" width=\"150\" height=\"150\" src=\"https:\/\/www.kwsantiques.de\/wp-content\/uploads\/2021\/01\/b024-5-150x150.jpg\" class=\"attachment-thumbnail size-thumbnail\" alt=\"\" srcset=\"https:\/\/www.kwsantiques.de\/wp-content\/uploads\/2021\/01\/b024-5-150x150.jpg 150w, https:\/\/www.kwsantiques.de\/wp-content\/uploads\/2021\/01\/b024-5-100x100.jpg 100w\" sizes=\"100vw\" \/><\/a>\n\t\t\t<\/div><\/figure><figure class='gallery-item'>\n\t\t\t<div class='gallery-icon landscape'>\n\t\t\t\t<a data-elementor-open-lightbox=\"yes\" data-elementor-lightbox-slideshow=\"3fbe937\" data-elementor-lightbox-title=\"French Louis XV pocket pistol by Bourlier L&#039;aine\" data-e-action-hash=\"#elementor-action%3Aaction%3Dlightbox%26settings%3DeyJpZCI6ODM5LCJ1cmwiOiJodHRwczpcL1wvd3d3Lmt3c2FudGlxdWVzLmRlXC93cC1jb250ZW50XC91cGxvYWRzXC8yMDIxXC8wMVwvYjAyNC02LmpwZyIsInNsaWRlc2hvdyI6IjNmYmU5MzcifQ%3D%3D\" href='https:\/\/www.kwsantiques.de\/wp-content\/uploads\/2021\/01\/b024-6.jpg'><img loading=\"lazy\" decoding=\"async\" width=\"150\" height=\"150\" src=\"https:\/\/www.kwsantiques.de\/wp-content\/uploads\/2021\/01\/b024-6-150x150.jpg\" class=\"attachment-thumbnail size-thumbnail\" alt=\"\" srcset=\"https:\/\/www.kwsantiques.de\/wp-content\/uploads\/2021\/01\/b024-6-150x150.jpg 150w, https:\/\/www.kwsantiques.de\/wp-content\/uploads\/2021\/01\/b024-6-100x100.jpg 100w\" sizes=\"100vw\" \/><\/a>\n\t\t\t<\/div><\/figure><figure class='gallery-item'>\n\t\t\t<div class='gallery-icon landscape'>\n\t\t\t\t<a data-elementor-open-lightbox=\"yes\" data-elementor-lightbox-slideshow=\"3fbe937\" data-elementor-lightbox-title=\"French Louis XV pocket pistol by Bourlier L&#039;aine\" data-e-action-hash=\"#elementor-action%3Aaction%3Dlightbox%26settings%3DeyJpZCI6NzQ0LCJ1cmwiOiJodHRwczpcL1wvd3d3Lmt3c2FudGlxdWVzLmRlXC93cC1jb250ZW50XC91cGxvYWRzXC8yMDIxXC8wMVwvYjAyNC0xLmpwZyIsInNsaWRlc2hvdyI6IjNmYmU5MzcifQ%3D%3D\" href='https:\/\/www.kwsantiques.de\/wp-content\/uploads\/2021\/01\/b024-1.jpg'><img loading=\"lazy\" decoding=\"async\" width=\"150\" height=\"150\" src=\"https:\/\/www.kwsantiques.de\/wp-content\/uploads\/2021\/01\/b024-1-150x150.jpg\" class=\"attachment-thumbnail size-thumbnail\" alt=\"\" srcset=\"https:\/\/www.kwsantiques.de\/wp-content\/uploads\/2021\/01\/b024-1-150x150.jpg 150w, https:\/\/www.kwsantiques.de\/wp-content\/uploads\/2021\/01\/b024-1-100x100.jpg 100w\" sizes=\"100vw\" \/><\/a>\n\t\t\t<\/div><\/figure>\n\t\t<\/div>\n\t\t<\/div>\n\t\t\t\t\t\t<\/div>\n\t\t\t\t<\/div>\n\t\t\t\t\t<\/div>\n\t\t<\/div>\n\t\t\t\t\t<\/div>\n\t\t<\/section>\n\t\t\t\t<section class=\"elementor-section elementor-top-section elementor-element elementor-element-44fef713 elementor-section-stretched elementor-section-boxed elementor-section-height-default elementor-section-height-default\" data-id=\"44fef713\" data-element_type=\"section\" data-e-type=\"section\" data-settings=\"{&quot;stretch_section&quot;:&quot;section-stretched&quot;}\">\n\t\t\t\t\t\t<div class=\"elementor-container elementor-column-gap-default\">\n\t\t\t\t\t<div class=\"elementor-column elementor-col-100 elementor-top-column elementor-element elementor-element-60fae52a\" data-id=\"60fae52a\" data-element_type=\"column\" data-e-type=\"column\">\n\t\t\t<div class=\"elementor-widget-wrap elementor-element-populated\">\n\t\t\t\t\t\t<div class=\"elementor-element elementor-element-1d19747f elementor-widget elementor-widget-text-editor\" data-id=\"1d19747f\" data-element_type=\"widget\" data-e-type=\"widget\" data-widget_type=\"text-editor.default\">\n\t\t\t\t<div class=\"elementor-widget-container\">\n\t\t\t\t\t\t\t\t\t<p>Eine sehr sch\u00f6ne kleine Steinschloss-Pistole mit Schraub-Rohr. Gesamtl\u00e4nge nur knapp 14cm; Vermutlich angefertigt f\u00fcr einen Knaben. Walnuss-Schaft mit Blumendekoration und Silberbeschl\u00e4gen im Rococo-Stil. Gegenplatte verziert mit einer Dschunke. 3,8cm langes Rohr mit Goldverzierungen. Schlossplatte signiert &#8220;Bourlier L&#8217;aine&#8221;. Guter, komplett originaler Zustand.<\/p><p>Eine weitere Waffe von Bourlier, St. Etienne wird beschrieben in Stoeckel: Haandskydevaabens bedoemmelsee, Bd. 1, Seite 47.<\/p><p>Provenienz: Vormals Sammlung Dr. Dagobert Runes, New York. Versteigert bei Sotheby&#8217;s, London, 11. Juni 1964, Los 18 (illustriert).<\/p><p>Artikel B024. 3.800EUR.<\/p>\t\t\t\t\t\t\t\t<\/div>\n\t\t\t\t<\/div>\n\t\t\t\t\t<\/div>\n\t\t<\/div>\n\t\t\t\t\t<\/div>\n\t\t<\/section>\n\t\t\t\t<\/div>\n\t\t","protected":false},"excerpt":{"rendered":"<p>Eine sehr sch\u00f6ne kleine Steinschloss-Pistole mit Schraub-Rohr. Gesamtl\u00e4nge nur knapp 14cm; Vermutlich angefertigt f\u00fcr einen Knaben. Walnuss-Schaft mit Blumendekoration und Silberbeschl\u00e4gen im Rococo-Stil. Gegenplatte verziert mit einer Dschunke. 3,8cm langes Rohr mit Goldverzierungen. Schlossplatte signiert &#8220;Bourlier L&#8217;aine&#8221;. Guter, komplett originaler Zustand. Eine weitere Waffe von Bourlier, St. Etienne wird beschrieben in Stoeckel: Haandskydevaabens bedoemmelsee, Bd. &hellip; <\/p>\n<p class=\"link-more\"><a href=\"https:\/\/www.kwsantiques.de\/?page_id=1258&#038;lang=de\" class=\"more-link\">Continue reading<span class=\"screen-reader-text\"> &#8220;Louis XV Taschenpistole&#8221;<\/span><\/a><\/p>\n","protected":false},"author":1,"featured_media":0,"parent":119,"menu_order":0,"comment_status":"closed","ping_status":"closed","template":"","meta":{"ngg_post_thumbnail":0,"iawp_total_views":2,"footnotes":""},"class_list":["post-1258","page","type-page","status-publish","hentry"],"_links":{"self":[{"href":"https:\/\/www.kwsantiques.de\/index.php?rest_route=\/wp\/v2\/pages\/1258","targetHints":{"allow":["GET"]}}],"collection":[{"href":"https:\/\/www.kwsantiques.de\/index.php?rest_route=\/wp\/v2\/pages"}],"about":[{"href":"https:\/\/www.kwsantiques.de\/index.php?rest_route=\/wp\/v2\/types\/page"}],"author":[{"embeddable":true,"href":"https:\/\/www.kwsantiques.de\/index.php?rest_route=\/wp\/v2\/users\/1"}],"replies":[{"embeddable":true,"href":"https:\/\/www.kwsantiques.de\/index.php?rest_route=%2Fwp%2Fv2%2Fcomments&post=1258"}],"version-history":[{"count":4,"href":"https:\/\/www.kwsantiques.de\/index.php?rest_route=\/wp\/v2\/pages\/1258\/revisions"}],"predecessor-version":[{"id":1262,"href":"https:\/\/www.kwsantiques.de\/index.php?rest_route=\/wp\/v2\/pages\/1258\/revisions\/1262"}],"up":[{"embeddable":true,"href":"https:\/\/www.kwsantiques.de\/index.php?rest_route=\/wp\/v2\/pages\/119"}],"wp:attachment":[{"href":"https:\/\/www.kwsantiques.de\/index.php?rest_route=%2Fwp%2Fv2%2Fmedia&parent=1258"}],"curies":[{"name":"wp","href":"https:\/\/api.w.org\/{rel}","templated":true}]}}