{"id":1266,"date":"2021-01-10T21:21:49","date_gmt":"2021-01-10T21:21:49","guid":{"rendered":"https:\/\/www.kwsantiques.de\/?page_id=1266"},"modified":"2021-01-10T21:21:50","modified_gmt":"2021-01-10T21:21:50","slug":"schrotbeutel-aus-leder","status":"publish","type":"page","link":"https:\/\/www.kwsantiques.de\/?page_id=1266&lang=de","title":{"rendered":"Schrotbeutel aus Leder"},"content":{"rendered":"\n<figure class=\"wp-block-image size-large\"><img fetchpriority=\"high\" decoding=\"async\" width=\"600\" height=\"460\" src=\"https:\/\/www.kwsantiques.de\/wp-content\/uploads\/2021\/01\/g032.jpg\" alt=\"\" class=\"wp-image-874\" srcset=\"https:\/\/www.kwsantiques.de\/wp-content\/uploads\/2021\/01\/g032.jpg 600w, https:\/\/www.kwsantiques.de\/wp-content\/uploads\/2021\/01\/g032-300x230.jpg 300w\" sizes=\"(max-width: 600px) 100vw, 600px\" \/><\/figure>\n\n\n\n<p>Mittelgro\u00dfer Schrotbeutel, vermutlich britisch, 19. Jahrhundert. Tropfenf\u00f6rmiger Lederk\u00f6rper, gestempelt &#8221; WARRANTED SOLID LEATHER&#8221;. H\u00e4nge-\u00d6se am unteren Ende. Messingt\u00fclle mit dem typischen Dosier-Mechanismus, verstellbar f\u00fcr zwei verschiedene Ladungsmengen. Gesamtl\u00e4nge 18cm. Gut erhalten.<\/p>\n\n\n\n<p>Artikel G032. 100EUR.<\/p>\n\n\n\n<figure class=\"wp-block-image size-large\"><img decoding=\"async\" width=\"600\" height=\"460\" src=\"https:\/\/www.kwsantiques.de\/wp-content\/uploads\/2021\/01\/g032-1.jpg\" alt=\"\" class=\"wp-image-875\" srcset=\"https:\/\/www.kwsantiques.de\/wp-content\/uploads\/2021\/01\/g032-1.jpg 600w, https:\/\/www.kwsantiques.de\/wp-content\/uploads\/2021\/01\/g032-1-300x230.jpg 300w\" sizes=\"(max-width: 600px) 100vw, 600px\" \/><\/figure>\n","protected":false},"excerpt":{"rendered":"<p>Mittelgro\u00dfer Schrotbeutel, vermutlich britisch, 19. Jahrhundert. Tropfenf\u00f6rmiger Lederk\u00f6rper, gestempelt &#8221; WARRANTED SOLID LEATHER&#8221;. H\u00e4nge-\u00d6se am unteren Ende. Messingt\u00fclle mit dem typischen Dosier-Mechanismus, verstellbar f\u00fcr zwei verschiedene Ladungsmengen. Gesamtl\u00e4nge 18cm. Gut erhalten. Artikel G032. 100EUR.<\/p>\n","protected":false},"author":1,"featured_media":0,"parent":122,"menu_order":0,"comment_status":"closed","ping_status":"closed","template":"","meta":{"ngg_post_thumbnail":0,"iawp_total_views":3,"footnotes":""},"class_list":["post-1266","page","type-page","status-publish","hentry"],"_links":{"self":[{"href":"https:\/\/www.kwsantiques.de\/index.php?rest_route=\/wp\/v2\/pages\/1266","targetHints":{"allow":["GET"]}}],"collection":[{"href":"https:\/\/www.kwsantiques.de\/index.php?rest_route=\/wp\/v2\/pages"}],"about":[{"href":"https:\/\/www.kwsantiques.de\/index.php?rest_route=\/wp\/v2\/types\/page"}],"author":[{"embeddable":true,"href":"https:\/\/www.kwsantiques.de\/index.php?rest_route=\/wp\/v2\/users\/1"}],"replies":[{"embeddable":true,"href":"https:\/\/www.kwsantiques.de\/index.php?rest_route=%2Fwp%2Fv2%2Fcomments&post=1266"}],"version-history":[{"count":1,"href":"https:\/\/www.kwsantiques.de\/index.php?rest_route=\/wp\/v2\/pages\/1266\/revisions"}],"predecessor-version":[{"id":1267,"href":"https:\/\/www.kwsantiques.de\/index.php?rest_route=\/wp\/v2\/pages\/1266\/revisions\/1267"}],"up":[{"embeddable":true,"href":"https:\/\/www.kwsantiques.de\/index.php?rest_route=\/wp\/v2\/pages\/122"}],"wp:attachment":[{"href":"https:\/\/www.kwsantiques.de\/index.php?rest_route=%2Fwp%2Fv2%2Fmedia&parent=1266"}],"curies":[{"name":"wp","href":"https:\/\/api.w.org\/{rel}","templated":true}]}}