{"id":254,"date":"2020-12-28T15:29:07","date_gmt":"2020-12-28T15:29:07","guid":{"rendered":"http:\/\/wordpress.kwsantiques.de\/?page_id=254"},"modified":"2023-09-30T16:27:00","modified_gmt":"2023-09-30T16:27:00","slug":"zahlung-und-versand","status":"publish","type":"page","link":"https:\/\/www.kwsantiques.de\/?page_id=254&lang=de","title":{"rendered":"Zahlung und Versand"},"content":{"rendered":"\n<p>Bevor Sie uns Geld schicken, kontaktieren Sie uns bitte per eMail und nennen Sie den gew\u00fcnschten Artikel, sowie Ihre Adresse. Das ist n\u00f6tig, um sicherzustellen, da\u00df der Artikel verf\u00fcgbar ist, und um die Versandkosten berechnen zu k\u00f6nnen. Wir melden uns dann bei Ihnen mit Angabe des zu zahlenden Betrages, der sich aus dem beim Artikel angegebenen Preis plus tats\u00e4chliche Versandgeb\u00fchren zusammensetzt.<br>Sie k\u00f6nnen per Bank\u00fcberweisung, Nachnahme oder bar bei \u00dcbergaben bezahlen. Wir sitzen in Kopenhagen, D\u00e4nemark und in Kassel. Die Nutzung von Paypal ist ebenfalls m\u00f6glich f\u00fcr Artikel, die Paypal in seinen Nutzungsbedingungen erlaubt (keine Feuerwaffen oder Blankwaffen).<\/p>\n\n\n\n<p>Bitte lesen Sie auch die Sektionen <a href=\"https:\/\/www.kwsantiques.de\/?page_id=113&amp;lang=de\" data-type=\"link\" data-id=\"https:\/\/www.kwsantiques.de\/?page_id=113&amp;lang=de\">\u00dcber uns<\/a> und <a href=\"https:\/\/www.kwsantiques.de\/?page_id=258&amp;lang=de\" data-type=\"link\" data-id=\"https:\/\/www.kwsantiques.de\/?page_id=258&amp;lang=de\">Allgemeine Hinweise<\/a>.<\/p>\n","protected":false},"excerpt":{"rendered":"<p>Bevor Sie uns Geld schicken, kontaktieren Sie uns bitte per eMail und nennen Sie den gew\u00fcnschten Artikel, sowie Ihre Adresse. Das ist n\u00f6tig, um sicherzustellen, da\u00df der Artikel verf\u00fcgbar ist, und um die Versandkosten berechnen zu k\u00f6nnen. Wir melden uns dann bei Ihnen mit Angabe des zu zahlenden Betrages, der sich aus dem beim Artikel &hellip; <\/p>\n<p class=\"link-more\"><a href=\"https:\/\/www.kwsantiques.de\/?page_id=254&#038;lang=de\" class=\"more-link\">Continue reading<span class=\"screen-reader-text\"> &#8220;Zahlung und Versand&#8221;<\/span><\/a><\/p>\n","protected":false},"author":1,"featured_media":0,"parent":0,"menu_order":0,"comment_status":"closed","ping_status":"closed","template":"","meta":{"ngg_post_thumbnail":0,"iawp_total_views":1,"footnotes":""},"class_list":["post-254","page","type-page","status-publish","hentry"],"_links":{"self":[{"href":"https:\/\/www.kwsantiques.de\/index.php?rest_route=\/wp\/v2\/pages\/254","targetHints":{"allow":["GET"]}}],"collection":[{"href":"https:\/\/www.kwsantiques.de\/index.php?rest_route=\/wp\/v2\/pages"}],"about":[{"href":"https:\/\/www.kwsantiques.de\/index.php?rest_route=\/wp\/v2\/types\/page"}],"author":[{"embeddable":true,"href":"https:\/\/www.kwsantiques.de\/index.php?rest_route=\/wp\/v2\/users\/1"}],"replies":[{"embeddable":true,"href":"https:\/\/www.kwsantiques.de\/index.php?rest_route=%2Fwp%2Fv2%2Fcomments&post=254"}],"version-history":[{"count":2,"href":"https:\/\/www.kwsantiques.de\/index.php?rest_route=\/wp\/v2\/pages\/254\/revisions"}],"predecessor-version":[{"id":1734,"href":"https:\/\/www.kwsantiques.de\/index.php?rest_route=\/wp\/v2\/pages\/254\/revisions\/1734"}],"wp:attachment":[{"href":"https:\/\/www.kwsantiques.de\/index.php?rest_route=%2Fwp%2Fv2%2Fmedia&parent=254"}],"curies":[{"name":"wp","href":"https:\/\/api.w.org\/{rel}","templated":true}]}}