{"id":264,"date":"2020-12-28T16:02:41","date_gmt":"2020-12-28T16:02:41","guid":{"rendered":"http:\/\/wordpress.kwsantiques.de\/?page_id=264"},"modified":"2026-04-12T14:00:37","modified_gmt":"2026-04-12T14:00:37","slug":"datenschutz","status":"publish","type":"page","link":"https:\/\/www.kwsantiques.de\/?page_id=264&lang=de","title":{"rendered":"Datenschutz"},"content":{"rendered":"\n<p>Wir freuen uns \u00fcber Ihr Interesse an unserer Homepage. Die Webseite wird betrieben von:<\/p>\n\n\n\n<p>Frank Schr\u00f6ter<br>Schenkebier Stanne 57<br>34128 Kassel<br>Tel: +49 (0) 179 &#8211; 3961651<br>E-Mail: mail (at) kwsantiques.de<\/p>\n\n\n\n<p>Zur Nutzung der Webseite oder Erbringung von Dienstleistungen erfassen wir verschiedene Arten von Daten, die teilweise durch Sie als Nutzer zur Verf\u00fcgung gestellt werden und teilweise zur Nutzung der Webseite erforderlich sind, oder die durch die Nutzung der Webseite entstehen. Personenbezogene Daten sind dabei Einzelangaben \u00fcber pers\u00f6nliche oder sachliche Verh\u00e4ltnisse einer bestimmten oder bestimmbaren nat\u00fcrlichen Person, wie z. B. Ihr Name, Ihre Anschrift, Ihre Telefonnummer, Ihr Geburtsdatum, Ihre Zahlungsdaten sowie Ihre IP-Adresse. Eine Weitergabe oder eine sonstige \u00dcbermittlung Ihrer personenbezogenen Daten an Dritte erfolgt nur, wenn die Weitergabe zum Zwecke der Vertragsabwicklung erforderlich ist (zum Beispiel f\u00fcr die Zahlungsabwicklung oder die Zusendung von Waren \u00fcber Paketdienste, zur Einholung von Genehmigungen oder dergleichen) oder Sie ausdr\u00fccklich eingewilligt haben. Eine anderweitige Nutzung der Informationen sowie eine automatisierte Entscheidungsfindung erfolgen nicht.<\/p>\n\n\n\n<p>Falls wir f\u00fcr einzelne Funktionen unseres Angebots auf beauftragte Dienstleister zur\u00fcckgreifen, werden wir Sie untenstehend im Detail \u00fcber die jeweiligen Vorg\u00e4nge informieren. Dabei nennen wir auch die festgelegten Kriterien der Speicherdauer.<\/p>\n\n\n\n<p>F\u00fcr die Nutzung unserer Webseite und weiterer dar\u00fcber angebotenen Leistungen gelten folgende Datenschutzgrunds\u00e4tze:<\/p>\n\n\n\n<p>Wir sch\u00fctzen Ihre personenbezogenen Daten durch Ergreifung aller sinnvollen und notwendigen technischen und organisatorischen M\u00f6glichkeiten so, dass sie f\u00fcr unbefugte Dritte nicht zug\u00e4nglich sind. Unsere Webseite und weitere dar\u00fcber angebotene Leistungen nutzen daher f\u00fcr die Bereitstellung der Inhalte und w\u00e4hrend der Eingabe und \u00dcbermittlung von Daten angemessene Verschl\u00fcsselungsmechanismen. <\/p>\n\n\n\n<p>Eine Weitergabe Ihrer personenbezogenen Daten an Dritte erfolgt nur,<\/p>\n\n\n\n<p>wenn Sie hierzu Ihre ausdr\u00fcckliche Einwilligung gem\u00e4\u00df Art. 6 Abs. 1 S. 1 a) DSGVO erteilt haben;<\/p>\n\n\n\n<p>wenn die Weitergabe zur Erf\u00fcllung von vertraglichen Pflichten gem\u00e4\u00df Art. 6 Abs. 1 S. 1 b) DSGVO erforderlich ist;<\/p>\n\n\n\n<p>wenn wir zur Weitergabe der Daten i.S.d. Art. 6 Abs. 1 S. 1 c) DSGVO&nbsp;gesetzlich verpflichtet sind;<\/p>\n\n\n\n<p>wenn die Weitergabe der Daten im \u00f6ffentlichen Interesse i.S.d. Art. 6 Abs. 1 e) DSGVO liegt; oder<\/p>\n\n\n\n<p>wenn die Weitergabe der Daten nach Art. 6 Abs. 1 S. 1 f) DSGVO zur Wahrung unserer berechtigten Interessen oder der berechtigten Interessen eines Dritten erforderlich ist, sofern nicht Ihre Interessen am Schutz Ihrer Daten \u00fcberwiegen.<\/p>\n\n\n\n<p>Wenn Sie E-Mail-Nachrichten oder andere Mitteilungen, an uns schicken, bewahren wir solche Mitteilungen auf, um die Anfrage zu bearbeiten, auf Fragen zu antworten und die Website, Produkte und Dienstleistungen zu verbessern. Die in diesem Zusammenhang anfallenden Daten l\u00f6schen wir, nachdem die Speicherung nicht mehr erforderlich ist, oder schr\u00e4nken die Verarbeitung ein, falls gesetzliche Aufbewahrungspflichten bestehen.<\/p>\n\n\n\n<p>Sie haben das jederzeitige Recht, sich unentgeltlich \u00fcber die zu Ihrer Person erhobenen Daten zu erkundigen. Sie haben weiter jederzeit das Recht, Ihre Zustimmung zur Verwendung Ihrer pers\u00f6nlichen Daten mit Wirkung f\u00fcr die Zukunft zu widerrufen sowie Berichtigung oder L\u00f6schung der bei uns gespeicherten Daten zu verlangen. Sie haben uns gegen\u00fcber insbesondere folgende Rechte hinsichtlich der Sie betreffenden personenbezogenen Daten:<\/p>\n\n\n\n<p>Recht auf Auskunft,<\/p>\n\n\n\n<p>Recht auf Berichtigung oder L\u00f6schung,<\/p>\n\n\n\n<p>Recht auf Einschr\u00e4nkung der Verarbeitung,<\/p>\n\n\n\n<p>Recht auf Widerspruch gegen die Verarbeitung,<\/p>\n\n\n\n<p>Recht auf Daten\u00fcbertragbarkeit.<\/p>\n\n\n\n<p>Sie haben zudem das Recht, sich bei einer Datenschutz-Aufsichtsbeh\u00f6rde \u00fcber die Verarbeitung Ihrer personenbezogenen Daten durch uns zu beschweren. Sie haben im Einzelnen die folgenden Betroffenenrechte:<\/p>\n\n\n\n<p>Recht auf Auskunft gem\u00e4\u00df Art. 15 DSGVO \u00fcber die Verarbeitung Ihrer personenbezogenen Daten durch uns zu Verarbeitungszweck, Kategorien verarbeiteter Daten, Empf\u00e4nger oder Empf\u00e4ngerkategorien, Dauer der Speicherung oder Kriterien f\u00fcr die Festlegung der Dauer, Recht auf Berichtigung, L\u00f6schung, Einschr\u00e4nkung der Verarbeitung oder Widerspruch gegen die Verarbeitung, Beschwerderecht bei der Aufsichtsbeh\u00f6rde, ggf. Informationen \u00fcber die Herkunft der Daten und das Bestehen einer automatisierten Entscheidungsfindung und ggf. Unterrichtung \u00fcber Garantien gem\u00e4\u00df Art. 46 DSGVO bei \u00dcbermittlung an ein Drittland oder internationale Organisationen;<\/p>\n\n\n\n<p>Recht auf unverz\u00fcgliche Berichtigung unrichtiger oder Vervollst\u00e4ndigung unvollst\u00e4ndiger personenbezogener Daten gem\u00e4\u00df Art. 16 DSGVO;<\/p>\n\n\n\n<p>Recht auf L\u00f6schung der gespeicherten personenbezogenen Daten gem\u00e4\u00df Art. 17 DSGVO, wenn die Daten f\u00fcr die Zwecke, f\u00fcr die sie erhoben oder auf sonstige Weise verarbeitet wurden, nicht mehr notwendig sind, wenn eine erteilte Einwilligung widerrufen wurde und es an einer anderweitigen Rechtsgrundlage fehlt, wenn Widerspruch gegen die Verarbeitung eingelegt wurde und die Daten gem\u00e4\u00df Art. 21 Abs. 1 oder 2 DSGVO nicht mehr verarbeitet werden d\u00fcrfen, wenn die Daten unrechtm\u00e4\u00dfig verarbeitet wurden, wenn die L\u00f6schung zur Erf\u00fcllung einer rechtlichen Verpflichtung erforderlich ist oder wenn die Daten in Bezug auf angebotene Dienste einer Informationsgesellschaft gem\u00e4\u00df Art. 8 Abs. 1 DSGVO erhoben wurden. Dies gilt nicht, soweit die Verarbeitung zur Aus\u00fcbung des Rechts auf freie Meinungs\u00e4u\u00dferung und Information, Erf\u00fcllung einer rechtlichen Verpflichtung, aus Gr\u00fcnden des \u00f6ffentlichen Interesses oder zur Geltendmachung, Aus\u00fcbung oder Verteidigung von Rechtsanspr\u00fcchen erforderlich ist;<\/p>\n\n\n\n<p>Recht auf Einschr\u00e4nkung der Verarbeitung gem\u00e4\u00df Art. 18 DSGVO, wenn Sie die Richtigkeit der Daten bestreiten (und zwar f\u00fcr die Dauer, die f\u00fcr eine \u00dcberpr\u00fcfung der Richtigkeit erforderlich ist), wenn die Verarbeitung unrechtm\u00e4\u00dfig ist, Sie aber die L\u00f6schung ablehnen und stattdessen die Einschr\u00e4nkung der Nutzung verlangen, wenn wir die Daten f\u00fcr die Zwecke der Verarbeitung nicht l\u00e4nger ben\u00f6tigen, Sie die Daten jedoch zur Geltendmachung, Aus\u00fcbung oder Verteidigung von Rechtsanspr\u00fcchen ben\u00f6tigen, oder wenn Sie Widerspruch gegen die Verarbeitung gem\u00e4\u00df Art. 21 Abs. 1 DSGVO eingelegt haben, solange noch nicht feststeht, ob unsere berechtigten Gr\u00fcnde Ihre berechtigten Gr\u00fcnde \u00fcberwiegen;<\/p>\n\n\n\n<p>Widerspruchsrecht gegen die Verarbeitung Ihrer personenbezogenen Daten gem\u00e4\u00df Art. 21 Abs. 2 DSGVO (wenn die Daten zum Zwecke der Direktwerbung verarbeitet werden) oder gem\u00e4\u00df Art. 21 Abs. 1 DSGVO (wenn die Verarbeitung gem\u00e4\u00df Art. 6 Abs. 1 S. 1 e) oder f) DSGVO erfolgt, aus Gr\u00fcnden, die sich aus Ihrer besonderen Situation ergeben, es sei denn, wir haben zwingende schutzw\u00fcrdige Gr\u00fcnde f\u00fcr die Verarbeitung, die Ihre Interessen \u00fcberwiegen, oder die Verarbeitung dient der Geltendmachung, Aus\u00fcbung oder Verteidigung von Rechtsanspr\u00fcchen).<\/p>\n\n\n\n<p>Recht auf Daten\u00fcbertragbarkeit gem\u00e4\u00df Art. 20 DSGVO, d.h. auf Erhalt der Sie betreffenden personenbezogenen Daten, die Sie uns bereitgestellt haben, in einem strukturierten, g\u00e4ngigen und maschinenlesbaren Format oder auch auf \u00dcbermittlung an einen anderen Verantwortlichen;<\/p>\n\n\n\n<p>Recht zum jederzeitigen Widerruf einer erteilten Einwilligung gem\u00e4\u00df Art. 7 Abs. 3 DSGVO. Der Widerruf hat zur Folge, dass wir ab dem Zeitpunkt des Widerrufs die Datenverarbeitung f\u00fcr die Zukunft nicht mehr durchf\u00fchren d\u00fcrfen.<\/p>\n\n\n\n<p>Recht zur Beschwerde bei einer Aufsichtsbeh\u00f6rde gem\u00e4\u00df Art. 77 DSGVO. Das Beschwerderecht gilt unbeschadet anderweitiger verwaltungsrechtlicher oder gerichtlicher Rechtsbehelfe.<\/p>\n\n\n\n<p>Die Anschrift der f\u00fcr uns zust\u00e4ndigen Aufsichtsbeh\u00f6rde lautet<br>Der Hessische Beauftragte f\u00fcr Datenschutz<br>Postfach 3163<br>65021 Wiesbaden<\/p>\n\n\n\n<p>Zur Auskunftserteilung und zum Widerruf sowie zur Mitteilung eines L\u00f6schungsverlangens wenden Sie sich bitte an die am Anfang dieser Seite genannten Kontaktdaten. Eine von Ihnen verlangte L\u00f6schung wird dann vorbehaltlich gesetzlicher Aufbewahrungspflichten durchgef\u00fchrt. Soweit eine L\u00f6schung aufgrund gesetzlicher Aufbewahrungspflichten nicht vollst\u00e4ndig erfolgen kann, schr\u00e4nken wir die Verarbeitung ein und teilen Ihnen das entsprechend mit.<\/p>\n\n\n\n<p>Daten die Sie uns als Nutzer zur Verf\u00fcgung stellen:<\/p>\n\n\n\n<p>Soweit die Webseite oder eine Aktion \u00fcber unsere Webseite eine Anmeldung erfordert, werden die Grunddaten f\u00fcr die Anmeldung vom jeweiligen Anmeldeformular bestimmt, \u00fcbermittelt, verarbeitet und gespeichert und nur f\u00fcr die Nutzung der Webseite und ihrer Services sowie des Online-Shops erhoben, gespeichert und verwendet. Im Rahmen einer solchen Anmeldung sind wir auch berechtigt, Sie \u00fcber \u00c4nderungen, Erg\u00e4nzungen oder neue Versionen der Webseite sowie \u00fcber \u00c4nderungen unserer Allgemeinen Gesch\u00e4ftsbedingungen sowie dieser Datenschutzbedingungen und \u00fcber sonstige, \u00fcber die Webseite zur Verf\u00fcgung gestellte Informationen, sowie z.B. \u00fcber neue Auktionen zu informieren.<\/p>\n\n\n\n<p>Soweit Sie sich als Nutzer f\u00fcr die Nutzung eines Newsletters anmelden, kann diese Anmeldung unter Angabe der E-Mail-Adresse ohne weitere Angaben erfolgen. Zus\u00e4tzliche Informationen werden nicht abgefragt.<br>F\u00fcr den Versand des Newsletters verwenden wir das sogenannte Double Opt-In-Verfahren. Im Rahmen dieses Verfahrens senden wir dem Nutzer zun\u00e4chst eine E-Mail an die angegebene E-Mail-Adresse. Der Nutzer erh\u00e4lt jedoch erst dann einen Newsletter per E-Mail, wenn der Nutzer den in der E-Mail erhaltenen Link anklickt und uns damit ausdr\u00fccklich best\u00e4tigt hat, dass wir den Newsletter-Dienst aktivieren sollen. Nach Ihrer Best\u00e4tigung speichern wir Ihre E-Mail-Adresse ausschlie\u00dflich zum Zweck der Zusendung des Newsletters. Rechtsgrundlage ist Art. 6 Abs. 1 S. 1 lit. a DS-GVO.<br>Wir weisen Sie darauf hin, dass wir bei Versand des Newsletters Ihr Nutzerverhalten auswerten. F\u00fcr diese Auswertung beinhalten die versendeten E-Mails sogenannte Web-Beacons bzw. Tracking-Pixel, die Ein-Pixel-Bilddateien darstellen, die auf unserer Website gespeichert sind. F\u00fcr die Auswertungen verkn\u00fcpfen wir die vorstehend genannten Daten und die Web-Beacons mit Ihrer E-Mail-Adresse und einer individuellen ID.&nbsp;Sie k\u00f6nnen diesem Tracking jederzeit widersprechen, indem Sie den gesonderten Link, der in jeder E-Mail bereitgestellt wird, anklicken oder uns \u00fcber einen anderen Kontaktweg informieren. Die Informationen werden solange gespeichert, wie Sie den Newsletter abonniert haben. Nach einer Abmeldung speichern wir die Daten rein statistisch und anonym.<br>Sollten Sie zu irgendeinem Zeitpunkt keine Newsletter mehr von uns erhalten wollen, k\u00f6nnen Sie dem Newsletter-Bezug jederzeit widersprechen, ohne dass hierf\u00fcr andere als die \u00dcbermittlungskosten nach den Basistarifen entstehen. Eine Mitteilung in Textform an die im Impressum genannten Kontaktdaten reicht hierf\u00fcr aus. Selbstverst\u00e4ndlich finden Sie auch in jedem Newsletter einen Abmelde-Link.<\/p>\n\n\n\n<p>Die durch Nutzer im Rahmen der Nutzung der Webseite \u00fcber einen Login oder eine Newsletter-Anmeldung angelegten Daten werden auf Servern gespeichert, die in unserem Namen betrieben werden. Die Serverbetreiber unterliegen aber den gleichen Datenschutzstandards wie wir und werden in der Europ\u00e4ischen Union betrieben.<\/p>\n\n\n\n<p>Daten die im Rahmen der Nutzung der Webseite direkt erhoben werden:<\/p>\n\n\n\n<p>Bei der rein informatorischen Nutzung der Website, erheben wir nur die personenbezogenen Daten, die Ihr Browser an unseren Server \u00fcbermittelt. Wenn Sie unsere Website betrachten m\u00f6chten, erheben wir die folgenden Daten, die f\u00fcr uns technisch erforderlich sind, um Ihnen unsere Website anzuzeigen und die Stabilit\u00e4t und Sicherheit zu gew\u00e4hrleisten (Rechtsgrundlage ist Art. 6 Abs. 1 S. 1 lit. f DS-GVO):<\/p>\n\n\n\n<p>IP-Adresse (datenschutzgerecht verk\u00fcrzt gespeichert)<\/p>\n\n\n\n<p>Datum und Uhrzeit der Anfrage<\/p>\n\n\n\n<p>Zeitzonendifferenz zur Greenwich Mean Time (GMT)<\/p>\n\n\n\n<p>Inhalt der Anforderung (konkrete Seite)<\/p>\n\n\n\n<p>Zugriffsstatus\/HTTP-Statuscode<\/p>\n\n\n\n<p>jeweils \u00fcbertragene Datenmenge<\/p>\n\n\n\n<p>Website, von der die Anforderung kommt<\/p>\n\n\n\n<p>Browserbezeichnung und -version, Spracheinstellung<\/p>\n\n\n\n<p>Betriebssystem und dessen Version<\/p>\n\n\n\n<p>Kontakt \u00fcber die Webseite<\/p>\n\n\n\n<p>Sie haben \u00fcber unsere Website die M\u00f6glickkeit, mit uns Kontakt aufzunehmen. Hier k\u00f6nnen Sie z.B. Fragen zu unserem Unternehmen, unseren Produkten oder unseren Dienstleistungen stellen.<\/p>\n\n\n\n<p>Die uns \u00fcbermittelten personenbezogenen Daten aus Ihren o.g. Angaben sowie der Zeitpunkt der Kontaktaufnahme werden ausschlie\u00dflich f\u00fcr den Zweck verwendet, zu dem Sie uns diese bei der Kontaktierung zur Verf\u00fcgung stellen \u2013 insbesondere die Bearbeitung Ihrer Anfrage. Die von Ihnen erteilten Informationen werden ausschlie\u00dflich dazu verwendet, Ihre Anfrage zu bearbeiten. Die Daten werden ohne Ihre ausdr\u00fcckliche Einwilligung nicht f\u00fcr andere Zwecke verwendet oder an Dritte weitergegeben. Ausgenommen hiervon sind \u2013 sofern es zur Erf\u00fcllung Ihre Anfrage notwendig ist \u2013 Partnerfirmen. Dies k\u00f6nnen beispielsweise sein: Unsere Zulieferer, Zahlungsdienstleister, Logistikpartner und unsere Handelspartner. Sofern keine gesetzlichen Aufbewahrungspflichten bestehen, werden Ihre personenbezogenen Daten nach Abwicklung des Anliegens gel\u00f6scht.<\/p>\n\n\n\n<p>Rechtsgrundlage f\u00fcr die Datenverarbeitung ist Art. 6 Abs. 1 S. 1 f) DSGVO. Unser berechtigtes Interesse besteht darin, dass wir Ihre Daten ben\u00f6tigen, um Ihre Mitteilung bearbeiten bzw. beantworten zu k\u00f6nnen.<\/p>\n\n\n\n<p>Wir nutzen Google Analytics, um die Nutzung unserer Website analysieren und regelm\u00e4\u00dfig verbessern zu k\u00f6nnen. \u00dcber die gewonnenen Statistiken k\u00f6nnen wir unser Angebot verbessern und f\u00fcr Sie als Nutzer interessanter ausgestalten. Google Analytics ist ein Webanalysedienst der Google Inc. (\u201eGoogle\u201c), der zur Analyse der Benutzung der Website durch Sie Cookies verwendet. Die durch das Cookie erzeugten Informationen \u00fcber Ihre Benutzung dieser Website werden in der Regel an einen Server von Google in den USA \u00fcbertragen und dort gespeichert. Durch die von uns vorgenommene Aktivierung der IP-Anonymisierung auf dieser Website wird Ihre IP-Adresse von Google jedoch innerhalb von Mitgliedstaaten der Europ\u00e4ischen Union oder in anderen Vertragsstaaten des Abkommens \u00fcber den Europ\u00e4ischen Wirtschaftsraum zuvor gek\u00fcrzt. Sollten in einem Ausnahmefall dennoch personenbezogene Daten in die USA \u00fcbertragen werden, hat sich Google dem EU-US Privacy Shield unterworfen, https:\/\/www.privacyshield.gov\/EU-US-Framework. Rechtsgrundlage f\u00fcr die Nutzung von Google Analytics ist Art. 6 Abs. 1 S. 1 lit. f DS-GVO.<\/p>\n\n\n\n<p>Im Auftrag des Betreibers dieser Website wird Google diese Informationen benutzen, um Ihre Nutzung der Website auszuwerten, um Reports \u00fcber die Website-Aktivit\u00e4ten zusammenzustellen und um weitere mit der Website-Nutzung und der Internetnutzung verbundene Dienstleistungen gegen\u00fcber dem Website-Betreiber zu erbringen.<\/p>\n\n\n\n<p>Sie k\u00f6nnen die Speicherung der Cookies durch eine entsprechende Einstellung Ihrer Browser-Software verhindern; wir weisen Sie jedoch darauf hin, dass Sie in diesem Fall gegebenenfalls nicht s\u00e4mtliche Funktionen dieser Website vollumf\u00e4nglich werden nutzen k\u00f6nnen. Sie k\u00f6nnen dar\u00fcber hinaus die Erfassung der durch das Cookie erzeugten und auf Ihre Nutzung der Website bezogenen Daten (inkl. Ihrer IP-Adresse) an Google sowie die Verarbeitung dieser Daten durch Google verhindern, indem sie das unter dem folgenden Link verf\u00fcgbare Browser-Plug-in herunterladen und installieren: https:\/\/tools.google.com\/dlpage\/gaoptout?hl=de.<\/p>\n\n\n\n<p>Informationen zum Drittanbieter: Google Dublin, Google Ireland Ltd., Gordon House, Barrow Street, Dublin 4, Ireland, Fax: +353 (1) 436\u20091001. Nutzerbedingungen: https:\/\/www.google.com\/analytics\/terms\/de.html, \u00dcbersicht zum Datenschutz: https:\/\/www.google.com\/intl\/de\/analytics\/learn\/privacy.html, sowie die Datenschutzerkl\u00e4rung: https:\/\/www.google.de\/intl\/de\/policies\/privacy.<\/p>\n\n\n\n<p>Um die verwendeten Cookies und \u00e4hnlichen Technologien (Tracking-Pixel, Webbeacons usw.) und die damit verbundenen Einwilligungen zu verwalten, verwenden wir das Einwilligungstool &#8220;Real Cookie Banner&#8221;. Details dazu, wie &#8220;Real Cookie Banner&#8221; funktioniert, finden Sie unter https:\/\/devowl.io\/rcb\/data-processing\/. Die Rechtsgrundlage f\u00fcr die Verarbeitung personenbezogener Daten in diesem Zusammenhang sind Art. 6 Absatz 1 (c) DSGVO und Art. 6 Absatz 1 (f) DSGVO. Unser berechtigtes Interesse gilt der Verwaltung der verwendeten Cookies und \u00e4hnlicher Technologien sowie der damit verbundenen Einwilligungen. Die Bereitstellung personenbezogener Daten ist weder vertraglich erforderlich noch notwendig f\u00fcr den Abschluss eines Vertrags. Sie sind nicht verpflichtet, die pers\u00f6nlichen Daten bereitzustellen. Wenn Sie die personenbezogenen Daten nicht bereitstellen, k\u00f6nnen wir Ihre Einwilligungen nicht verwalten.<\/p>\n\n\n\n<p>Status dieser Datenschutzerkl\u00e4rung: 12.04.2026<\/p>\n","protected":false},"excerpt":{"rendered":"<p>Wir freuen uns \u00fcber Ihr Interesse an unserer Homepage. Die Webseite wird betrieben von: Frank Schr\u00f6terSchenkebier Stanne 5734128 KasselTel: +49 (0) 179 &#8211; 3961651E-Mail: mail (at) kwsantiques.de Zur Nutzung der Webseite oder Erbringung von Dienstleistungen erfassen wir verschiedene Arten von Daten, die teilweise durch Sie als Nutzer zur Verf\u00fcgung gestellt werden und teilweise zur Nutzung &hellip; <\/p>\n<p class=\"link-more\"><a href=\"https:\/\/www.kwsantiques.de\/?page_id=264&#038;lang=de\" class=\"more-link\">Continue reading<span class=\"screen-reader-text\"> &#8220;Datenschutz&#8221;<\/span><\/a><\/p>\n","protected":false},"author":1,"featured_media":0,"parent":0,"menu_order":0,"comment_status":"closed","ping_status":"closed","template":"","meta":{"ngg_post_thumbnail":0,"iawp_total_views":4,"footnotes":""},"class_list":["post-264","page","type-page","status-publish","hentry"],"_links":{"self":[{"href":"https:\/\/www.kwsantiques.de\/index.php?rest_route=\/wp\/v2\/pages\/264","targetHints":{"allow":["GET"]}}],"collection":[{"href":"https:\/\/www.kwsantiques.de\/index.php?rest_route=\/wp\/v2\/pages"}],"about":[{"href":"https:\/\/www.kwsantiques.de\/index.php?rest_route=\/wp\/v2\/types\/page"}],"author":[{"embeddable":true,"href":"https:\/\/www.kwsantiques.de\/index.php?rest_route=\/wp\/v2\/users\/1"}],"replies":[{"embeddable":true,"href":"https:\/\/www.kwsantiques.de\/index.php?rest_route=%2Fwp%2Fv2%2Fcomments&post=264"}],"version-history":[{"count":3,"href":"https:\/\/www.kwsantiques.de\/index.php?rest_route=\/wp\/v2\/pages\/264\/revisions"}],"predecessor-version":[{"id":2181,"href":"https:\/\/www.kwsantiques.de\/index.php?rest_route=\/wp\/v2\/pages\/264\/revisions\/2181"}],"wp:attachment":[{"href":"https:\/\/www.kwsantiques.de\/index.php?rest_route=%2Fwp%2Fv2%2Fmedia&parent=264"}],"curies":[{"name":"wp","href":"https:\/\/api.w.org\/{rel}","templated":true}]}}